{"id":53975,"date":"2021-08-11T15:11:03","date_gmt":"2021-08-11T13:11:03","guid":{"rendered":"https:\/\/www.ceremonie-laique.fr\/weltliche-zeremonie-in-deutschland\/"},"modified":"2021-09-06T15:56:26","modified_gmt":"2021-09-06T13:56:26","slug":"weltliche-zeremonie-in-deutschland","status":"publish","type":"page","link":"https:\/\/www.ceremonie-laique.fr\/de\/weltliche-zeremonie-in-deutschland\/","title":{"rendered":"Weltliche Zeremonie in Deutschland"},"content":{"rendered":"\t\t<div data-elementor-type=\"wp-page\" data-elementor-id=\"53975\" class=\"elementor elementor-53975 elementor-51662\">\n\t\t\t\t\t\t<div class=\"elementor-inner\">\n\t\t\t\t<div class=\"elementor-section-wrap\">\n\t\t\t\t\t\t\t\t\t<section class=\"elementor-section elementor-top-section elementor-element elementor-element-43a563b elementor-section-boxed elementor-section-height-default elementor-section-height-default\" data-id=\"43a563b\" data-element_type=\"section\">\n\t\t\t\t\t\t<div class=\"elementor-container elementor-column-gap-default\">\n\t\t\t\t\t\t\t<div class=\"elementor-row\">\n\t\t\t\t\t<div class=\"elementor-column elementor-col-100 elementor-top-column elementor-element elementor-element-2694f87\" data-id=\"2694f87\" data-element_type=\"column\">\n\t\t\t<div class=\"elementor-column-wrap elementor-element-populated\">\n\t\t\t\t\t\t\t<div class=\"elementor-widget-wrap\">\n\t\t\t\t\t\t<div class=\"elementor-element elementor-element-1345bae elementor-widget elementor-widget-text-editor\" data-id=\"1345bae\" data-element_type=\"widget\" data-widget_type=\"text-editor.default\">\n\t\t\t\t<div class=\"elementor-widget-container\">\n\t\t\t\t\t\t\t\t<div class=\"elementor-text-editor elementor-clearfix\">\n\t\t\t\t<p><img decoding=\"async\" class=\"alignright wp-image-51072 size-full\" src=\"https:\/\/www.ceremonie-laique.fr\/wp-content\/uploads\/2021\/03\/Mariage-Allemagne.png\" alt=\"\" width=\"150\" height=\"191\" title=\"\"><\/p>\n<p>Im Herzen des europ\u00e4ischen Kontinents verf\u00fcgt Deutschland \u00fcber ein nat\u00fcrliches, historisches und kulturelles Erbe, das es Ihnen erm\u00f6glicht, eine idyllische Hochzeitsfeier zu organisieren! Viele Regionen bieten Orte und M\u00f6glichkeiten f\u00fcr Ihre Zeremonie: zwischen St\u00e4dten (Berlin, Hamburg, K\u00f6ln, M\u00fcnchen), Naturparks (Bayern, Alpen, Rheintal), Schl\u00f6ssern und historischen Denkm\u00e4lern, Sie haben die Wahl! <\/p>\n<p>Neben Geysiren in Andernach (Rheinland-Pfalz) wie in Island, in einer Gondel in Bamberg (Bayern) wie in Venedig, in einer Landschaft aus Herr der Ringe im Elbtal (Sachsen), in einem Feld lila Heidebl\u00fcten der L\u00fcneburger Heide wie der Lavendel der Provence, am Eibsee, dem t\u00fcrkisfarbenen See wie ein kanadischer See, im dichten Wald wie ein Dschungel, aber in Brandenburg (Spreewald), lassen Sie sich \u00fcberraschen von den vielen M\u00f6glichkeiten, die in Deutschland geboten werden! <\/p>\n<p>Die feudale Vergangenheit hat viele Denkm\u00e4ler und Burgen hinterlassen, von denen Sie heute eine herrliche Landschaft genie\u00dfen k\u00f6nnen. Wir k\u00f6nnen in keiner besonderen Reihenfolge erw\u00e4hnen: Schloss Weesenstein, Burg Cochem, die Insel Schloss Mirow in Mecklenburg-Vorpommern, die Festung Prunn, die Burg Anholt, und es gibt viele mehr! Deutschland ist voll von romantischen Orten f\u00fcr Verliebte: Schloss Neuschwanstein (Bayern), Feengrotten (Th\u00fcringen), Liebespfad (Poppenhausen, Hessen), Liebesbankweg (Hahnenklee-Bockswiese, Niedersachsen). <\/p>\n<p>Naturgem\u00e4\u00df bieten sich neben den bereits genannten Orten auch viele Naturparks, Fl\u00fcsse und Seen, H\u00fcgel, T\u00e4ler und Berge f\u00fcr Ihre weltliche Zeremonie an: Naturpark Frankenh\u00f6he, Naturpark Steigerwald, Arnsberger Wald, Nationalpark S\u00e4chsische Schweiz, Nationalpark Nieders\u00e4chsisches Wattenmeer, Unteres Odertal usw.<\/p>\n\t\t\t\t\t<\/div>\n\t\t\t\t\t\t<\/div>\n\t\t\t\t<\/div>\n\t\t\t\t<div class=\"elementor-element elementor-element-ecffc5e elementor-tabs-view-horizontal elementor-widget elementor-widget-tabs\" data-id=\"ecffc5e\" data-element_type=\"widget\" data-widget_type=\"tabs.default\">\n\t\t\t\t<div class=\"elementor-widget-container\">\n\t\t\t\t\t<div class=\"elementor-tabs\">\n\t\t\t<div class=\"elementor-tabs-wrapper\" role=\"tablist\" >\n\t\t\t\t\t\t\t\t\t<div id=\"elementor-tab-title-2481\" class=\"elementor-tab-title elementor-tab-desktop-title\" aria-selected=\"true\" data-tab=\"1\" role=\"tab\" tabindex=\"0\" aria-controls=\"elementor-tab-content-2481\" aria-expanded=\"false\"><a href=\"\">S\u00fcdliche Bundesl\u00e4nder<\/a><\/div>\n\t\t\t\t\t\t\t\t\t<div id=\"elementor-tab-title-2482\" class=\"elementor-tab-title elementor-tab-desktop-title\" aria-selected=\"false\" data-tab=\"2\" role=\"tab\" tabindex=\"-1\" aria-controls=\"elementor-tab-content-2482\" aria-expanded=\"false\"><a href=\"\">Westliche\/nordwestliche Bundesl\u00e4nder<\/a><\/div>\n\t\t\t\t\t\t\t\t\t<div id=\"elementor-tab-title-2483\" class=\"elementor-tab-title elementor-tab-desktop-title\" aria-selected=\"false\" data-tab=\"3\" role=\"tab\" tabindex=\"-1\" aria-controls=\"elementor-tab-content-2483\" aria-expanded=\"false\"><a href=\"\">N\u00f6rdliche und \u00f6stliche Bundesl\u00e4nder<\/a><\/div>\n\t\t\t\t\t\t\t\t\t<div id=\"elementor-tab-title-2484\" class=\"elementor-tab-title elementor-tab-desktop-title\" aria-selected=\"false\" data-tab=\"4\" role=\"tab\" tabindex=\"-1\" aria-controls=\"elementor-tab-content-2484\" aria-expanded=\"false\"><a href=\"\">Zentrale Bundesl\u00e4nder<\/a><\/div>\n\t\t\t\t\t\t\t<\/div>\n\t\t\t<div class=\"elementor-tabs-content-wrapper\" role=\"tablist\" aria-orientation=\"vertical\">\n\t\t\t\t\t\t\t\t\t<div class=\"elementor-tab-title elementor-tab-mobile-title\" aria-selected=\"true\" data-tab=\"1\" role=\"tab\" tabindex=\"0\" aria-controls=\"elementor-tab-content-2481\" aria-expanded=\"false\">S\u00fcdliche Bundesl\u00e4nder<\/div>\n\t\t\t\t\t<div id=\"elementor-tab-content-2481\" class=\"elementor-tab-content elementor-clearfix\" data-tab=\"1\" role=\"tabpanel\" aria-labelledby=\"elementor-tab-title-2481\" tabindex=\"0\" hidden=\"false\"><ul>\n<li>Baden-W\u00fcrttemberg<\/li>\n<li>Bayern<\/li>\n<\/ul>\n<\/div>\n\t\t\t\t\t\t\t\t\t<div class=\"elementor-tab-title elementor-tab-mobile-title\" aria-selected=\"false\" data-tab=\"2\" role=\"tab\" tabindex=\"-1\" aria-controls=\"elementor-tab-content-2482\" aria-expanded=\"false\">Westliche\/nordwestliche Bundesl\u00e4nder<\/div>\n\t\t\t\t\t<div id=\"elementor-tab-content-2482\" class=\"elementor-tab-content elementor-clearfix\" data-tab=\"2\" role=\"tabpanel\" aria-labelledby=\"elementor-tab-title-2482\" tabindex=\"0\" hidden=\"hidden\"><ul>\n<li>Bremen<\/li>\n<li>Nordsachsen<\/li>\n<li>Nordwestfalen<\/li>\n<li>Rheinland-Pfalz<\/li>\n<li>Sarland<\/li>\n<\/ul>\n<\/div>\n\t\t\t\t\t\t\t\t\t<div class=\"elementor-tab-title elementor-tab-mobile-title\" aria-selected=\"false\" data-tab=\"3\" role=\"tab\" tabindex=\"-1\" aria-controls=\"elementor-tab-content-2483\" aria-expanded=\"false\">N\u00f6rdliche und \u00f6stliche Bundesl\u00e4nder<\/div>\n\t\t\t\t\t<div id=\"elementor-tab-content-2483\" class=\"elementor-tab-content elementor-clearfix\" data-tab=\"3\" role=\"tabpanel\" aria-labelledby=\"elementor-tab-title-2483\" tabindex=\"0\" hidden=\"hidden\"><ul>\n<li>Berlin<\/li>\n<li>Brandenburg<\/li>\n<li>Hamburg<\/li>\n<li>Mecklenburg-Vorpommern<\/li>\n<li>Sachsen<\/li>\n<li>Sachsen-Anhalt<\/li>\n<li>Schleswig-Holstein<\/li>\n<\/ul>\n<\/div>\n\t\t\t\t\t\t\t\t\t<div class=\"elementor-tab-title elementor-tab-mobile-title\" aria-selected=\"false\" data-tab=\"4\" role=\"tab\" tabindex=\"-1\" aria-controls=\"elementor-tab-content-2484\" aria-expanded=\"false\">Zentrale Bundesl\u00e4nder<\/div>\n\t\t\t\t\t<div id=\"elementor-tab-content-2484\" class=\"elementor-tab-content elementor-clearfix\" data-tab=\"4\" role=\"tabpanel\" aria-labelledby=\"elementor-tab-title-2484\" tabindex=\"0\" hidden=\"hidden\"><ul>\n<li>Hessen<\/li>\n<li>Th\u00fcringen<\/li>\n<\/ul>\n<\/div>\n\t\t\t\t\t\t\t<\/div>\n\t\t<\/div>\n\t\t\t\t<\/div>\n\t\t\t\t<\/div>\n\t\t\t\t\t\t<\/div>\n\t\t\t\t\t<\/div>\n\t\t<\/div>\n\t\t\t\t\t\t\t\t<\/div>\n\t\t\t\t\t<\/div>\n\t\t<\/section>\n\t\t\t\t<section class=\"elementor-section elementor-top-section elementor-element elementor-element-63222ca elementor-section-boxed elementor-section-height-default elementor-section-height-default\" data-id=\"63222ca\" data-element_type=\"section\">\n\t\t\t\t\t\t<div class=\"elementor-container elementor-column-gap-default\">\n\t\t\t\t\t\t\t<div class=\"elementor-row\">\n\t\t\t\t\t<div class=\"elementor-column elementor-col-100 elementor-top-column elementor-element elementor-element-7c77d61\" data-id=\"7c77d61\" data-element_type=\"column\">\n\t\t\t<div class=\"elementor-column-wrap elementor-element-populated\">\n\t\t\t\t\t\t\t<div class=\"elementor-widget-wrap\">\n\t\t\t\t\t\t<div class=\"elementor-element elementor-element-ae0e436 elementor-widget elementor-widget-listeo-headline\" data-id=\"ae0e436\" data-element_type=\"widget\" data-widget_type=\"listeo-headline.default\">\n\t\t\t\t<div class=\"elementor-widget-container\">\n\t\t\t\t\t<h3 \n\t\tstyle=\"text-align:center;\" class=\"headline  headline-aligned-to-center headline-extra-spacing headline-box \"> Weltliche Zeremonienbeamte in Deutschland <\/h3>\n\t\t\t\t<\/div>\n\t\t\t\t<\/div>\n\t\t\t\t<div class=\"elementor-element elementor-element-67b3216 elementor-widget elementor-widget-listeo-listings\" data-id=\"67b3216\" data-element_type=\"widget\" data-widget_type=\"listeo-listings.default\">\n\t\t\t\t<div class=\"elementor-widget-container\">\n\t\t\t\n\t\t\t<div class=\"row margin-bottom-25\">\n\n\t\t\t\t\n\n\n<!-- Sorting \/ Layout Switcher -->\n\t\t<div class=\"col-md-12\">\n\t\t\t\t<div class=\"fullwidth-filters  ajax-search \">\n\n\t\t\t\n\t\t\t\n\t\t\t\t\t\t\t<!-- Sort by -->\n\t\t\t\t<div class=\"sort-by\">\n\t\t\t\t\t<div class=\"sort-by-select\">\n\t\t\t\t\t\t\t\t\t\t\t\t<select form=\"listeo_core-search-form\" name=\"listeo_core_order\" data-placeholder=\"Standard Order\" class=\"select2-sortby orderby\">\n\t\t\t\t\t\t\t<option  value=\"default\">Standard<\/option>\n\t\t\t\t\t\t\t<option  value=\"highest-rated\">H\u00f6chste Bewertung<\/option>\n\t\t\t\t\t\t\t\t\t\t\t\t\t\t\t<option  value=\"reviewed\">Meist bewertet<\/option>\n\t\t\t\t\t\t\t\t\t\t\t\t\t\t<option  value=\"date-desc\">Neueste Beitr\u00e4ge<\/option>\n\t\t\t\t\t\t\t<option  value=\"date-asc\">\u00c4lteste Listings<\/option>\n\t\t\t\t\t\t\t<option  value=\"title\">Alphabetisch<\/option>\n\t\t\t\t\t\t\t<option  selected='selected' value=\"featured\">Featured<\/option>\n\t\t\t\t\t\t\t<option  value=\"views\">Die meisten Aufrufe<\/option>\n\t\t\t\t\t\t\t<option  value=\"verified\">Verifiziert<\/option>\n\t\t\t\t\t\t\t<option  value=\"upcoming-event\">Upcoming Event<\/option>\n\t\t\t\t\t\t\t<option  value=\"rand\">Zuf\u00e4llig<\/option>\n\t\t\t\t\t\t<\/select>\n\t\t\t\t\t<\/div>\n\t\t\t\t<\/div>\n\t\t\t\t<!-- Sort by \/ End -->\n\t\t\t\n\t\t<\/div>\n\t\t<\/div>\t\t\t<\/div>\n\t\t<div id=\"listeo-listings-container\">\r\n\t\t\t\t\t\t\t<div class=\"loader-ajax-container\" style=\"\"> <div class=\"loader-ajax\"><\/div> <\/div>\r\n<section id=\"listings-not-found\" class=\"margin-bottom-50 col-md-12\">\r\n\t<h2>Es wurden keine Fachleute gefunden<\/h2>\r\n\t<p>Es tut uns leid, aber wir haben keine Eintr\u00e4ge, die zu Ihrer Suche passen, versuchen Sie, Ihre Sucheinstellungen zu \u00e4ndern<\/p>\r\n<\/section>\r\n<\/div>\t\t<\/div>\n\t\t\t\t<\/div>\n\t\t\t\t\t\t<\/div>\n\t\t\t\t\t<\/div>\n\t\t<\/div>\n\t\t\t\t\t\t\t\t<\/div>\n\t\t\t\t\t<\/div>\n\t\t<\/section>\n\t\t\t\t<section class=\"elementor-section elementor-top-section elementor-element elementor-element-0dbcfd1 elementor-section-boxed elementor-section-height-default elementor-section-height-default\" data-id=\"0dbcfd1\" data-element_type=\"section\">\n\t\t\t\t\t\t<div class=\"elementor-container elementor-column-gap-default\">\n\t\t\t\t\t\t\t<div class=\"elementor-row\">\n\t\t\t\t\t<div class=\"elementor-column elementor-col-100 elementor-top-column elementor-element elementor-element-a08ff8b\" data-id=\"a08ff8b\" data-element_type=\"column\">\n\t\t\t<div class=\"elementor-column-wrap elementor-element-populated\">\n\t\t\t\t\t\t\t<div class=\"elementor-widget-wrap\">\n\t\t\t\t\t\t<div class=\"elementor-element elementor-element-ddc7eae elementor-widget elementor-widget-listeo-headline\" data-id=\"ddc7eae\" data-element_type=\"widget\" data-widget_type=\"listeo-headline.default\">\n\t\t\t\t<div class=\"elementor-widget-container\">\n\t\t\t\t\t<h3 \n\t\tstyle=\"text-align:center;\" class=\"headline  headline-aligned-to-center headline-extra-spacing headline-box \"> Hochzeitsplaner in Deutschland <\/h3>\n\t\t\t\t<\/div>\n\t\t\t\t<\/div>\n\t\t\t\t<div class=\"elementor-element elementor-element-c442477 elementor-widget elementor-widget-listeo-listings\" data-id=\"c442477\" data-element_type=\"widget\" data-widget_type=\"listeo-listings.default\">\n\t\t\t\t<div class=\"elementor-widget-container\">\n\t\t\t\n\t\t\t<div class=\"row margin-bottom-25\">\n\n\t\t\t\t\n\n\n<!-- Sorting \/ Layout Switcher -->\n\t\t<div class=\"col-md-12\">\n\t\t\t\t<div class=\"fullwidth-filters  ajax-search \">\n\n\t\t\t\n\t\t\t\n\t\t\t\t\t\t\t<!-- Sort by -->\n\t\t\t\t<div class=\"sort-by\">\n\t\t\t\t\t<div class=\"sort-by-select\">\n\t\t\t\t\t\t\t\t\t\t\t\t<select form=\"listeo_core-search-form\" name=\"listeo_core_order\" data-placeholder=\"Standard Order\" class=\"select2-sortby orderby\">\n\t\t\t\t\t\t\t<option  value=\"default\">Standard<\/option>\n\t\t\t\t\t\t\t<option  value=\"highest-rated\">H\u00f6chste Bewertung<\/option>\n\t\t\t\t\t\t\t\t\t\t\t\t\t\t\t<option  value=\"reviewed\">Meist bewertet<\/option>\n\t\t\t\t\t\t\t\t\t\t\t\t\t\t<option  value=\"date-desc\">Neueste Beitr\u00e4ge<\/option>\n\t\t\t\t\t\t\t<option  value=\"date-asc\">\u00c4lteste Listings<\/option>\n\t\t\t\t\t\t\t<option  value=\"title\">Alphabetisch<\/option>\n\t\t\t\t\t\t\t<option  selected='selected' value=\"featured\">Featured<\/option>\n\t\t\t\t\t\t\t<option  value=\"views\">Die meisten Aufrufe<\/option>\n\t\t\t\t\t\t\t<option  value=\"verified\">Verifiziert<\/option>\n\t\t\t\t\t\t\t<option  value=\"upcoming-event\">Upcoming Event<\/option>\n\t\t\t\t\t\t\t<option  value=\"rand\">Zuf\u00e4llig<\/option>\n\t\t\t\t\t\t<\/select>\n\t\t\t\t\t<\/div>\n\t\t\t\t<\/div>\n\t\t\t\t<!-- Sort by \/ End -->\n\t\t\t\n\t\t<\/div>\n\t\t<\/div>\t\t\t<\/div>\n\t\t<div id=\"listeo-listings-container\">\r\n\t\t\t\t\t\t\t<div class=\"loader-ajax-container\" style=\"\"> <div class=\"loader-ajax\"><\/div> <\/div>\r\n<section id=\"listings-not-found\" class=\"margin-bottom-50 col-md-12\">\r\n\t<h2>Es wurden keine Fachleute gefunden<\/h2>\r\n\t<p>Es tut uns leid, aber wir haben keine Eintr\u00e4ge, die zu Ihrer Suche passen, versuchen Sie, Ihre Sucheinstellungen zu \u00e4ndern<\/p>\r\n<\/section>\r\n<\/div>\t\t<\/div>\n\t\t\t\t<\/div>\n\t\t\t\t\t\t<\/div>\n\t\t\t\t\t<\/div>\n\t\t<\/div>\n\t\t\t\t\t\t\t\t<\/div>\n\t\t\t\t\t<\/div>\n\t\t<\/section>\n\t\t\t\t<section class=\"elementor-section elementor-top-section elementor-element elementor-element-8be5e6e elementor-section-boxed elementor-section-height-default elementor-section-height-default\" data-id=\"8be5e6e\" data-element_type=\"section\">\n\t\t\t\t\t\t<div class=\"elementor-container elementor-column-gap-default\">\n\t\t\t\t\t\t\t<div class=\"elementor-row\">\n\t\t\t\t\t<div class=\"elementor-column elementor-col-100 elementor-top-column elementor-element elementor-element-4663f3c\" data-id=\"4663f3c\" data-element_type=\"column\">\n\t\t\t<div class=\"elementor-column-wrap elementor-element-populated\">\n\t\t\t\t\t\t\t<div class=\"elementor-widget-wrap\">\n\t\t\t\t\t\t<div class=\"elementor-element elementor-element-dd4c742 elementor-widget elementor-widget-listeo-headline\" data-id=\"dd4c742\" data-element_type=\"widget\" data-widget_type=\"listeo-headline.default\">\n\t\t\t\t<div class=\"elementor-widget-container\">\n\t\t\t\t\t<h3 \n\t\tstyle=\"text-align:center;\" class=\"headline  headline-aligned-to-center headline-extra-spacing headline-box \"> Bestattungsinstitute <\/h3>\n\t\t\t\t<\/div>\n\t\t\t\t<\/div>\n\t\t\t\t<div class=\"elementor-element elementor-element-48a949a elementor-widget elementor-widget-listeo-listings\" data-id=\"48a949a\" data-element_type=\"widget\" data-widget_type=\"listeo-listings.default\">\n\t\t\t\t<div class=\"elementor-widget-container\">\n\t\t\t\n\t\t\t<div class=\"row margin-bottom-25\">\n\n\t\t\t\t\n\n\n<!-- Sorting \/ Layout Switcher -->\n\t\t<div class=\"col-md-12\">\n\t\t\t\t<div class=\"fullwidth-filters  ajax-search \">\n\n\t\t\t\n\t\t\t\n\t\t\t\t\t\t\t<!-- Sort by -->\n\t\t\t\t<div class=\"sort-by\">\n\t\t\t\t\t<div class=\"sort-by-select\">\n\t\t\t\t\t\t\t\t\t\t\t\t<select form=\"listeo_core-search-form\" name=\"listeo_core_order\" data-placeholder=\"Standard Order\" class=\"select2-sortby orderby\">\n\t\t\t\t\t\t\t<option  value=\"default\">Standard<\/option>\n\t\t\t\t\t\t\t<option  value=\"highest-rated\">H\u00f6chste Bewertung<\/option>\n\t\t\t\t\t\t\t\t\t\t\t\t\t\t\t<option  value=\"reviewed\">Meist bewertet<\/option>\n\t\t\t\t\t\t\t\t\t\t\t\t\t\t<option  value=\"date-desc\">Neueste Beitr\u00e4ge<\/option>\n\t\t\t\t\t\t\t<option  value=\"date-asc\">\u00c4lteste Listings<\/option>\n\t\t\t\t\t\t\t<option  value=\"title\">Alphabetisch<\/option>\n\t\t\t\t\t\t\t<option  selected='selected' value=\"featured\">Featured<\/option>\n\t\t\t\t\t\t\t<option  value=\"views\">Die meisten Aufrufe<\/option>\n\t\t\t\t\t\t\t<option  value=\"verified\">Verifiziert<\/option>\n\t\t\t\t\t\t\t<option  value=\"upcoming-event\">Upcoming Event<\/option>\n\t\t\t\t\t\t\t<option  value=\"rand\">Zuf\u00e4llig<\/option>\n\t\t\t\t\t\t<\/select>\n\t\t\t\t\t<\/div>\n\t\t\t\t<\/div>\n\t\t\t\t<!-- Sort by \/ End -->\n\t\t\t\n\t\t<\/div>\n\t\t<\/div>\t\t\t<\/div>\n\t\t<div id=\"listeo-listings-container\">\r\n\t\t\t\t\t\t\t<div class=\"loader-ajax-container\" style=\"\"> <div class=\"loader-ajax\"><\/div> <\/div>\r\n<section id=\"listings-not-found\" class=\"margin-bottom-50 col-md-12\">\r\n\t<h2>Es wurden keine Fachleute gefunden<\/h2>\r\n\t<p>Es tut uns leid, aber wir haben keine Eintr\u00e4ge, die zu Ihrer Suche passen, versuchen Sie, Ihre Sucheinstellungen zu \u00e4ndern<\/p>\r\n<\/section>\r\n<\/div>\t\t<\/div>\n\t\t\t\t<\/div>\n\t\t\t\t\t\t<\/div>\n\t\t\t\t\t<\/div>\n\t\t<\/div>\n\t\t\t\t\t\t\t\t<\/div>\n\t\t\t\t\t<\/div>\n\t\t<\/section>\n\t\t\t\t<section class=\"elementor-section elementor-top-section elementor-element elementor-element-1ab3e3b elementor-section-boxed elementor-section-height-default elementor-section-height-default\" data-id=\"1ab3e3b\" data-element_type=\"section\">\n\t\t\t\t\t\t<div class=\"elementor-container elementor-column-gap-default\">\n\t\t\t\t\t\t\t<div class=\"elementor-row\">\n\t\t\t\t\t<div class=\"elementor-column elementor-col-100 elementor-top-column elementor-element elementor-element-d73e495\" data-id=\"d73e495\" data-element_type=\"column\">\n\t\t\t<div class=\"elementor-column-wrap elementor-element-populated\">\n\t\t\t\t\t\t\t<div class=\"elementor-widget-wrap\">\n\t\t\t\t\t\t<div class=\"elementor-element elementor-element-5a1f712 elementor-widget elementor-widget-listeo-headline\" data-id=\"5a1f712\" data-element_type=\"widget\" data-widget_type=\"listeo-headline.default\">\n\t\t\t\t<div class=\"elementor-widget-container\">\n\t\t\t\t\t<h3 \n\t\tstyle=\"text-align:center;\" class=\"headline  headline-aligned-to-center headline-extra-spacing headline-box \"> Schulung und Coaching <\/h3>\n\t\t\t\t<\/div>\n\t\t\t\t<\/div>\n\t\t\t\t<div class=\"elementor-element elementor-element-f7a6fcf elementor-widget elementor-widget-listeo-listings\" data-id=\"f7a6fcf\" data-element_type=\"widget\" data-widget_type=\"listeo-listings.default\">\n\t\t\t\t<div class=\"elementor-widget-container\">\n\t\t\t\n\t\t\t<div class=\"row margin-bottom-25\">\n\n\t\t\t\t\n\n\n<!-- Sorting \/ Layout Switcher -->\n\t\t<div class=\"col-md-12\">\n\t\t\t\t<div class=\"fullwidth-filters  ajax-search \">\n\n\t\t\t\n\t\t\t\n\t\t\t\t\t\t\t<!-- Sort by -->\n\t\t\t\t<div class=\"sort-by\">\n\t\t\t\t\t<div class=\"sort-by-select\">\n\t\t\t\t\t\t\t\t\t\t\t\t<select form=\"listeo_core-search-form\" name=\"listeo_core_order\" data-placeholder=\"Standard Order\" class=\"select2-sortby orderby\">\n\t\t\t\t\t\t\t<option  value=\"default\">Standard<\/option>\n\t\t\t\t\t\t\t<option  value=\"highest-rated\">H\u00f6chste Bewertung<\/option>\n\t\t\t\t\t\t\t\t\t\t\t\t\t\t\t<option  value=\"reviewed\">Meist bewertet<\/option>\n\t\t\t\t\t\t\t\t\t\t\t\t\t\t<option  value=\"date-desc\">Neueste Beitr\u00e4ge<\/option>\n\t\t\t\t\t\t\t<option  value=\"date-asc\">\u00c4lteste Listings<\/option>\n\t\t\t\t\t\t\t<option  value=\"title\">Alphabetisch<\/option>\n\t\t\t\t\t\t\t<option  selected='selected' value=\"featured\">Featured<\/option>\n\t\t\t\t\t\t\t<option  value=\"views\">Die meisten Aufrufe<\/option>\n\t\t\t\t\t\t\t<option  value=\"verified\">Verifiziert<\/option>\n\t\t\t\t\t\t\t<option  value=\"upcoming-event\">Upcoming Event<\/option>\n\t\t\t\t\t\t\t<option  value=\"rand\">Zuf\u00e4llig<\/option>\n\t\t\t\t\t\t<\/select>\n\t\t\t\t\t<\/div>\n\t\t\t\t<\/div>\n\t\t\t\t<!-- Sort by \/ End -->\n\t\t\t\n\t\t<\/div>\n\t\t<\/div>\t\t\t<\/div>\n\t\t<div id=\"listeo-listings-container\">\r\n\t\t\t\t\t\t\t<div class=\"loader-ajax-container\" style=\"\"> <div class=\"loader-ajax\"><\/div> <\/div>\r\n<section id=\"listings-not-found\" class=\"margin-bottom-50 col-md-12\">\r\n\t<h2>Es wurden keine Fachleute gefunden<\/h2>\r\n\t<p>Es tut uns leid, aber wir haben keine Eintr\u00e4ge, die zu Ihrer Suche passen, versuchen Sie, Ihre Sucheinstellungen zu \u00e4ndern<\/p>\r\n<\/section>\r\n<\/div>\t\t<\/div>\n\t\t\t\t<\/div>\n\t\t\t\t\t\t<\/div>\n\t\t\t\t\t<\/div>\n\t\t<\/div>\n\t\t\t\t\t\t\t\t<\/div>\n\t\t\t\t\t<\/div>\n\t\t<\/section>\n\t\t\t\t\t\t\t\t\t<\/div>\n\t\t\t<\/div>\n\t\t\t\t\t<\/div>\n\t\t","protected":false},"excerpt":{"rendered":"<p>Im Herzen des europ\u00e4ischen Kontinents verf\u00fcgt Deutschland \u00fcber ein nat\u00fcrliches, historisches und kulturelles Erbe, das es Ihnen erm\u00f6glicht, eine idyllische Hochzeitsfeier zu organisieren! Viele Regionen bieten Orte und M\u00f6glichkeiten f\u00fcr Ihre Zeremonie: zwischen St\u00e4dten (Berlin, Hamburg, K\u00f6ln, M\u00fcnchen), Naturparks (Bayern, Alpen, Rheintal), Schl\u00f6ssern und historischen Denkm\u00e4lern, Sie haben die Wahl! Neben Geysiren in Andernach (Rheinland-Pfalz) [&hellip;]<\/p>\n","protected":false},"author":1,"featured_media":0,"parent":0,"menu_order":0,"comment_status":"closed","ping_status":"closed","template":"","meta":{"_vp_format_video_url":"","_vp_image_focal_point":[],"footnotes":""},"class_list":["post-53975","page","type-page","status-publish","hentry"],"amp_enabled":true,"_links":{"self":[{"href":"https:\/\/www.ceremonie-laique.fr\/de\/wp-json\/wp\/v2\/pages\/53975","targetHints":{"allow":["GET"]}}],"collection":[{"href":"https:\/\/www.ceremonie-laique.fr\/de\/wp-json\/wp\/v2\/pages"}],"about":[{"href":"https:\/\/www.ceremonie-laique.fr\/de\/wp-json\/wp\/v2\/types\/page"}],"author":[{"embeddable":true,"href":"https:\/\/www.ceremonie-laique.fr\/de\/wp-json\/wp\/v2\/users\/1"}],"replies":[{"embeddable":true,"href":"https:\/\/www.ceremonie-laique.fr\/de\/wp-json\/wp\/v2\/comments?post=53975"}],"version-history":[{"count":0,"href":"https:\/\/www.ceremonie-laique.fr\/de\/wp-json\/wp\/v2\/pages\/53975\/revisions"}],"wp:attachment":[{"href":"https:\/\/www.ceremonie-laique.fr\/de\/wp-json\/wp\/v2\/media?parent=53975"}],"curies":[{"name":"wp","href":"https:\/\/api.w.org\/{rel}","templated":true}]}}