{"id":53981,"date":"2021-08-11T15:15:38","date_gmt":"2021-08-11T13:15:38","guid":{"rendered":"https:\/\/www.ceremonie-laique.fr\/weltliche-zeremonie-in-belgien\/"},"modified":"2021-09-06T15:58:22","modified_gmt":"2021-09-06T13:58:22","slug":"weltliche-zeremonie-in-belgien","status":"publish","type":"page","link":"https:\/\/www.ceremonie-laique.fr\/de\/weltliche-zeremonie-in-belgien\/","title":{"rendered":"Weltliche Zeremonie in Belgien"},"content":{"rendered":"\t\t<div data-elementor-type=\"wp-page\" data-elementor-id=\"53981\" class=\"elementor elementor-53981 elementor-51672\">\n\t\t\t\t\t\t<div class=\"elementor-inner\">\n\t\t\t\t<div class=\"elementor-section-wrap\">\n\t\t\t\t\t\t\t\t\t<section class=\"elementor-section elementor-top-section elementor-element elementor-element-b146d1e elementor-section-boxed elementor-section-height-default elementor-section-height-default\" data-id=\"b146d1e\" data-element_type=\"section\">\n\t\t\t\t\t\t<div class=\"elementor-container elementor-column-gap-default\">\n\t\t\t\t\t\t\t<div class=\"elementor-row\">\n\t\t\t\t\t<div class=\"elementor-column elementor-col-100 elementor-top-column elementor-element elementor-element-d858d33\" data-id=\"d858d33\" data-element_type=\"column\">\n\t\t\t<div class=\"elementor-column-wrap elementor-element-populated\">\n\t\t\t\t\t\t\t<div class=\"elementor-widget-wrap\">\n\t\t\t\t\t\t<div class=\"elementor-element elementor-element-500de47 elementor-widget elementor-widget-text-editor\" data-id=\"500de47\" data-element_type=\"widget\" data-widget_type=\"text-editor.default\">\n\t\t\t\t<div class=\"elementor-widget-container\">\n\t\t\t\t\t\t\t\t<div class=\"elementor-text-editor elementor-clearfix\">\n\t\t\t\t<p><img decoding=\"async\" class=\"alignright wp-image-51073 size-full\" src=\"https:\/\/www.ceremonie-laique.fr\/wp-content\/uploads\/2021\/03\/Mariage-Belgique.png\" alt=\"\" width=\"217\" height=\"150\" title=\"\"><\/p>\n<p><strong>Finden Sie einen Zelebranten, der eine Trauung in Belgien durchf\u00fchrt!<\/strong> Belgien ist nicht unbedingt das erste Ziel, das man w\u00e4hlt, um eine weltliche Trauung zu organisieren, da das benachbarte Frankreich von vornherein mehr M\u00f6glichkeiten daf\u00fcr hat. Und doch! In Belgien mangelt es nicht an Charme oder au\u00dfergew\u00f6hnlichen Orten f\u00fcr eine sch\u00f6ne Zeremonie&#8230;<\/p>\n<p>Zuallererst sollten Sie sich von dem Gedanken verabschieden, in der H\u00f6he zu heiraten! Als flaches Land par excellence ist Belgien im Wesentlichen h\u00fcgelig, mit gro\u00dfen W\u00e4ldern und gr\u00fcnen Fl\u00e4chen.<\/p>\n<p>Das Herz der fr\u00e4nkischen Kultur vor tausend Jahren, die belgische Geschichte ist sehr reich: Es gibt keinen Mangel an typischen Orten, voller Geschichte und Charme. Sie finden authentische Bauernh\u00f6fe im Herzen der fl\u00e4mischen Ardennen, Pferderennbahnen, alte Kasinos, aber auch herrliche Landg\u00fcter (Domaine Al Poudre, Domaine d&#8217;H\u00e9l\u00e9cine, Orangerie de Beauval&#8230;), typische Wohnsitze (Manoir de L\u00e9bioles, Het Huis Happaert. &#8230;), Abteien (Abbaye de Nizelles&#8230;) und Schl\u00f6sser (Ch\u00e2teau Fond&#8217;Roy, Ch\u00e2teau Bayard, Ch\u00e2teau de Ruisbroek, Gravensteen, Ch\u00e2teau de Modave&#8230;).<\/p>\n<p>.<\/p>\n\t\t\t\t\t<\/div>\n\t\t\t\t\t\t<\/div>\n\t\t\t\t<\/div>\n\t\t\t\t\t\t<\/div>\n\t\t\t\t\t<\/div>\n\t\t<\/div>\n\t\t\t\t\t\t\t\t<\/div>\n\t\t\t\t\t<\/div>\n\t\t<\/section>\n\t\t\t\t<section class=\"elementor-section elementor-top-section elementor-element elementor-element-eb9b9a1 elementor-section-boxed elementor-section-height-default elementor-section-height-default\" data-id=\"eb9b9a1\" data-element_type=\"section\" data-settings=\"{&quot;background_background&quot;:&quot;classic&quot;}\">\n\t\t\t\t\t\t<div class=\"elementor-container elementor-column-gap-default\">\n\t\t\t\t\t\t\t<div class=\"elementor-row\">\n\t\t\t\t\t<div class=\"elementor-column elementor-col-33 elementor-top-column elementor-element elementor-element-ee5e071\" data-id=\"ee5e071\" data-element_type=\"column\">\n\t\t\t<div class=\"elementor-column-wrap elementor-element-populated\">\n\t\t\t\t\t\t\t<div class=\"elementor-widget-wrap\">\n\t\t\t\t\t\t<div class=\"elementor-element elementor-element-34bc2a6 elementor-widget elementor-widget-image\" data-id=\"34bc2a6\" data-element_type=\"widget\" data-widget_type=\"image.default\">\n\t\t\t\t<div class=\"elementor-widget-container\">\n\t\t\t\t\t\t\t\t<div class=\"elementor-image\">\n\t\t\t\t\t\t\t\t\t\t\t\t<img decoding=\"async\" width=\"150\" height=\"150\" src=\"https:\/\/www.ceremonie-laique.fr\/wp-content\/uploads\/2021\/05\/Wallonie-150x150.jpg\" class=\"attachment-thumbnail size-thumbnail wp-image-51953\" alt=\"\" srcset=\"https:\/\/www.ceremonie-laique.fr\/wp-content\/uploads\/2021\/05\/Wallonie-150x150.jpg 150w, https:\/\/www.ceremonie-laique.fr\/wp-content\/uploads\/2021\/05\/Wallonie-300x300.jpg 300w, https:\/\/www.ceremonie-laique.fr\/wp-content\/uploads\/2021\/05\/Wallonie-100x100.jpg 100w, https:\/\/www.ceremonie-laique.fr\/wp-content\/uploads\/2021\/05\/Wallonie-200x200.jpg 200w\" sizes=\"(max-width: 150px) 100vw, 150px\" title=\"\">\t\t\t\t\t\t\t\t\t\t\t\t\t\t<\/div>\n\t\t\t\t\t\t<\/div>\n\t\t\t\t<\/div>\n\t\t\t\t<div class=\"elementor-element elementor-element-cff19d6 elementor-widget elementor-widget-text-editor\" data-id=\"cff19d6\" data-element_type=\"widget\" data-widget_type=\"text-editor.default\">\n\t\t\t\t<div class=\"elementor-widget-container\">\n\t\t\t\t\t\t\t\t<div class=\"elementor-text-editor elementor-clearfix\">\n\t\t\t\t<p style=\"text-align: center;\">Die Amtstr\u00e4ger der Wallonie<\/p>\n\t\t\t\t\t<\/div>\n\t\t\t\t\t\t<\/div>\n\t\t\t\t<\/div>\n\t\t\t\t\t\t<\/div>\n\t\t\t\t\t<\/div>\n\t\t<\/div>\n\t\t\t\t<div class=\"elementor-column elementor-col-33 elementor-top-column elementor-element elementor-element-6abbd5e\" data-id=\"6abbd5e\" data-element_type=\"column\">\n\t\t\t<div class=\"elementor-column-wrap elementor-element-populated\">\n\t\t\t\t\t\t\t<div class=\"elementor-widget-wrap\">\n\t\t\t\t\t\t<div class=\"elementor-element elementor-element-5d07361 elementor-widget elementor-widget-image\" data-id=\"5d07361\" data-element_type=\"widget\" data-widget_type=\"image.default\">\n\t\t\t\t<div class=\"elementor-widget-container\">\n\t\t\t\t\t\t\t\t<div class=\"elementor-image\">\n\t\t\t\t\t\t\t\t\t\t\t\t<img decoding=\"async\" width=\"150\" height=\"150\" src=\"https:\/\/www.ceremonie-laique.fr\/wp-content\/uploads\/2021\/05\/Bruxelles-150x150.jpg\" class=\"attachment-thumbnail size-thumbnail wp-image-51955\" alt=\"\" srcset=\"https:\/\/www.ceremonie-laique.fr\/wp-content\/uploads\/2021\/05\/Bruxelles-150x150.jpg 150w, https:\/\/www.ceremonie-laique.fr\/wp-content\/uploads\/2021\/05\/Bruxelles-300x300.jpg 300w, https:\/\/www.ceremonie-laique.fr\/wp-content\/uploads\/2021\/05\/Bruxelles-100x100.jpg 100w, https:\/\/www.ceremonie-laique.fr\/wp-content\/uploads\/2021\/05\/Bruxelles-200x200.jpg 200w\" sizes=\"(max-width: 150px) 100vw, 150px\" title=\"\">\t\t\t\t\t\t\t\t\t\t\t\t\t\t<\/div>\n\t\t\t\t\t\t<\/div>\n\t\t\t\t<\/div>\n\t\t\t\t<div class=\"elementor-element elementor-element-2b879e3 elementor-widget elementor-widget-text-editor\" data-id=\"2b879e3\" data-element_type=\"widget\" data-widget_type=\"text-editor.default\">\n\t\t\t\t<div class=\"elementor-widget-container\">\n\t\t\t\t\t\t\t\t<div class=\"elementor-text-editor elementor-clearfix\">\n\t\t\t\t<p style=\"text-align: center;\">Die Br\u00fcsseler Amtstr\u00e4ger<\/p>\n\t\t\t\t\t<\/div>\n\t\t\t\t\t\t<\/div>\n\t\t\t\t<\/div>\n\t\t\t\t\t\t<\/div>\n\t\t\t\t\t<\/div>\n\t\t<\/div>\n\t\t\t\t<div class=\"elementor-column elementor-col-33 elementor-top-column elementor-element elementor-element-a6d48ad\" data-id=\"a6d48ad\" data-element_type=\"column\">\n\t\t\t<div class=\"elementor-column-wrap elementor-element-populated\">\n\t\t\t\t\t\t\t<div class=\"elementor-widget-wrap\">\n\t\t\t\t\t\t<div class=\"elementor-element elementor-element-675b57e elementor-widget elementor-widget-image\" data-id=\"675b57e\" data-element_type=\"widget\" data-widget_type=\"image.default\">\n\t\t\t\t<div class=\"elementor-widget-container\">\n\t\t\t\t\t\t\t\t<div class=\"elementor-image\">\n\t\t\t\t\t\t\t\t\t\t\t\t<img decoding=\"async\" width=\"150\" height=\"150\" src=\"https:\/\/www.ceremonie-laique.fr\/wp-content\/uploads\/2021\/05\/Flandres-150x150.jpg\" class=\"attachment-thumbnail size-thumbnail wp-image-51954\" alt=\"\" srcset=\"https:\/\/www.ceremonie-laique.fr\/wp-content\/uploads\/2021\/05\/Flandres-150x150.jpg 150w, https:\/\/www.ceremonie-laique.fr\/wp-content\/uploads\/2021\/05\/Flandres-300x300.jpg 300w, https:\/\/www.ceremonie-laique.fr\/wp-content\/uploads\/2021\/05\/Flandres-100x100.jpg 100w, https:\/\/www.ceremonie-laique.fr\/wp-content\/uploads\/2021\/05\/Flandres-200x200.jpg 200w\" sizes=\"(max-width: 150px) 100vw, 150px\" title=\"\">\t\t\t\t\t\t\t\t\t\t\t\t\t\t<\/div>\n\t\t\t\t\t\t<\/div>\n\t\t\t\t<\/div>\n\t\t\t\t<div class=\"elementor-element elementor-element-879ab48 elementor-widget elementor-widget-text-editor\" data-id=\"879ab48\" data-element_type=\"widget\" data-widget_type=\"text-editor.default\">\n\t\t\t\t<div class=\"elementor-widget-container\">\n\t\t\t\t\t\t\t\t<div class=\"elementor-text-editor elementor-clearfix\">\n\t\t\t\t<p style=\"text-align: center;\">Die Amtstr\u00e4ger von Flandern<\/p>\n<p>.<\/p>\n\t\t\t\t\t<\/div>\n\t\t\t\t\t\t<\/div>\n\t\t\t\t<\/div>\n\t\t\t\t\t\t<\/div>\n\t\t\t\t\t<\/div>\n\t\t<\/div>\n\t\t\t\t\t\t\t\t<\/div>\n\t\t\t\t\t<\/div>\n\t\t<\/section>\n\t\t\t\t<section class=\"elementor-section elementor-top-section elementor-element elementor-element-a3e3903 elementor-section-boxed elementor-section-height-default elementor-section-height-default\" data-id=\"a3e3903\" data-element_type=\"section\">\n\t\t\t\t\t\t<div class=\"elementor-container elementor-column-gap-default\">\n\t\t\t\t\t\t\t<div class=\"elementor-row\">\n\t\t\t\t\t<div class=\"elementor-column elementor-col-100 elementor-top-column elementor-element elementor-element-ba38db6\" data-id=\"ba38db6\" data-element_type=\"column\">\n\t\t\t<div class=\"elementor-column-wrap elementor-element-populated\">\n\t\t\t\t\t\t\t<div class=\"elementor-widget-wrap\">\n\t\t\t\t\t\t<div class=\"elementor-element elementor-element-bafb119 elementor-widget elementor-widget-spacer\" data-id=\"bafb119\" data-element_type=\"widget\" data-widget_type=\"spacer.default\">\n\t\t\t\t<div class=\"elementor-widget-container\">\n\t\t\t\t\t<div class=\"elementor-spacer\">\n\t\t\t<div class=\"elementor-spacer-inner\"><\/div>\n\t\t<\/div>\n\t\t\t\t<\/div>\n\t\t\t\t<\/div>\n\t\t\t\t<div class=\"elementor-element elementor-element-78bbe0c elementor-widget elementor-widget-listeo-headline\" data-id=\"78bbe0c\" data-element_type=\"widget\" data-widget_type=\"listeo-headline.default\">\n\t\t\t\t<div class=\"elementor-widget-container\">\n\t\t\t\t\t<h3 \n\t\tstyle=\"text-align:center;\" class=\"headline  headline-aligned-to-center headline-extra-spacing headline-box \"> Die Amtstr\u00e4ger in Belgien <\/h3>\n\t\t\t\t<\/div>\n\t\t\t\t<\/div>\n\t\t\t\t<div class=\"elementor-element elementor-element-08f6a59 elementor-widget elementor-widget-listeo-listings\" data-id=\"08f6a59\" data-element_type=\"widget\" data-widget_type=\"listeo-listings.default\">\n\t\t\t\t<div class=\"elementor-widget-container\">\n\t\t\t\n\t\t\t<div class=\"row margin-bottom-25\">\n\n\t\t\t\t\n\n\n<!-- Sorting \/ Layout Switcher -->\n\t\t<div class=\"col-md-12\">\n\t\t\t\t<div class=\"fullwidth-filters  ajax-search \">\n\n\t\t\t\n\t\t\t\n\t\t\t\t\t\t\t<!-- Sort by -->\n\t\t\t\t<div class=\"sort-by\">\n\t\t\t\t\t<div class=\"sort-by-select\">\n\t\t\t\t\t\t\t\t\t\t\t\t<select form=\"listeo_core-search-form\" name=\"listeo_core_order\" data-placeholder=\"Standard Order\" class=\"select2-sortby orderby\">\n\t\t\t\t\t\t\t<option  value=\"default\">Standard<\/option>\n\t\t\t\t\t\t\t<option  value=\"highest-rated\">H\u00f6chste Bewertung<\/option>\n\t\t\t\t\t\t\t\t\t\t\t\t\t\t\t<option  value=\"reviewed\">Meist bewertet<\/option>\n\t\t\t\t\t\t\t\t\t\t\t\t\t\t<option  value=\"date-desc\">Neueste Beitr\u00e4ge<\/option>\n\t\t\t\t\t\t\t<option  value=\"date-asc\">\u00c4lteste Listings<\/option>\n\t\t\t\t\t\t\t<option  value=\"title\">Alphabetisch<\/option>\n\t\t\t\t\t\t\t<option  selected='selected' value=\"featured\">Featured<\/option>\n\t\t\t\t\t\t\t<option  value=\"views\">Die meisten Aufrufe<\/option>\n\t\t\t\t\t\t\t<option  value=\"verified\">Verifiziert<\/option>\n\t\t\t\t\t\t\t<option  value=\"upcoming-event\">Upcoming Event<\/option>\n\t\t\t\t\t\t\t<option  value=\"rand\">Zuf\u00e4llig<\/option>\n\t\t\t\t\t\t<\/select>\n\t\t\t\t\t<\/div>\n\t\t\t\t<\/div>\n\t\t\t\t<!-- Sort by \/ End -->\n\t\t\t\n\t\t<\/div>\n\t\t<\/div>\t\t\t<\/div>\n\t\t<!-- Listings -->\r\n\r\n<div id=\"listeo-listings-container\" \r\ndata-counter=\"1\" \r\ndata-style=\"grid\"  \r\ndata-custom_class=\"\" \r\ndata-per_page=\"3\" \r\ndata-grid_columns=\"3\" \r\n data-region=\"belgique\"  data-category=\"officiant\" class=\"row  ajax-search\">\r\n\t<div class=\"loader-ajax-container\" style=\"\"> <div class=\"loader-ajax\"><\/div> <\/div>\r\n<!-- Listing Item -->\r\n<div class=\"col-lg-4 col-md-6\"><a href=\"https:\/\/www.ceremonie-laique.fr\/de\/zelebrant\/celebrantissimo\/\" class=\"listing-item-container listing-geo-data\"  \r\n\t\tdata-title=\"CELEBRANTISSIMO\"\r\n\t\tdata-listing-type=\"\"\r\n\t\tdata-classifieds-price=\"$\"\r\n\t\tdata-friendly-address=\"\"\r\n\t\tdata-address=\"\"\r\n\t\tdata-image=\"https:\/\/www.ceremonie-laique.fr\/wp-content\/plugins\/listeo-core\/templates\/images\/listeo_placeholder.png\"\r\n\t\tdata-longitude=\"\"\r\n\t\tdata-latitude=\"\"\r\n\t\t\t\t\tdata-rating=\"\"\r\n\t\t\tdata-reviews=\"2\"\r\n\t\t\t\tdata-icon=\"&lt;i class=&quot;sl sl-icon-location&quot;&gt;&lt;\/i&gt;\"\r\n\r\n\t>\r\n    <div class=\"listing-item  featured-listing\">\r\n        \r\n        <div class=\"listing-small-badges-container\">\r\n                            <div class=\"listing-small-badge featured-badge\"><i class=\"fa fa-star\"><\/i> Featured<\/div>\r\n             \r\n                                                            \r\n        <\/div>\r\n        \t<img decoding=\"async\" src=\"https:\/\/www.ceremonie-laique.fr\/wp-content\/plugins\/listeo-core\/templates\/images\/listeo_placeholder.png\" alt=\"\" title=\"\">\r\n        \r\n                \r\n        <div class=\"listing-item-content\">\r\n\r\n                            <span class=\"tag\">Hochzeitsoffizier<\/span>\r\n            \r\n            <h3>CELEBRANTISSIMO <\/h3>\r\n            \r\n        <\/div>\r\n                            <span class=\"save like-icon tooltip left\"  title=\"Login f\u00fcr Ihre Immobilien Merktliste\"  ><\/span>\r\n                            <\/div>\r\n    \r\n                        <div class=\"star-rating\" >\r\n                        \r\n                        <div class=\"rating-counter no-reviews\"><span>Noch keine Bewertungen<\/span><\/div>\r\n                    <\/div>\r\n                \r\n<\/a>\r\n\r\n    <\/div>\r\n\r\n\r\n<!-- Listing Item \/ End -->\t\t\t<\/div>\n\t\t\t\t\t\t\t<div class=\"pagination-container margin-top-20 margin-bottom-20 ajax-search\">\n\t\t\t\t\t\t\t\t\t<\/div>\n\t\t\t\t\t\t\t\t<\/div>\n\t\t\t\t<\/div>\n\t\t\t\t\t\t<\/div>\n\t\t\t\t\t<\/div>\n\t\t<\/div>\n\t\t\t\t\t\t\t\t<\/div>\n\t\t\t\t\t<\/div>\n\t\t<\/section>\n\t\t\t\t<section class=\"elementor-section elementor-top-section elementor-element elementor-element-17c9f92 elementor-section-boxed elementor-section-height-default elementor-section-height-default\" data-id=\"17c9f92\" data-element_type=\"section\">\n\t\t\t\t\t\t<div class=\"elementor-container elementor-column-gap-default\">\n\t\t\t\t\t\t\t<div class=\"elementor-row\">\n\t\t\t\t\t<div class=\"elementor-column elementor-col-100 elementor-top-column elementor-element elementor-element-4ecf8b2\" data-id=\"4ecf8b2\" data-element_type=\"column\">\n\t\t\t<div class=\"elementor-column-wrap elementor-element-populated\">\n\t\t\t\t\t\t\t<div class=\"elementor-widget-wrap\">\n\t\t\t\t\t\t<div class=\"elementor-element elementor-element-3ebd58c elementor-widget elementor-widget-listeo-headline\" data-id=\"3ebd58c\" data-element_type=\"widget\" data-widget_type=\"listeo-headline.default\">\n\t\t\t\t<div class=\"elementor-widget-container\">\n\t\t\t\t\t<h3 \n\t\tstyle=\"text-align:center;\" class=\"headline  headline-aligned-to-center headline-extra-spacing headline-box \"> Hochzeitsplaner in Belgien <\/h3>\n\t\t\t\t<\/div>\n\t\t\t\t<\/div>\n\t\t\t\t<div class=\"elementor-element elementor-element-b4b2338 elementor-widget elementor-widget-listeo-listings\" data-id=\"b4b2338\" data-element_type=\"widget\" data-widget_type=\"listeo-listings.default\">\n\t\t\t\t<div class=\"elementor-widget-container\">\n\t\t\t\n\t\t\t<div class=\"row margin-bottom-25\">\n\n\t\t\t\t\n\n\n<!-- Sorting \/ Layout Switcher -->\n\t\t<div class=\"col-md-12\">\n\t\t\t\t<div class=\"fullwidth-filters  ajax-search \">\n\n\t\t\t\n\t\t\t\n\t\t\t\t\t\t\t<!-- Sort by -->\n\t\t\t\t<div class=\"sort-by\">\n\t\t\t\t\t<div class=\"sort-by-select\">\n\t\t\t\t\t\t\t\t\t\t\t\t<select form=\"listeo_core-search-form\" name=\"listeo_core_order\" data-placeholder=\"Standard Order\" class=\"select2-sortby orderby\">\n\t\t\t\t\t\t\t<option  value=\"default\">Standard<\/option>\n\t\t\t\t\t\t\t<option  value=\"highest-rated\">H\u00f6chste Bewertung<\/option>\n\t\t\t\t\t\t\t\t\t\t\t\t\t\t\t<option  value=\"reviewed\">Meist bewertet<\/option>\n\t\t\t\t\t\t\t\t\t\t\t\t\t\t<option  value=\"date-desc\">Neueste Beitr\u00e4ge<\/option>\n\t\t\t\t\t\t\t<option  value=\"date-asc\">\u00c4lteste Listings<\/option>\n\t\t\t\t\t\t\t<option  value=\"title\">Alphabetisch<\/option>\n\t\t\t\t\t\t\t<option  selected='selected' value=\"featured\">Featured<\/option>\n\t\t\t\t\t\t\t<option  value=\"views\">Die meisten Aufrufe<\/option>\n\t\t\t\t\t\t\t<option  value=\"verified\">Verifiziert<\/option>\n\t\t\t\t\t\t\t<option  value=\"upcoming-event\">Upcoming Event<\/option>\n\t\t\t\t\t\t\t<option  value=\"rand\">Zuf\u00e4llig<\/option>\n\t\t\t\t\t\t<\/select>\n\t\t\t\t\t<\/div>\n\t\t\t\t<\/div>\n\t\t\t\t<!-- Sort by \/ End -->\n\t\t\t\n\t\t<\/div>\n\t\t<\/div>\t\t\t<\/div>\n\t\t<div id=\"listeo-listings-container\">\r\n\t\t\t\t\t\t\t<div class=\"loader-ajax-container\" style=\"\"> <div class=\"loader-ajax\"><\/div> <\/div>\r\n<section id=\"listings-not-found\" class=\"margin-bottom-50 col-md-12\">\r\n\t<h2>Es wurden keine Fachleute gefunden<\/h2>\r\n\t<p>Es tut uns leid, aber wir haben keine Eintr\u00e4ge, die zu Ihrer Suche passen, versuchen Sie, Ihre Sucheinstellungen zu \u00e4ndern<\/p>\r\n<\/section>\r\n<\/div>\t\t<\/div>\n\t\t\t\t<\/div>\n\t\t\t\t\t\t<\/div>\n\t\t\t\t\t<\/div>\n\t\t<\/div>\n\t\t\t\t\t\t\t\t<\/div>\n\t\t\t\t\t<\/div>\n\t\t<\/section>\n\t\t\t\t<section class=\"elementor-section elementor-top-section elementor-element elementor-element-48a8d16 elementor-section-boxed elementor-section-height-default elementor-section-height-default\" data-id=\"48a8d16\" data-element_type=\"section\">\n\t\t\t\t\t\t<div class=\"elementor-container elementor-column-gap-default\">\n\t\t\t\t\t\t\t<div class=\"elementor-row\">\n\t\t\t\t\t<div class=\"elementor-column elementor-col-100 elementor-top-column elementor-element elementor-element-72543f2\" data-id=\"72543f2\" data-element_type=\"column\">\n\t\t\t<div class=\"elementor-column-wrap elementor-element-populated\">\n\t\t\t\t\t\t\t<div class=\"elementor-widget-wrap\">\n\t\t\t\t\t\t<div class=\"elementor-element elementor-element-11500a5 elementor-widget elementor-widget-listeo-headline\" data-id=\"11500a5\" data-element_type=\"widget\" data-widget_type=\"listeo-headline.default\">\n\t\t\t\t<div class=\"elementor-widget-container\">\n\t\t\t\t\t<h3 \n\t\tstyle=\"text-align:center;\" class=\"headline  headline-aligned-to-center headline-extra-spacing headline-box \"> Bestattungsinstitute <\/h3>\n\t\t\t\t<\/div>\n\t\t\t\t<\/div>\n\t\t\t\t<div class=\"elementor-element elementor-element-aa95879 elementor-widget elementor-widget-listeo-listings\" data-id=\"aa95879\" data-element_type=\"widget\" data-widget_type=\"listeo-listings.default\">\n\t\t\t\t<div class=\"elementor-widget-container\">\n\t\t\t\n\t\t\t<div class=\"row margin-bottom-25\">\n\n\t\t\t\t\n\n\n<!-- Sorting \/ Layout Switcher -->\n\t\t<div class=\"col-md-12\">\n\t\t\t\t<div class=\"fullwidth-filters  ajax-search \">\n\n\t\t\t\n\t\t\t\n\t\t\t\t\t\t\t<!-- Sort by -->\n\t\t\t\t<div class=\"sort-by\">\n\t\t\t\t\t<div class=\"sort-by-select\">\n\t\t\t\t\t\t\t\t\t\t\t\t<select form=\"listeo_core-search-form\" name=\"listeo_core_order\" data-placeholder=\"Standard Order\" class=\"select2-sortby orderby\">\n\t\t\t\t\t\t\t<option  value=\"default\">Standard<\/option>\n\t\t\t\t\t\t\t<option  value=\"highest-rated\">H\u00f6chste Bewertung<\/option>\n\t\t\t\t\t\t\t\t\t\t\t\t\t\t\t<option  value=\"reviewed\">Meist bewertet<\/option>\n\t\t\t\t\t\t\t\t\t\t\t\t\t\t<option  value=\"date-desc\">Neueste Beitr\u00e4ge<\/option>\n\t\t\t\t\t\t\t<option  value=\"date-asc\">\u00c4lteste Listings<\/option>\n\t\t\t\t\t\t\t<option  value=\"title\">Alphabetisch<\/option>\n\t\t\t\t\t\t\t<option  selected='selected' value=\"featured\">Featured<\/option>\n\t\t\t\t\t\t\t<option  value=\"views\">Die meisten Aufrufe<\/option>\n\t\t\t\t\t\t\t<option  value=\"verified\">Verifiziert<\/option>\n\t\t\t\t\t\t\t<option  value=\"upcoming-event\">Upcoming Event<\/option>\n\t\t\t\t\t\t\t<option  value=\"rand\">Zuf\u00e4llig<\/option>\n\t\t\t\t\t\t<\/select>\n\t\t\t\t\t<\/div>\n\t\t\t\t<\/div>\n\t\t\t\t<!-- Sort by \/ End -->\n\t\t\t\n\t\t<\/div>\n\t\t<\/div>\t\t\t<\/div>\n\t\t<div id=\"listeo-listings-container\">\r\n\t\t\t\t\t\t\t<div class=\"loader-ajax-container\" style=\"\"> <div class=\"loader-ajax\"><\/div> <\/div>\r\n<section id=\"listings-not-found\" class=\"margin-bottom-50 col-md-12\">\r\n\t<h2>Es wurden keine Fachleute gefunden<\/h2>\r\n\t<p>Es tut uns leid, aber wir haben keine Eintr\u00e4ge, die zu Ihrer Suche passen, versuchen Sie, Ihre Sucheinstellungen zu \u00e4ndern<\/p>\r\n<\/section>\r\n<\/div>\t\t<\/div>\n\t\t\t\t<\/div>\n\t\t\t\t\t\t<\/div>\n\t\t\t\t\t<\/div>\n\t\t<\/div>\n\t\t\t\t\t\t\t\t<\/div>\n\t\t\t\t\t<\/div>\n\t\t<\/section>\n\t\t\t\t<section class=\"elementor-section elementor-top-section elementor-element elementor-element-049c782 elementor-section-boxed elementor-section-height-default elementor-section-height-default\" data-id=\"049c782\" data-element_type=\"section\">\n\t\t\t\t\t\t<div class=\"elementor-container elementor-column-gap-default\">\n\t\t\t\t\t\t\t<div class=\"elementor-row\">\n\t\t\t\t\t<div class=\"elementor-column elementor-col-100 elementor-top-column elementor-element elementor-element-a6be6ea\" data-id=\"a6be6ea\" data-element_type=\"column\">\n\t\t\t<div class=\"elementor-column-wrap elementor-element-populated\">\n\t\t\t\t\t\t\t<div class=\"elementor-widget-wrap\">\n\t\t\t\t\t\t<div class=\"elementor-element elementor-element-459da7c elementor-widget elementor-widget-listeo-headline\" data-id=\"459da7c\" data-element_type=\"widget\" data-widget_type=\"listeo-headline.default\">\n\t\t\t\t<div class=\"elementor-widget-container\">\n\t\t\t\t\t<h3 \n\t\tstyle=\"text-align:center;\" class=\"headline  headline-aligned-to-center headline-extra-spacing headline-box \"> Schulung und Coaching <\/h3>\n\t\t\t\t<\/div>\n\t\t\t\t<\/div>\n\t\t\t\t<div class=\"elementor-element elementor-element-79baf13 elementor-widget elementor-widget-listeo-listings\" data-id=\"79baf13\" data-element_type=\"widget\" data-widget_type=\"listeo-listings.default\">\n\t\t\t\t<div class=\"elementor-widget-container\">\n\t\t\t\n\t\t\t<div class=\"row margin-bottom-25\">\n\n\t\t\t\t\n\n\n<!-- Sorting \/ Layout Switcher -->\n\t\t<div class=\"col-md-12\">\n\t\t\t\t<div class=\"fullwidth-filters  ajax-search \">\n\n\t\t\t\n\t\t\t\n\t\t\t\t\t\t\t<!-- Sort by -->\n\t\t\t\t<div class=\"sort-by\">\n\t\t\t\t\t<div class=\"sort-by-select\">\n\t\t\t\t\t\t\t\t\t\t\t\t<select form=\"listeo_core-search-form\" name=\"listeo_core_order\" data-placeholder=\"Standard Order\" class=\"select2-sortby orderby\">\n\t\t\t\t\t\t\t<option  value=\"default\">Standard<\/option>\n\t\t\t\t\t\t\t<option  value=\"highest-rated\">H\u00f6chste Bewertung<\/option>\n\t\t\t\t\t\t\t\t\t\t\t\t\t\t\t<option  value=\"reviewed\">Meist bewertet<\/option>\n\t\t\t\t\t\t\t\t\t\t\t\t\t\t<option  value=\"date-desc\">Neueste Beitr\u00e4ge<\/option>\n\t\t\t\t\t\t\t<option  value=\"date-asc\">\u00c4lteste Listings<\/option>\n\t\t\t\t\t\t\t<option  value=\"title\">Alphabetisch<\/option>\n\t\t\t\t\t\t\t<option  selected='selected' value=\"featured\">Featured<\/option>\n\t\t\t\t\t\t\t<option  value=\"views\">Die meisten Aufrufe<\/option>\n\t\t\t\t\t\t\t<option  value=\"verified\">Verifiziert<\/option>\n\t\t\t\t\t\t\t<option  value=\"upcoming-event\">Upcoming Event<\/option>\n\t\t\t\t\t\t\t<option  value=\"rand\">Zuf\u00e4llig<\/option>\n\t\t\t\t\t\t<\/select>\n\t\t\t\t\t<\/div>\n\t\t\t\t<\/div>\n\t\t\t\t<!-- Sort by \/ End -->\n\t\t\t\n\t\t<\/div>\n\t\t<\/div>\t\t\t<\/div>\n\t\t<div id=\"listeo-listings-container\">\r\n\t\t\t\t\t\t\t<div class=\"loader-ajax-container\" style=\"\"> <div class=\"loader-ajax\"><\/div> <\/div>\r\n<section id=\"listings-not-found\" class=\"margin-bottom-50 col-md-12\">\r\n\t<h2>Es wurden keine Fachleute gefunden<\/h2>\r\n\t<p>Es tut uns leid, aber wir haben keine Eintr\u00e4ge, die zu Ihrer Suche passen, versuchen Sie, Ihre Sucheinstellungen zu \u00e4ndern<\/p>\r\n<\/section>\r\n<\/div>\t\t<\/div>\n\t\t\t\t<\/div>\n\t\t\t\t\t\t<\/div>\n\t\t\t\t\t<\/div>\n\t\t<\/div>\n\t\t\t\t\t\t\t\t<\/div>\n\t\t\t\t\t<\/div>\n\t\t<\/section>\n\t\t\t\t\t\t\t\t\t<\/div>\n\t\t\t<\/div>\n\t\t\t\t\t<\/div>\n\t\t","protected":false},"excerpt":{"rendered":"<p>Finden Sie einen Zelebranten, der eine Trauung in Belgien durchf\u00fchrt! Belgien ist nicht unbedingt das erste Ziel, das man w\u00e4hlt, um eine weltliche Trauung zu organisieren, da das benachbarte Frankreich von vornherein mehr M\u00f6glichkeiten daf\u00fcr hat. Und doch! In Belgien mangelt es nicht an Charme oder au\u00dfergew\u00f6hnlichen Orten f\u00fcr eine sch\u00f6ne Zeremonie&#8230; Zuallererst sollten Sie [&hellip;]<\/p>\n","protected":false},"author":1,"featured_media":0,"parent":0,"menu_order":0,"comment_status":"closed","ping_status":"closed","template":"","meta":{"_vp_format_video_url":"","_vp_image_focal_point":[],"footnotes":""},"class_list":["post-53981","page","type-page","status-publish","hentry"],"amp_enabled":true,"_links":{"self":[{"href":"https:\/\/www.ceremonie-laique.fr\/de\/wp-json\/wp\/v2\/pages\/53981","targetHints":{"allow":["GET"]}}],"collection":[{"href":"https:\/\/www.ceremonie-laique.fr\/de\/wp-json\/wp\/v2\/pages"}],"about":[{"href":"https:\/\/www.ceremonie-laique.fr\/de\/wp-json\/wp\/v2\/types\/page"}],"author":[{"embeddable":true,"href":"https:\/\/www.ceremonie-laique.fr\/de\/wp-json\/wp\/v2\/users\/1"}],"replies":[{"embeddable":true,"href":"https:\/\/www.ceremonie-laique.fr\/de\/wp-json\/wp\/v2\/comments?post=53981"}],"version-history":[{"count":0,"href":"https:\/\/www.ceremonie-laique.fr\/de\/wp-json\/wp\/v2\/pages\/53981\/revisions"}],"wp:attachment":[{"href":"https:\/\/www.ceremonie-laique.fr\/de\/wp-json\/wp\/v2\/media?parent=53981"}],"curies":[{"name":"wp","href":"https:\/\/api.w.org\/{rel}","templated":true}]}}