{"id":53991,"date":"2021-08-11T15:29:35","date_gmt":"2021-08-11T13:29:35","guid":{"rendered":"https:\/\/www.ceremonie-laique.fr\/weltliche-zeremonie-in-der-schweiz\/"},"modified":"2021-08-11T16:07:12","modified_gmt":"2021-08-11T14:07:12","slug":"weltliche-zeremonie-in-der-schweiz","status":"publish","type":"page","link":"https:\/\/www.ceremonie-laique.fr\/de\/weltliche-zeremonie-in-der-schweiz\/","title":{"rendered":"Weltliche Zeremonie in der Schweiz"},"content":{"rendered":"\t\t<div data-elementor-type=\"wp-page\" data-elementor-id=\"53991\" class=\"elementor elementor-53991 elementor-51670\">\n\t\t\t\t\t\t<div class=\"elementor-inner\">\n\t\t\t\t<div class=\"elementor-section-wrap\">\n\t\t\t\t\t\t\t\t\t<section class=\"elementor-section elementor-top-section elementor-element elementor-element-639e90e elementor-section-boxed elementor-section-height-default elementor-section-height-default\" data-id=\"639e90e\" data-element_type=\"section\">\n\t\t\t\t\t\t<div class=\"elementor-container elementor-column-gap-default\">\n\t\t\t\t\t\t\t<div class=\"elementor-row\">\n\t\t\t\t\t<div class=\"elementor-column elementor-col-100 elementor-top-column elementor-element elementor-element-d5ac165\" data-id=\"d5ac165\" data-element_type=\"column\">\n\t\t\t<div class=\"elementor-column-wrap elementor-element-populated\">\n\t\t\t\t\t\t\t<div class=\"elementor-widget-wrap\">\n\t\t\t\t\t\t<div class=\"elementor-element elementor-element-7b95879 elementor-widget elementor-widget-text-editor\" data-id=\"7b95879\" data-element_type=\"widget\" data-widget_type=\"text-editor.default\">\n\t\t\t\t<div class=\"elementor-widget-container\">\n\t\t\t\t\t\t\t\t<div class=\"elementor-text-editor elementor-clearfix\">\n\t\t\t\t<p><img decoding=\"async\" class=\"alignright wp-image-51071 size-full\" src=\"https:\/\/www.ceremonie-laique.fr\/wp-content\/uploads\/2021\/03\/Mariage-Suisse.png\" alt=\"\" width=\"290\" height=\"150\" title=\"\"><strong>Finden Sie einen Trauredner, der in der Schweiz arbeitet!<\/strong> Dieses kleine Land im Herzen Europas hat ungeahnte Sch\u00e4tze f\u00fcr Ihre Hochzeitsfeier zu bieten! Bekannt f\u00fcr seine bergige Landschaft, haben Sie die Wahl zwischen vielen Landschaften und sogar mehreren Sprachen, da die Schweiz vier offizielle Sprachen hat: Franz\u00f6sisch, Deutsch, Italienisch und R\u00e4toromanisch.<\/p>\n<p>Ihre Zeremonie wird sich in die verschiedensten Kontexte einf\u00fcgen, von rustikalem Bergleben bis hin zu elegantem Schick, von der Romantik eines hochgelegenen Bergsees bis hin zum Wintersport. Sie k\u00f6nnen Ihre G\u00e4ste auch begr\u00fc\u00dfen, indem Sie ihnen die mythischen K\u00e4segerichte wie Fondue oder Raclette anbieten, die f\u00fcr ein festliches Ereignis neu interpretiert werden! W\u00e4hlen Sie originelle Veranstaltungsorte (alter Bauernhof, verlassenes Schloss, in den Fels gehauene Festung, &#8230;), klassischere (Weing\u00fcter am Genfer See, \u00fcppige Anwesen, Hotels usw.) oder nutzen Sie die Besonderheiten des Landes voll aus (Bergp\u00e4sse, Gebirgslandschaft, gr\u00fcne T\u00e4ler). <\/p>\n<p>Werfen Sie einen Blick auf die vielen Perlen dieses kleinen Landes wie die Jungfrau, den Vierwaldst\u00e4ttersee, Zermatt, Gornergrat und Matterhorn, den Rheinfall, den Aletschgletscher, den Thuner-, Brienzer-, Bieler- oder Luganersee, die Kleine Scheidegg, die Aareschlucht, den St. Gotthard- oder Berninapass oder die Tr\u00fcmmelbachf\u00e4lle. F\u00fcr Burgenliebhaber schliesslich gibt es zahlreiche Festungen wie Schloss Chillon, Schloss Bellinzona, Jegenstorf, Prangins, Visconteo, Oberhofen, Spiez, etc.<\/p>\n<p>\n\t\t\t\t\t<\/div>\n\t\t\t\t\t\t<\/div>\n\t\t\t\t<\/div>\n\t\t\t\t<div class=\"elementor-element elementor-element-65e7ef8 elementor-tabs-view-horizontal elementor-widget elementor-widget-tabs\" data-id=\"65e7ef8\" data-element_type=\"widget\" data-widget_type=\"tabs.default\">\n\t\t\t\t<div class=\"elementor-widget-container\">\n\t\t\t\t\t<div class=\"elementor-tabs\">\n\t\t\t<div class=\"elementor-tabs-wrapper\" role=\"tablist\" >\n\t\t\t\t\t\t\t\t\t<div id=\"elementor-tab-title-1061\" class=\"elementor-tab-title elementor-tab-desktop-title\" aria-selected=\"true\" data-tab=\"1\" role=\"tab\" tabindex=\"0\" aria-controls=\"elementor-tab-content-1061\" aria-expanded=\"false\"><a href=\"\">Franz\u00f6sischsprachige Schweiz<\/a><\/div>\n\t\t\t\t\t\t\t\t\t<div id=\"elementor-tab-title-1062\" class=\"elementor-tab-title elementor-tab-desktop-title\" aria-selected=\"false\" data-tab=\"2\" role=\"tab\" tabindex=\"-1\" aria-controls=\"elementor-tab-content-1062\" aria-expanded=\"false\"><a href=\"\">Deutschschweiz<\/a><\/div>\n\t\t\t\t\t\t\t\t\t<div id=\"elementor-tab-title-1063\" class=\"elementor-tab-title elementor-tab-desktop-title\" aria-selected=\"false\" data-tab=\"3\" role=\"tab\" tabindex=\"-1\" aria-controls=\"elementor-tab-content-1063\" aria-expanded=\"false\"><a href=\"\">Italienische Schweiz<\/a><\/div>\n\t\t\t\t\t\t\t<\/div>\n\t\t\t<div class=\"elementor-tabs-content-wrapper\" role=\"tablist\" aria-orientation=\"vertical\">\n\t\t\t\t\t\t\t\t\t<div class=\"elementor-tab-title elementor-tab-mobile-title\" aria-selected=\"true\" data-tab=\"1\" role=\"tab\" tabindex=\"0\" aria-controls=\"elementor-tab-content-1061\" aria-expanded=\"false\">Franz\u00f6sischsprachige Schweiz<\/div>\n\t\t\t\t\t<div id=\"elementor-tab-content-1061\" class=\"elementor-tab-content elementor-clearfix\" data-tab=\"1\" role=\"tabpanel\" aria-labelledby=\"elementor-tab-title-1061\" tabindex=\"0\" hidden=\"false\"><ul>\n<li>Freiburg<\/li>\n<li>Genf<\/li>\n<li>Jura<\/li>\n<li>Neuenburg<\/li>\n<li>Waadt<\/li>\n<li>Wallis<\/li>\n<li>Bern<\/li>\n<\/ul>\n<\/div>\n\t\t\t\t\t\t\t\t\t<div class=\"elementor-tab-title elementor-tab-mobile-title\" aria-selected=\"false\" data-tab=\"2\" role=\"tab\" tabindex=\"-1\" aria-controls=\"elementor-tab-content-1062\" aria-expanded=\"false\">Deutschschweiz<\/div>\n\t\t\t\t\t<div id=\"elementor-tab-content-1062\" class=\"elementor-tab-content elementor-clearfix\" data-tab=\"2\" role=\"tabpanel\" aria-labelledby=\"elementor-tab-title-1062\" tabindex=\"0\" hidden=\"hidden\"><table border=\"0\" width=\"100%\" cellspacing=\"1\" cellpadding=\"5\">\n<tbody>\n<tr style=\"vertical-align: top;\">\n<td width=\"25%\"><strong><strong>Nordwestschweiz<\/strong><\/p>\n<ul>\n<li>Aargau<\/li>\n<li>Basel-Landschaft<\/li>\n<li>Basel-Stadt<\/li>\n<li>Solothurn<\/li>\n<\/ul>\n<\/td>\n<td width=\"25%\"><strong>Zentralschweiz<\/strong><\/p>\n<ul>\n<li>Luzern<\/li>\n<li>Nidwalden<\/li>\n<li>Obwalden<\/li>\n<li>Schwyz<\/li>\n<li>Uri<\/li>\n<li>Zug<\/li>\n<\/ul>\n<\/td>\n<td width=\"25%\"><strong>Ostschweiz und Z\u00fcrich<\/strong><\/p>\n<ul>\n<li>Appenzell Ausserrhoden<\/li>\n<li>Appenzell Innerrhoden<\/li>\n<li>Graub\u00fcnden<\/li>\n<li>Glarus<\/li>\n<li>St. Gallen<\/li>\n<li>Schaffhausen<\/li>\n<li>Thurgau<\/li>\n<li>Z\u00fcrich<\/li>\n<\/ul>\n<\/td>\n<td width=\"25%\"><strong>Raum Mittelland und Oberwallis<\/strong><\/p>\n<ul>\n<li>Bern<\/li>\n<li>Freiburg<\/li>\n<li>Solothurn<\/li>\n<li>Wallis<\/li>\n<\/ul>\n<\/td>\n<\/tr>\n<\/tbody>\n<\/table>\n<\/div>\n\t\t\t\t\t\t\t\t\t<div class=\"elementor-tab-title elementor-tab-mobile-title\" aria-selected=\"false\" data-tab=\"3\" role=\"tab\" tabindex=\"-1\" aria-controls=\"elementor-tab-content-1063\" aria-expanded=\"false\">Italienische Schweiz<\/div>\n\t\t\t\t\t<div id=\"elementor-tab-content-1063\" class=\"elementor-tab-content elementor-clearfix\" data-tab=\"3\" role=\"tabpanel\" aria-labelledby=\"elementor-tab-title-1063\" tabindex=\"0\" hidden=\"hidden\"><ul>\n<li>Tessin<\/li>\n<li>Graub\u00fcnden<\/li>\n<\/ul>\n<\/div>\n\t\t\t\t\t\t\t<\/div>\n\t\t<\/div>\n\t\t\t\t<\/div>\n\t\t\t\t<\/div>\n\t\t\t\t\t\t<\/div>\n\t\t\t\t\t<\/div>\n\t\t<\/div>\n\t\t\t\t\t\t\t\t<\/div>\n\t\t\t\t\t<\/div>\n\t\t<\/section>\n\t\t\t\t<section class=\"elementor-section elementor-top-section elementor-element elementor-element-49b3a4f elementor-section-boxed elementor-section-height-default elementor-section-height-default\" data-id=\"49b3a4f\" data-element_type=\"section\">\n\t\t\t\t\t\t<div class=\"elementor-container elementor-column-gap-default\">\n\t\t\t\t\t\t\t<div class=\"elementor-row\">\n\t\t\t\t\t<div class=\"elementor-column elementor-col-100 elementor-top-column elementor-element elementor-element-57e340a\" data-id=\"57e340a\" data-element_type=\"column\">\n\t\t\t<div class=\"elementor-column-wrap elementor-element-populated\">\n\t\t\t\t\t\t\t<div class=\"elementor-widget-wrap\">\n\t\t\t\t\t\t<div class=\"elementor-element elementor-element-1ed4840 elementor-widget elementor-widget-listeo-headline\" data-id=\"1ed4840\" data-element_type=\"widget\" data-widget_type=\"listeo-headline.default\">\n\t\t\t\t<div class=\"elementor-widget-container\">\n\t\t\t\t\t<h3 \n\t\tstyle=\"text-align:center;\" class=\"headline  headline-aligned-to-center headline-extra-spacing headline-box \"> Zelebranten in der Schweiz <\/h3>\n\t\t\t\t<\/div>\n\t\t\t\t<\/div>\n\t\t\t\t<div class=\"elementor-element elementor-element-31f032f elementor-widget elementor-widget-listeo-listings\" data-id=\"31f032f\" data-element_type=\"widget\" data-widget_type=\"listeo-listings.default\">\n\t\t\t\t<div class=\"elementor-widget-container\">\n\t\t\t\n\t\t\t<div class=\"row margin-bottom-25\">\n\n\t\t\t\t\n\n\n<!-- Sorting \/ Layout Switcher -->\n\t\t<div class=\"col-md-12\">\n\t\t\t\t<div class=\"fullwidth-filters  ajax-search \">\n\n\t\t\t\n\t\t\t\n\t\t\t\t\t\t\t<!-- Sort by -->\n\t\t\t\t<div class=\"sort-by\">\n\t\t\t\t\t<div class=\"sort-by-select\">\n\t\t\t\t\t\t\t\t\t\t\t\t<select form=\"listeo_core-search-form\" name=\"listeo_core_order\" data-placeholder=\"Standard Order\" class=\"select2-sortby orderby\">\n\t\t\t\t\t\t\t<option  value=\"default\">Standard<\/option>\n\t\t\t\t\t\t\t<option  value=\"highest-rated\">H\u00f6chste Bewertung<\/option>\n\t\t\t\t\t\t\t\t\t\t\t\t\t\t\t<option  value=\"reviewed\">Meist bewertet<\/option>\n\t\t\t\t\t\t\t\t\t\t\t\t\t\t<option  value=\"date-desc\">Neueste Beitr\u00e4ge<\/option>\n\t\t\t\t\t\t\t<option  value=\"date-asc\">\u00c4lteste Listings<\/option>\n\t\t\t\t\t\t\t<option  value=\"title\">Alphabetisch<\/option>\n\t\t\t\t\t\t\t<option  selected='selected' value=\"featured\">Featured<\/option>\n\t\t\t\t\t\t\t<option  value=\"views\">Die meisten Aufrufe<\/option>\n\t\t\t\t\t\t\t<option  value=\"verified\">Verifiziert<\/option>\n\t\t\t\t\t\t\t<option  value=\"upcoming-event\">Upcoming Event<\/option>\n\t\t\t\t\t\t\t<option  value=\"rand\">Zuf\u00e4llig<\/option>\n\t\t\t\t\t\t<\/select>\n\t\t\t\t\t<\/div>\n\t\t\t\t<\/div>\n\t\t\t\t<!-- Sort by \/ End -->\n\t\t\t\n\t\t<\/div>\n\t\t<\/div>\t\t\t<\/div>\n\t\t<!-- Listings -->\r\n\r\n<div id=\"listeo-listings-container\" \r\ndata-counter=\"1\" \r\ndata-style=\"grid\"  \r\ndata-custom_class=\"\" \r\ndata-per_page=\"21\" \r\ndata-grid_columns=\"3\" \r\n data-region=\"suisse\"  data-category=\"officiant\" class=\"row  ajax-search\">\r\n\t<div class=\"loader-ajax-container\" style=\"\"> <div class=\"loader-ajax\"><\/div> <\/div>\r\n<!-- Listing Item -->\r\n<div class=\"col-lg-4 col-md-6\"><a href=\"https:\/\/www.ceremonie-laique.fr\/de\/zelebrant\/celebrantissimo\/\" class=\"listing-item-container listing-geo-data\"  \r\n\t\tdata-title=\"CELEBRANTISSIMO\"\r\n\t\tdata-listing-type=\"\"\r\n\t\tdata-classifieds-price=\"$\"\r\n\t\tdata-friendly-address=\"\"\r\n\t\tdata-address=\"\"\r\n\t\tdata-image=\"https:\/\/www.ceremonie-laique.fr\/wp-content\/plugins\/listeo-core\/templates\/images\/listeo_placeholder.png\"\r\n\t\tdata-longitude=\"\"\r\n\t\tdata-latitude=\"\"\r\n\t\t\t\t\tdata-rating=\"\"\r\n\t\t\tdata-reviews=\"2\"\r\n\t\t\t\tdata-icon=\"&lt;i class=&quot;sl sl-icon-location&quot;&gt;&lt;\/i&gt;\"\r\n\r\n\t>\r\n    <div class=\"listing-item  featured-listing\">\r\n        \r\n        <div class=\"listing-small-badges-container\">\r\n                            <div class=\"listing-small-badge featured-badge\"><i class=\"fa fa-star\"><\/i> Featured<\/div>\r\n             \r\n                                                            \r\n        <\/div>\r\n        \t<img decoding=\"async\" src=\"https:\/\/www.ceremonie-laique.fr\/wp-content\/plugins\/listeo-core\/templates\/images\/listeo_placeholder.png\" alt=\"\" title=\"\">\r\n        \r\n                \r\n        <div class=\"listing-item-content\">\r\n\r\n                            <span class=\"tag\">Hochzeitsoffizier<\/span>\r\n            \r\n            <h3>CELEBRANTISSIMO <\/h3>\r\n            \r\n        <\/div>\r\n                            <span class=\"save like-icon tooltip left\"  title=\"Login f\u00fcr Ihre Immobilien Merktliste\"  ><\/span>\r\n                            <\/div>\r\n    \r\n                        <div class=\"star-rating\" >\r\n                        \r\n                        <div class=\"rating-counter no-reviews\"><span>Noch keine Bewertungen<\/span><\/div>\r\n                    <\/div>\r\n                \r\n<\/a>\r\n\r\n    <\/div>\r\n\r\n\r\n<!-- Listing Item \/ End -->\t\t\t<\/div>\n\t\t\t\t\t\t\t<div class=\"pagination-container margin-top-20 margin-bottom-20 ajax-search\">\n\t\t\t\t\t\t\t\t\t<\/div>\n\t\t\t\t\t\t\t\t<\/div>\n\t\t\t\t<\/div>\n\t\t\t\t\t\t<\/div>\n\t\t\t\t\t<\/div>\n\t\t<\/div>\n\t\t\t\t\t\t\t\t<\/div>\n\t\t\t\t\t<\/div>\n\t\t<\/section>\n\t\t\t\t<section class=\"elementor-section elementor-top-section elementor-element elementor-element-2314eab elementor-section-boxed elementor-section-height-default elementor-section-height-default\" data-id=\"2314eab\" data-element_type=\"section\">\n\t\t\t\t\t\t<div class=\"elementor-container elementor-column-gap-default\">\n\t\t\t\t\t\t\t<div class=\"elementor-row\">\n\t\t\t\t\t<div class=\"elementor-column elementor-col-100 elementor-top-column elementor-element elementor-element-7928808\" data-id=\"7928808\" data-element_type=\"column\">\n\t\t\t<div class=\"elementor-column-wrap elementor-element-populated\">\n\t\t\t\t\t\t\t<div class=\"elementor-widget-wrap\">\n\t\t\t\t\t\t<div class=\"elementor-element elementor-element-702f105 elementor-widget elementor-widget-listeo-headline\" data-id=\"702f105\" data-element_type=\"widget\" data-widget_type=\"listeo-headline.default\">\n\t\t\t\t<div class=\"elementor-widget-container\">\n\t\t\t\t\t<h3 \n\t\tstyle=\"text-align:center;\" class=\"headline  headline-aligned-to-center headline-extra-spacing headline-box \"> Hochzeitsplaner in der Schweiz <\/h3>\n\t\t\t\t<\/div>\n\t\t\t\t<\/div>\n\t\t\t\t<div class=\"elementor-element elementor-element-64459cd elementor-widget elementor-widget-listeo-listings\" data-id=\"64459cd\" data-element_type=\"widget\" data-widget_type=\"listeo-listings.default\">\n\t\t\t\t<div class=\"elementor-widget-container\">\n\t\t\t\n\t\t\t<div class=\"row margin-bottom-25\">\n\n\t\t\t\t\n\n\n<!-- Sorting \/ Layout Switcher -->\n\t\t<div class=\"col-md-12\">\n\t\t\t\t<div class=\"fullwidth-filters  ajax-search \">\n\n\t\t\t\n\t\t\t\n\t\t\t\t\t\t\t<!-- Sort by -->\n\t\t\t\t<div class=\"sort-by\">\n\t\t\t\t\t<div class=\"sort-by-select\">\n\t\t\t\t\t\t\t\t\t\t\t\t<select form=\"listeo_core-search-form\" name=\"listeo_core_order\" data-placeholder=\"Standard Order\" class=\"select2-sortby orderby\">\n\t\t\t\t\t\t\t<option  value=\"default\">Standard<\/option>\n\t\t\t\t\t\t\t<option  value=\"highest-rated\">H\u00f6chste Bewertung<\/option>\n\t\t\t\t\t\t\t\t\t\t\t\t\t\t\t<option  value=\"reviewed\">Meist bewertet<\/option>\n\t\t\t\t\t\t\t\t\t\t\t\t\t\t<option  value=\"date-desc\">Neueste Beitr\u00e4ge<\/option>\n\t\t\t\t\t\t\t<option  value=\"date-asc\">\u00c4lteste Listings<\/option>\n\t\t\t\t\t\t\t<option  value=\"title\">Alphabetisch<\/option>\n\t\t\t\t\t\t\t<option  selected='selected' value=\"featured\">Featured<\/option>\n\t\t\t\t\t\t\t<option  value=\"views\">Die meisten Aufrufe<\/option>\n\t\t\t\t\t\t\t<option  value=\"verified\">Verifiziert<\/option>\n\t\t\t\t\t\t\t<option  value=\"upcoming-event\">Upcoming Event<\/option>\n\t\t\t\t\t\t\t<option  value=\"rand\">Zuf\u00e4llig<\/option>\n\t\t\t\t\t\t<\/select>\n\t\t\t\t\t<\/div>\n\t\t\t\t<\/div>\n\t\t\t\t<!-- Sort by \/ End -->\n\t\t\t\n\t\t<\/div>\n\t\t<\/div>\t\t\t<\/div>\n\t\t<div id=\"listeo-listings-container\">\r\n\t\t\t\t\t\t\t<div class=\"loader-ajax-container\" style=\"\"> <div class=\"loader-ajax\"><\/div> <\/div>\r\n<section id=\"listings-not-found\" class=\"margin-bottom-50 col-md-12\">\r\n\t<h2>Es wurden keine Fachleute gefunden<\/h2>\r\n\t<p>Es tut uns leid, aber wir haben keine Eintr\u00e4ge, die zu Ihrer Suche passen, versuchen Sie, Ihre Sucheinstellungen zu \u00e4ndern<\/p>\r\n<\/section>\r\n<\/div>\t\t<\/div>\n\t\t\t\t<\/div>\n\t\t\t\t\t\t<\/div>\n\t\t\t\t\t<\/div>\n\t\t<\/div>\n\t\t\t\t\t\t\t\t<\/div>\n\t\t\t\t\t<\/div>\n\t\t<\/section>\n\t\t\t\t<section class=\"elementor-section elementor-top-section elementor-element elementor-element-b084b56 elementor-section-boxed elementor-section-height-default elementor-section-height-default\" data-id=\"b084b56\" data-element_type=\"section\">\n\t\t\t\t\t\t<div class=\"elementor-container elementor-column-gap-default\">\n\t\t\t\t\t\t\t<div class=\"elementor-row\">\n\t\t\t\t\t<div class=\"elementor-column elementor-col-100 elementor-top-column elementor-element elementor-element-0eea6b0\" data-id=\"0eea6b0\" data-element_type=\"column\">\n\t\t\t<div class=\"elementor-column-wrap elementor-element-populated\">\n\t\t\t\t\t\t\t<div class=\"elementor-widget-wrap\">\n\t\t\t\t\t\t<div class=\"elementor-element elementor-element-10f1375 elementor-widget elementor-widget-listeo-headline\" data-id=\"10f1375\" data-element_type=\"widget\" data-widget_type=\"listeo-headline.default\">\n\t\t\t\t<div class=\"elementor-widget-container\">\n\t\t\t\t\t<h3 \n\t\tstyle=\"text-align:center;\" class=\"headline  headline-aligned-to-center headline-extra-spacing headline-box \"> Bestattungsinstitute in der Schweiz <\/h3>\n\t\t\t\t<\/div>\n\t\t\t\t<\/div>\n\t\t\t\t<div class=\"elementor-element elementor-element-d156e19 elementor-widget elementor-widget-listeo-listings\" data-id=\"d156e19\" data-element_type=\"widget\" data-widget_type=\"listeo-listings.default\">\n\t\t\t\t<div class=\"elementor-widget-container\">\n\t\t\t\n\t\t\t<div class=\"row margin-bottom-25\">\n\n\t\t\t\t\n\n\n<!-- Sorting \/ Layout Switcher -->\n\t\t<div class=\"col-md-12\">\n\t\t\t\t<div class=\"fullwidth-filters  ajax-search \">\n\n\t\t\t\n\t\t\t\n\t\t\t\t\t\t\t<!-- Sort by -->\n\t\t\t\t<div class=\"sort-by\">\n\t\t\t\t\t<div class=\"sort-by-select\">\n\t\t\t\t\t\t\t\t\t\t\t\t<select form=\"listeo_core-search-form\" name=\"listeo_core_order\" data-placeholder=\"Standard Order\" class=\"select2-sortby orderby\">\n\t\t\t\t\t\t\t<option  value=\"default\">Standard<\/option>\n\t\t\t\t\t\t\t<option  value=\"highest-rated\">H\u00f6chste Bewertung<\/option>\n\t\t\t\t\t\t\t\t\t\t\t\t\t\t\t<option  value=\"reviewed\">Meist bewertet<\/option>\n\t\t\t\t\t\t\t\t\t\t\t\t\t\t<option  value=\"date-desc\">Neueste Beitr\u00e4ge<\/option>\n\t\t\t\t\t\t\t<option  value=\"date-asc\">\u00c4lteste Listings<\/option>\n\t\t\t\t\t\t\t<option  value=\"title\">Alphabetisch<\/option>\n\t\t\t\t\t\t\t<option  selected='selected' value=\"featured\">Featured<\/option>\n\t\t\t\t\t\t\t<option  value=\"views\">Die meisten Aufrufe<\/option>\n\t\t\t\t\t\t\t<option  value=\"verified\">Verifiziert<\/option>\n\t\t\t\t\t\t\t<option  value=\"upcoming-event\">Upcoming Event<\/option>\n\t\t\t\t\t\t\t<option  value=\"rand\">Zuf\u00e4llig<\/option>\n\t\t\t\t\t\t<\/select>\n\t\t\t\t\t<\/div>\n\t\t\t\t<\/div>\n\t\t\t\t<!-- Sort by \/ End -->\n\t\t\t\n\t\t<\/div>\n\t\t<\/div>\t\t\t<\/div>\n\t\t<div id=\"listeo-listings-container\">\r\n\t\t\t\t\t\t\t<div class=\"loader-ajax-container\" style=\"\"> <div class=\"loader-ajax\"><\/div> <\/div>\r\n<section id=\"listings-not-found\" class=\"margin-bottom-50 col-md-12\">\r\n\t<h2>Es wurden keine Fachleute gefunden<\/h2>\r\n\t<p>Es tut uns leid, aber wir haben keine Eintr\u00e4ge, die zu Ihrer Suche passen, versuchen Sie, Ihre Sucheinstellungen zu \u00e4ndern<\/p>\r\n<\/section>\r\n<\/div>\t\t<\/div>\n\t\t\t\t<\/div>\n\t\t\t\t\t\t<\/div>\n\t\t\t\t\t<\/div>\n\t\t<\/div>\n\t\t\t\t\t\t\t\t<\/div>\n\t\t\t\t\t<\/div>\n\t\t<\/section>\n\t\t\t\t<section class=\"elementor-section elementor-top-section elementor-element elementor-element-6df6c47 elementor-section-boxed elementor-section-height-default elementor-section-height-default\" data-id=\"6df6c47\" data-element_type=\"section\">\n\t\t\t\t\t\t<div class=\"elementor-container elementor-column-gap-default\">\n\t\t\t\t\t\t\t<div class=\"elementor-row\">\n\t\t\t\t\t<div class=\"elementor-column elementor-col-100 elementor-top-column elementor-element elementor-element-cece68c\" data-id=\"cece68c\" data-element_type=\"column\">\n\t\t\t<div class=\"elementor-column-wrap elementor-element-populated\">\n\t\t\t\t\t\t\t<div class=\"elementor-widget-wrap\">\n\t\t\t\t\t\t<div class=\"elementor-element elementor-element-31e4bf2 elementor-widget elementor-widget-listeo-headline\" data-id=\"31e4bf2\" data-element_type=\"widget\" data-widget_type=\"listeo-headline.default\">\n\t\t\t\t<div class=\"elementor-widget-container\">\n\t\t\t\t\t<h3 \n\t\tstyle=\"text-align:center;\" class=\"headline  headline-aligned-to-center headline-extra-spacing headline-box \"> Schulung und Coaching <\/h3>\n\t\t\t\t<\/div>\n\t\t\t\t<\/div>\n\t\t\t\t<div class=\"elementor-element elementor-element-06b807f elementor-widget elementor-widget-listeo-listings\" data-id=\"06b807f\" data-element_type=\"widget\" data-widget_type=\"listeo-listings.default\">\n\t\t\t\t<div class=\"elementor-widget-container\">\n\t\t\t\n\t\t\t<div class=\"row margin-bottom-25\">\n\n\t\t\t\t\n\n\n<!-- Sorting \/ Layout Switcher -->\n\t\t<div class=\"col-md-12\">\n\t\t\t\t<div class=\"fullwidth-filters  ajax-search \">\n\n\t\t\t\n\t\t\t\n\t\t\t\t\t\t\t<!-- Sort by -->\n\t\t\t\t<div class=\"sort-by\">\n\t\t\t\t\t<div class=\"sort-by-select\">\n\t\t\t\t\t\t\t\t\t\t\t\t<select form=\"listeo_core-search-form\" name=\"listeo_core_order\" data-placeholder=\"Standard Order\" class=\"select2-sortby orderby\">\n\t\t\t\t\t\t\t<option  value=\"default\">Standard<\/option>\n\t\t\t\t\t\t\t<option  value=\"highest-rated\">H\u00f6chste Bewertung<\/option>\n\t\t\t\t\t\t\t\t\t\t\t\t\t\t\t<option  value=\"reviewed\">Meist bewertet<\/option>\n\t\t\t\t\t\t\t\t\t\t\t\t\t\t<option  value=\"date-desc\">Neueste Beitr\u00e4ge<\/option>\n\t\t\t\t\t\t\t<option  value=\"date-asc\">\u00c4lteste Listings<\/option>\n\t\t\t\t\t\t\t<option  value=\"title\">Alphabetisch<\/option>\n\t\t\t\t\t\t\t<option  selected='selected' value=\"featured\">Featured<\/option>\n\t\t\t\t\t\t\t<option  value=\"views\">Die meisten Aufrufe<\/option>\n\t\t\t\t\t\t\t<option  value=\"verified\">Verifiziert<\/option>\n\t\t\t\t\t\t\t<option  value=\"upcoming-event\">Upcoming Event<\/option>\n\t\t\t\t\t\t\t<option  value=\"rand\">Zuf\u00e4llig<\/option>\n\t\t\t\t\t\t<\/select>\n\t\t\t\t\t<\/div>\n\t\t\t\t<\/div>\n\t\t\t\t<!-- Sort by \/ End -->\n\t\t\t\n\t\t<\/div>\n\t\t<\/div>\t\t\t<\/div>\n\t\t<div id=\"listeo-listings-container\">\r\n\t\t\t\t\t\t\t<div class=\"loader-ajax-container\" style=\"\"> <div class=\"loader-ajax\"><\/div> <\/div>\r\n<section id=\"listings-not-found\" class=\"margin-bottom-50 col-md-12\">\r\n\t<h2>Es wurden keine Fachleute gefunden<\/h2>\r\n\t<p>Es tut uns leid, aber wir haben keine Eintr\u00e4ge, die zu Ihrer Suche passen, versuchen Sie, Ihre Sucheinstellungen zu \u00e4ndern<\/p>\r\n<\/section>\r\n<\/div>\t\t<\/div>\n\t\t\t\t<\/div>\n\t\t\t\t\t\t<\/div>\n\t\t\t\t\t<\/div>\n\t\t<\/div>\n\t\t\t\t\t\t\t\t<\/div>\n\t\t\t\t\t<\/div>\n\t\t<\/section>\n\t\t\t\t\t\t\t\t\t<\/div>\n\t\t\t<\/div>\n\t\t\t\t\t<\/div>\n\t\t","protected":false},"excerpt":{"rendered":"<p>Finden Sie einen Trauredner, der in der Schweiz arbeitet! Dieses kleine Land im Herzen Europas hat ungeahnte Sch\u00e4tze f\u00fcr Ihre Hochzeitsfeier zu bieten! Bekannt f\u00fcr seine bergige Landschaft, haben Sie die Wahl zwischen vielen Landschaften und sogar mehreren Sprachen, da die Schweiz vier offizielle Sprachen hat: Franz\u00f6sisch, Deutsch, Italienisch und R\u00e4toromanisch. Ihre Zeremonie wird sich [&hellip;]<\/p>\n","protected":false},"author":1,"featured_media":0,"parent":0,"menu_order":0,"comment_status":"closed","ping_status":"closed","template":"","meta":{"_vp_format_video_url":"","_vp_image_focal_point":[],"footnotes":""},"class_list":["post-53991","page","type-page","status-publish","hentry"],"amp_enabled":true,"_links":{"self":[{"href":"https:\/\/www.ceremonie-laique.fr\/de\/wp-json\/wp\/v2\/pages\/53991","targetHints":{"allow":["GET"]}}],"collection":[{"href":"https:\/\/www.ceremonie-laique.fr\/de\/wp-json\/wp\/v2\/pages"}],"about":[{"href":"https:\/\/www.ceremonie-laique.fr\/de\/wp-json\/wp\/v2\/types\/page"}],"author":[{"embeddable":true,"href":"https:\/\/www.ceremonie-laique.fr\/de\/wp-json\/wp\/v2\/users\/1"}],"replies":[{"embeddable":true,"href":"https:\/\/www.ceremonie-laique.fr\/de\/wp-json\/wp\/v2\/comments?post=53991"}],"version-history":[{"count":0,"href":"https:\/\/www.ceremonie-laique.fr\/de\/wp-json\/wp\/v2\/pages\/53991\/revisions"}],"wp:attachment":[{"href":"https:\/\/www.ceremonie-laique.fr\/de\/wp-json\/wp\/v2\/media?parent=53991"}],"curies":[{"name":"wp","href":"https:\/\/api.w.org\/{rel}","templated":true}]}}