{"id":53993,"date":"2021-08-11T15:31:45","date_gmt":"2021-08-11T13:31:45","guid":{"rendered":"https:\/\/www.ceremonie-laique.fr\/farewell-ceremonies-celebrant-for-secular-funeral-and-burial-ceremonies\/"},"modified":"2021-08-11T15:31:46","modified_gmt":"2021-08-11T13:31:46","slug":"farewell-ceremonies-celebrant-for-secular-funeral-and-burial-ceremonies","status":"publish","type":"page","link":"https:\/\/www.ceremonie-laique.fr\/en\/farewell-ceremonies-celebrant-for-secular-funeral-and-burial-ceremonies\/","title":{"rendered":"Farewell ceremonies: Celebrant for secular funeral and burial ceremonies"},"content":{"rendered":"\t\t<div data-elementor-type=\"wp-page\" data-elementor-id=\"53993\" class=\"elementor elementor-53993 elementor-51112\">\n\t\t\t\t\t\t<div class=\"elementor-inner\">\n\t\t\t\t<div class=\"elementor-section-wrap\">\n\t\t\t\t\t\t\t\t\t<section class=\"elementor-section elementor-top-section elementor-element elementor-element-9246b40 elementor-section-boxed elementor-section-height-default elementor-section-height-default\" data-id=\"9246b40\" data-element_type=\"section\">\n\t\t\t\t\t\t<div class=\"elementor-container elementor-column-gap-default\">\n\t\t\t\t\t\t\t<div class=\"elementor-row\">\n\t\t\t\t\t<div class=\"elementor-column elementor-col-66 elementor-top-column elementor-element elementor-element-3e30442\" data-id=\"3e30442\" data-element_type=\"column\">\n\t\t\t<div class=\"elementor-column-wrap elementor-element-populated\">\n\t\t\t\t\t\t\t<div class=\"elementor-widget-wrap\">\n\t\t\t\t\t\t<div class=\"elementor-element elementor-element-727ccc6 elementor-widget elementor-widget-text-editor\" data-id=\"727ccc6\" data-element_type=\"widget\" data-widget_type=\"text-editor.default\">\n\t\t\t\t<div class=\"elementor-widget-container\">\n\t\t\t\t\t\t\t\t<div class=\"elementor-text-editor elementor-clearfix\">\n\t\t\t\t<p><em>We frequently talk about secular wedding ceremonies or naming ceremonies, happy and enjoyable events! We hear less about secular ceremonies for funerals, named &#8220;<strong>farewell ceremonies&#8221;<\/strong>.<\/em><\/p>\n<p><em>Certainly, the context of these events is unfortunate, and if they could be avoided, we would! But this is not the case, and everyone will have experienced, at least once in their lives, a funeral. And just like weddings, many people do not want a religious funeral.<\/em><\/p>\n<\/p>\n<p><em>Some celebrant or officiant of secular wedding ceremonies can celebrate farewell ceremonies, as part of a funeral, cremation: find on this site the officiant to celebrate the funeral of your loved ones.<\/em><\/p>\n\t\t\t\t\t<\/div>\n\t\t\t\t\t\t<\/div>\n\t\t\t\t<\/div>\n\t\t\t\t\t\t<\/div>\n\t\t\t\t\t<\/div>\n\t\t<\/div>\n\t\t\t\t<div class=\"elementor-column elementor-col-33 elementor-top-column elementor-element elementor-element-a595b00\" data-id=\"a595b00\" data-element_type=\"column\">\n\t\t\t<div class=\"elementor-column-wrap elementor-element-populated\">\n\t\t\t\t\t\t\t<div class=\"elementor-widget-wrap\">\n\t\t\t\t\t\t<div class=\"elementor-element elementor-element-b3d59f6 elementor-widget elementor-widget-crel-notification-box creative-addons crel-notification-box\" data-id=\"b3d59f6\" data-element_type=\"widget\" data-widget_type=\"crel-notification-box.default\">\n\t\t\t\t<div class=\"elementor-widget-container\">\n\t\t\t\r\n\t\t<!-- Notification Box -->\r\n\t\t<div class=\"crel-notification-box-container crel-notification-box-align--left crel-notification-box-border--left crel-notification-box-icon-center-aligned\">\r\n\r\n\t\t\t\t\t\t\t<div class=\"crel-notification-box__icon crel-notification-box__icon--icon\">\r\n\t\t\t\t\t<div class=\"crel-notification-box__icon__inner fas fa-info-circle\"><\/div>\t\t\t\t<\/div>\t\t\t\t\r\n\t\t\t<div class=\"crel-notification-box__body\"><span class=\"crel-notification-box__body__title\">A noter !<\/span>\r\n\t\t\t\t<div class=\"crel-notification-box__body__desc\"><p>L'activit\u00e9 de \"<strong>ma\u00eetre de c\u00e9r\u00e9monies fun\u00e9raires<\/strong>\" est r\u00e9glement\u00e9e. V\u00e9rifiez, au pr\u00e9alable, le certificat d'aptitude de l'officiant que vous aurez choisi...<\/p><\/div>\t\t\t\t\r\n\t\t\t<\/div>\r\n\r\n\t\t<\/div>\t\t\t\t<\/div>\n\t\t\t\t<\/div>\n\t\t\t\t\t\t<\/div>\n\t\t\t\t\t<\/div>\n\t\t<\/div>\n\t\t\t\t\t\t\t\t<\/div>\n\t\t\t\t\t<\/div>\n\t\t<\/section>\n\t\t\t\t<section class=\"elementor-section elementor-top-section elementor-element elementor-element-79d204ee elementor-section-boxed elementor-section-height-default elementor-section-height-default\" data-id=\"79d204ee\" data-element_type=\"section\">\n\t\t\t\t\t\t<div class=\"elementor-container elementor-column-gap-default\">\n\t\t\t\t\t\t\t<div class=\"elementor-row\">\n\t\t\t\t\t<div class=\"elementor-column elementor-col-100 elementor-top-column elementor-element elementor-element-70538025\" data-id=\"70538025\" data-element_type=\"column\">\n\t\t\t<div class=\"elementor-column-wrap elementor-element-populated\">\n\t\t\t\t\t\t\t<div class=\"elementor-widget-wrap\">\n\t\t\t\t\t\t<div class=\"elementor-element elementor-element-fb0c907 elementor-widget elementor-widget-text-editor\" data-id=\"fb0c907\" data-element_type=\"widget\" data-widget_type=\"text-editor.default\">\n\t\t\t\t<div class=\"elementor-widget-container\">\n\t\t\t\t\t\t\t\t<div class=\"elementor-text-editor elementor-clearfix\">\n\t\t\t\t<h2>For a funeral, who chooses the type of ceremony?<\/h2>\n<p>Everyone can decide on their funeral while they are alive. Simply communicate your wishes to, at least, one person you trust: your loved ones, family or friends.<\/p>\n<p><h2>A secular ceremony for the funeral?<\/h2>\n<p>Of course! It is even an intimate and personal ceremony, which allows you to say a &#8220;goodbye&#8221; to a loved one, in accordance with his or her wishes, and in the image of what he or she was, with as much emotion as a religious ceremony. The approach is meant to be personalized!<\/p>\n<h2>How does a funeral ceremony unfold?<\/h2>\n<p>In fact, just like secular wedding ceremonies, nothing is imposed, the farewell ceremony leaves the content free to choose! The different stages allow the deceased to be accompanied to his or her final resting place, and help the family to overcome this ordeal.<\/p>\n<p>Each moment of the ceremony focuses on the memory of the deceased, his life, his work, his memory. Readings of texts, poems, listening to favorite music, speaking by loved ones, rituals of remembrance are all ways to pay tribute to the deceased. The officiant plays an important role because he or she will set the pace for the ceremony, alternating readings, speeches and moments of contemplation.<\/p>\n<h2>Funeral master of ceremonies role<\/h2>\n<p>The master of ceremonies ensures the quality of the tribute rendered. He or she ensures that the funeral ceremony runs smoothly. He or she is the main facilitator.<\/p>\n<p>The role of the master of ceremonies is to ensure the quality of the tribute.<\/p>\n<p>His role is to control the actions and the actors: he supervises the team of pallbearers and remains the privileged interlocutor of the families. Rigor, organization and psychology are essential to the exercise of this profession.<\/p>\n<ul>\n<li>He takes over from the funeral consultant and ensures the smooth running of the funeral from the ceremony to the burial.<\/li>\n<li>He accompanies and directs the funeral convoy. He is responsible for the team of funeral agents present.<\/li>\n<li>He sees to the proper conduct of the ceremony<\/li>\n<p>.\n<\/ul>\n<h2>What officiant to choose to say farewell<\/h2>\n<p>You can choose someone close to you who knew the deceased, but be careful not to become overwhelmed with emotion. This type of ceremony can be very hard to conduct, and it is best to leave it to a professional officiant. Most funeral directors or crematoriums offer this service. However, the service can be performed by a simple employee who has a template that can be applied to all funerals. The result may be disappointing, and not what you expected.<\/p>\n<p>Find all <a href=\"https:\/\/www.ceremonie-laique.fr\/en\/wedding-category\/funeral-celebrant\/\" data-type=\"URL\" data-id=\"https:\/\/www.ceremonie-laique.fr\/categorie-mariage\/officiant-funeraire\/\">farewell ceremony, funeral and burial officiants by clicking here<\/a>&#8230;<\/p>\n<p>Secular funeral ceremony professionals have developed. Either they have specialized in this field, or they are wedding ceremony officiants, who have expanded their fields of expertise to the funeral industry.<\/p>\n<p><p>Note that the officiant must hold the state diploma of <em>Funeral Master of Ceremonies<\/em> for the celebration of funerals, which is a public service mission supervised by the state.<\/p>\n<p>Whatever the content of the events, ask for references and be demanding of the professional you seek&#8230;<\/p>\n\t\t\t\t\t<\/div>\n\t\t\t\t\t\t<\/div>\n\t\t\t\t<\/div>\n\t\t\t\t\t\t<\/div>\n\t\t\t\t\t<\/div>\n\t\t<\/div>\n\t\t\t\t\t\t\t\t<\/div>\n\t\t\t\t\t<\/div>\n\t\t<\/section>\n\t\t\t\t<section class=\"elementor-section elementor-top-section elementor-element elementor-element-7abc8e4 elementor-section-boxed elementor-section-height-default elementor-section-height-default\" data-id=\"7abc8e4\" data-element_type=\"section\">\n\t\t\t\t\t\t<div class=\"elementor-container elementor-column-gap-default\">\n\t\t\t\t\t\t\t<div class=\"elementor-row\">\n\t\t\t\t\t<div class=\"elementor-column elementor-col-100 elementor-top-column elementor-element elementor-element-dd638fe\" data-id=\"dd638fe\" data-element_type=\"column\">\n\t\t\t<div class=\"elementor-column-wrap elementor-element-populated\">\n\t\t\t\t\t\t\t<div class=\"elementor-widget-wrap\">\n\t\t\t\t\t\t<div class=\"elementor-element elementor-element-c01305e elementor-widget elementor-widget-heading\" data-id=\"c01305e\" data-element_type=\"widget\" data-widget_type=\"heading.default\">\n\t\t\t\t<div class=\"elementor-widget-container\">\n\t\t\t<h2 class=\"elementor-heading-title elementor-size-default\">Some funeral celebrants<\/h2>\t\t<\/div>\n\t\t\t\t<\/div>\n\t\t\t\t<div class=\"elementor-element elementor-element-479e3e7 elementor-widget elementor-widget-listeo-listings\" data-id=\"479e3e7\" data-element_type=\"widget\" data-widget_type=\"listeo-listings.default\">\n\t\t\t\t<div class=\"elementor-widget-container\">\n\t\t\t\n\t\t\t<div class=\"row margin-bottom-25\">\n\n\t\t\t\t\n\n\n<!-- Sorting \/ Layout Switcher -->\n\t\t<div class=\"col-md-12\">\n\t\t\t\t<div class=\"fullwidth-filters  ajax-search \">\n\n\t\t\t\n\t\t\t\t\t\t\t<!-- Panel Dropdown-->\n\t\t\t\t<div class=\"panel-dropdown float-right\">\n\t\t\t\t\t<a href=\"#\">Distance Radius<\/a>\n\t\t\t\t\t<div class=\"panel-dropdown-content radius-dropdown\">\n\t\t\t\t\t\t\t\t\t\t\t\t<input form=\"listeo_core-search-form\" name=\"search_radius\" class=\"distance-radius\" type=\"range\" min=\"1\" max=\"100\" step=\"1\" value=\"50\" data-title=\"Radius around selected destination\">\n\t\t\t\t\t\t<div class=\"panel-buttons\">\n\t\t\t\t\t\t\t<span class=\"panel-disable\" data-disable=\"Disable\" data-enable=\"Enable\">Disable<\/span>\n\t\t\t\t\t\t\t<button class=\"panel-apply\">Apply<\/button>\n\t\t\t\t\t\t<\/div>\n\t\t\t\t\t<\/div>\n\t\t\t\t<\/div>\n\t\t\t\t<!-- Panel Dropdown \/ End -->\n\t\t\t\n\t\t\t\t\t\t\t<!-- Sort by -->\n\t\t\t\t<div class=\"sort-by\">\n\t\t\t\t\t<div class=\"sort-by-select\">\n\t\t\t\t\t\t\t\t\t\t\t\t<select form=\"listeo_core-search-form\" name=\"listeo_core_order\" data-placeholder=\"Default order\" class=\"select2-sortby orderby\">\n\t\t\t\t\t\t\t<option  value=\"default\">Default Order<\/option>\n\t\t\t\t\t\t\t<option  value=\"highest-rated\">Highest Rated<\/option>\n\t\t\t\t\t\t\t\t\t\t\t\t\t\t\t<option  value=\"reviewed\">Most Reviewed<\/option>\n\t\t\t\t\t\t\t\t\t\t\t\t\t\t<option  value=\"date-desc\">Newest Listings<\/option>\n\t\t\t\t\t\t\t<option  value=\"date-asc\">Oldest Listings<\/option>\n\t\t\t\t\t\t\t<option  value=\"title\">Alphabetically<\/option>\n\t\t\t\t\t\t\t<option  selected='selected' value=\"featured\">Featured<\/option>\n\t\t\t\t\t\t\t<option  value=\"views\">Most Views<\/option>\n\t\t\t\t\t\t\t<option  value=\"verified\">Verified<\/option>\n\t\t\t\t\t\t\t<option  value=\"upcoming-event\">Upcoming Event<\/option>\n\t\t\t\t\t\t\t<option  value=\"rand\">Random<\/option>\n\t\t\t\t\t\t<\/select>\n\t\t\t\t\t<\/div>\n\t\t\t\t<\/div>\n\t\t\t\t<!-- Sort by \/ End -->\n\t\t\t\n\t\t<\/div>\n\t\t<\/div>\t\t\t<\/div>\n\t\t<div id=\"listeo-listings-container\">\r\n\t\t\t\t\t\t\t<div class=\"loader-ajax-container\" style=\"\"> <div class=\"loader-ajax\"><\/div> <\/div>\r\n<section id=\"listings-not-found\" class=\"margin-bottom-50 col-md-12\">\r\n\t<h2>Nothing found<\/h2>\r\n\t<p>We&rsquo;re sorry but we do not have any listings matching your search, try to change you search settings<\/p>\r\n<\/section>\r\n<\/div>\t\t<\/div>\n\t\t\t\t<\/div>\n\t\t\t\t\t\t<\/div>\n\t\t\t\t\t<\/div>\n\t\t<\/div>\n\t\t\t\t\t\t\t\t<\/div>\n\t\t\t\t\t<\/div>\n\t\t<\/section>\n\t\t\t\t\t\t\t\t\t<\/div>\n\t\t\t<\/div>\n\t\t\t\t\t<\/div>\n\t\t","protected":false},"excerpt":{"rendered":"<p>We frequently talk about secular wedding ceremonies or naming ceremonies, happy and enjoyable events! We hear less about secular ceremonies for funerals, named &#8220;farewell ceremonies&#8221;. Certainly, the context of these events is unfortunate, and if they could be avoided, we would! But this is not the case, and everyone will have experienced, at least once [&hellip;]<\/p>\n","protected":false},"author":1,"featured_media":0,"parent":0,"menu_order":0,"comment_status":"closed","ping_status":"closed","template":"","meta":{"_vp_format_video_url":"","_vp_image_focal_point":[],"footnotes":""},"class_list":["post-53993","page","type-page","status-publish","hentry"],"amp_enabled":true,"_links":{"self":[{"href":"https:\/\/www.ceremonie-laique.fr\/en\/wp-json\/wp\/v2\/pages\/53993","targetHints":{"allow":["GET"]}}],"collection":[{"href":"https:\/\/www.ceremonie-laique.fr\/en\/wp-json\/wp\/v2\/pages"}],"about":[{"href":"https:\/\/www.ceremonie-laique.fr\/en\/wp-json\/wp\/v2\/types\/page"}],"author":[{"embeddable":true,"href":"https:\/\/www.ceremonie-laique.fr\/en\/wp-json\/wp\/v2\/users\/1"}],"replies":[{"embeddable":true,"href":"https:\/\/www.ceremonie-laique.fr\/en\/wp-json\/wp\/v2\/comments?post=53993"}],"version-history":[{"count":0,"href":"https:\/\/www.ceremonie-laique.fr\/en\/wp-json\/wp\/v2\/pages\/53993\/revisions"}],"wp:attachment":[{"href":"https:\/\/www.ceremonie-laique.fr\/en\/wp-json\/wp\/v2\/media?parent=53993"}],"curies":[{"name":"wp","href":"https:\/\/api.w.org\/{rel}","templated":true}]}}