{"id":53985,"date":"2021-08-11T15:19:25","date_gmt":"2021-08-11T13:19:25","guid":{"rendered":"https:\/\/www.ceremonie-laique.fr\/ceremonia-laica-en-espana\/"},"modified":"2021-08-11T15:19:26","modified_gmt":"2021-08-11T13:19:26","slug":"ceremonia-laica-en-espana","status":"publish","type":"page","link":"https:\/\/www.ceremonie-laique.fr\/es\/ceremonia-laica-en-espana\/","title":{"rendered":"Ceremonia laica en Espa\u00f1a"},"content":{"rendered":"\t\t<div data-elementor-type=\"wp-page\" data-elementor-id=\"53985\" class=\"elementor elementor-53985 elementor-51664\">\n\t\t\t\t\t\t<div class=\"elementor-inner\">\n\t\t\t\t<div class=\"elementor-section-wrap\">\n\t\t\t\t\t\t\t\t\t<section class=\"elementor-section elementor-top-section elementor-element elementor-element-5cdc2c7 elementor-section-boxed elementor-section-height-default elementor-section-height-default\" data-id=\"5cdc2c7\" data-element_type=\"section\">\n\t\t\t\t\t\t<div class=\"elementor-container elementor-column-gap-default\">\n\t\t\t\t\t\t\t<div class=\"elementor-row\">\n\t\t\t\t\t<div class=\"elementor-column elementor-col-100 elementor-top-column elementor-element elementor-element-05fef45\" data-id=\"05fef45\" data-element_type=\"column\">\n\t\t\t<div class=\"elementor-column-wrap elementor-element-populated\">\n\t\t\t\t\t\t\t<div class=\"elementor-widget-wrap\">\n\t\t\t\t\t\t<div class=\"elementor-element elementor-element-e1d54b7 elementor-widget elementor-widget-text-editor\" data-id=\"e1d54b7\" data-element_type=\"widget\" data-widget_type=\"text-editor.default\">\n\t\t\t\t<div class=\"elementor-widget-container\">\n\t\t\t\t\t\t\t\t<div class=\"elementor-text-editor elementor-clearfix\">\n\t\t\t\t<p><img decoding=\"async\" class=\"alignright wp-image-51074 size-full\" src=\"https:\/\/www.ceremonie-laique.fr\/wp-content\/uploads\/2021\/03\/Mariage-Espagne.png\" alt=\"\" width=\"150\" height=\"131\" title=\"\"><\/p>\n<p>Como segundo destino tur\u00edstico del mundo, no tendr\u00e1 ninguna dificultad para preparar y organizar su ceremonia de boda en Espa\u00f1a. Todas las infraestructuras est\u00e1n ah\u00ed para acogerle a usted y a sus invitados. Ya sea en Madrid capital, en la Barcelona catalana, en la Costa Brava junto al mar o en la Sevilla andaluza, encontrar\u00e1s lugares preciosos para casarte.<\/p>\n<p>Pero Espa\u00f1a tambi\u00e9n tiene lugares m\u00e1s discretos, que tienen mucho que ofrecer, y participar en tu rom\u00e1ntico cambio de aires. Los paisajes de orientaci\u00f3n mediterr\u00e1nea aportan un innegable aire de vacaciones. El relieve de los Pirineos te traer\u00e1 un soplo de aire fresco, un panorama monta\u00f1oso, ideal para una ceremonia excepcional!<\/p>\n<p>Disfruta de lugares como Granada y su Alhambra, la bella San Sebasti\u00e1n, la Playa del Silencio, Carmona, Islas C\u00edes, Zaragoza, Segovia, Sierra Nevada, Las Palmas, Bilbao, Valencia, Palma de Mallorca, C\u00f3rdoba, Sevilla, o incluso La Rioja.<\/p>\n\t\t\t\t\t<\/div>\n\t\t\t\t\t\t<\/div>\n\t\t\t\t<\/div>\n\t\t\t\t<div class=\"elementor-element elementor-element-1f7e42d elementor-tabs-view-horizontal elementor-widget elementor-widget-tabs\" data-id=\"1f7e42d\" data-element_type=\"widget\" data-widget_type=\"tabs.default\">\n\t\t\t\t<div class=\"elementor-widget-container\">\n\t\t\t\t\t<div class=\"elementor-tabs\">\n\t\t\t<div class=\"elementor-tabs-wrapper\" role=\"tablist\" >\n\t\t\t\t\t\t\t\t\t<div id=\"elementor-tab-title-3301\" class=\"elementor-tab-title elementor-tab-desktop-title\" aria-selected=\"true\" data-tab=\"1\" role=\"tab\" tabindex=\"0\" aria-controls=\"elementor-tab-content-3301\" aria-expanded=\"false\"><a href=\"\">Comunidades Aut\u00f3nomas del Sur<\/a><\/div>\n\t\t\t\t\t\t\t\t\t<div id=\"elementor-tab-title-3302\" class=\"elementor-tab-title elementor-tab-desktop-title\" aria-selected=\"false\" data-tab=\"2\" role=\"tab\" tabindex=\"-1\" aria-controls=\"elementor-tab-content-3302\" aria-expanded=\"false\"><a href=\"\">Comunidades Aut\u00f3nomas del Norte<\/a><\/div>\n\t\t\t\t\t\t\t\t\t<div id=\"elementor-tab-title-3303\" class=\"elementor-tab-title elementor-tab-desktop-title\" aria-selected=\"false\" data-tab=\"3\" role=\"tab\" tabindex=\"-1\" aria-controls=\"elementor-tab-content-3303\" aria-expanded=\"false\"><a href=\"\">Comunidades aut\u00f3nomas en el centro<\/a><\/div>\n\t\t\t\t\t\t\t\t\t<div id=\"elementor-tab-title-3304\" class=\"elementor-tab-title elementor-tab-desktop-title\" aria-selected=\"false\" data-tab=\"4\" role=\"tab\" tabindex=\"-1\" aria-controls=\"elementor-tab-content-3304\" aria-expanded=\"false\"><a href=\"\">Islas<\/a><\/div>\n\t\t\t\t\t\t\t<\/div>\n\t\t\t<div class=\"elementor-tabs-content-wrapper\" role=\"tablist\" aria-orientation=\"vertical\">\n\t\t\t\t\t\t\t\t\t<div class=\"elementor-tab-title elementor-tab-mobile-title\" aria-selected=\"true\" data-tab=\"1\" role=\"tab\" tabindex=\"0\" aria-controls=\"elementor-tab-content-3301\" aria-expanded=\"false\">Comunidades Aut\u00f3nomas del Sur<\/div>\n\t\t\t\t\t<div id=\"elementor-tab-content-3301\" class=\"elementor-tab-content elementor-clearfix\" data-tab=\"1\" role=\"tabpanel\" aria-labelledby=\"elementor-tab-title-3301\" tabindex=\"0\" hidden=\"false\"><ul>\n<li>Andaluc\u00eda<\/li>\n<li>Regi\u00f3n de Murcia<\/li>\n<li>Comunidad Valenciana<\/li>\n<\/ul>\n<\/div>\n\t\t\t\t\t\t\t\t\t<div class=\"elementor-tab-title elementor-tab-mobile-title\" aria-selected=\"false\" data-tab=\"2\" role=\"tab\" tabindex=\"-1\" aria-controls=\"elementor-tab-content-3302\" aria-expanded=\"false\">Comunidades Aut\u00f3nomas del Norte<\/div>\n\t\t\t\t\t<div id=\"elementor-tab-content-3302\" class=\"elementor-tab-content elementor-clearfix\" data-tab=\"2\" role=\"tabpanel\" aria-labelledby=\"elementor-tab-title-3302\" tabindex=\"0\" hidden=\"hidden\"><ul>\n<li>Arag\u00f3n<\/li>\n<li>Asturias<\/li>\n<li>Cantabria<\/li>\n<li>Catalu\u00f1a<\/li>\n<li>Galicia<\/li>\n<li>Navarra<\/li>\n<li>Pa\u00eds Vasco<\/li>\n<li>La Rioja<\/li>\n<\/ul>\n<\/div>\n\t\t\t\t\t\t\t\t\t<div class=\"elementor-tab-title elementor-tab-mobile-title\" aria-selected=\"false\" data-tab=\"3\" role=\"tab\" tabindex=\"-1\" aria-controls=\"elementor-tab-content-3303\" aria-expanded=\"false\">Comunidades aut\u00f3nomas en el centro<\/div>\n\t\t\t\t\t<div id=\"elementor-tab-content-3303\" class=\"elementor-tab-content elementor-clearfix\" data-tab=\"3\" role=\"tabpanel\" aria-labelledby=\"elementor-tab-title-3303\" tabindex=\"0\" hidden=\"hidden\"><ul>\n<li>Castilla y Le\u00f3n<\/li>\n<li>Castilla-La Mancha<\/li>\n<li>Estremadura<\/li>\n<li>Comunidad de Madrid<\/li>\n<\/ul>\n<\/div>\n\t\t\t\t\t\t\t\t\t<div class=\"elementor-tab-title elementor-tab-mobile-title\" aria-selected=\"false\" data-tab=\"4\" role=\"tab\" tabindex=\"-1\" aria-controls=\"elementor-tab-content-3304\" aria-expanded=\"false\">Islas<\/div>\n\t\t\t\t\t<div id=\"elementor-tab-content-3304\" class=\"elementor-tab-content elementor-clearfix\" data-tab=\"4\" role=\"tabpanel\" aria-labelledby=\"elementor-tab-title-3304\" tabindex=\"0\" hidden=\"hidden\"><ul>\n<li>Islas Baleares<\/li>\n<li>Islas Canarias<\/li>\n<\/ul>\n<\/div>\n\t\t\t\t\t\t\t<\/div>\n\t\t<\/div>\n\t\t\t\t<\/div>\n\t\t\t\t<\/div>\n\t\t\t\t\t\t<\/div>\n\t\t\t\t\t<\/div>\n\t\t<\/div>\n\t\t\t\t\t\t\t\t<\/div>\n\t\t\t\t\t<\/div>\n\t\t<\/section>\n\t\t\t\t<section class=\"elementor-section elementor-top-section elementor-element elementor-element-1d1060b elementor-section-boxed elementor-section-height-default elementor-section-height-default\" data-id=\"1d1060b\" data-element_type=\"section\">\n\t\t\t\t\t\t<div class=\"elementor-container elementor-column-gap-default\">\n\t\t\t\t\t\t\t<div class=\"elementor-row\">\n\t\t\t\t\t<div class=\"elementor-column elementor-col-100 elementor-top-column elementor-element elementor-element-59f6a89\" data-id=\"59f6a89\" data-element_type=\"column\">\n\t\t\t<div class=\"elementor-column-wrap elementor-element-populated\">\n\t\t\t\t\t\t\t<div class=\"elementor-widget-wrap\">\n\t\t\t\t\t\t<div class=\"elementor-element elementor-element-275bd8c elementor-widget elementor-widget-listeo-headline\" data-id=\"275bd8c\" data-element_type=\"widget\" data-widget_type=\"listeo-headline.default\">\n\t\t\t\t<div class=\"elementor-widget-container\">\n\t\t\t\t\t<h3 \n\t\tstyle=\"text-align:center;\" class=\"headline  headline-aligned-to-center headline-extra-spacing headline-box \"> Les officiants en Espagne <\/h3>\n\t\t\t\t<\/div>\n\t\t\t\t<\/div>\n\t\t\t\t<div class=\"elementor-element elementor-element-2e6d1ca elementor-widget elementor-widget-listeo-listings\" data-id=\"2e6d1ca\" data-element_type=\"widget\" data-widget_type=\"listeo-listings.default\">\n\t\t\t\t<div class=\"elementor-widget-container\">\n\t\t\t\n\t\t\t<div class=\"row margin-bottom-25\">\n\n\t\t\t\t\n\n\n<!-- Sorting \/ Layout Switcher -->\n\t\t<div class=\"col-md-12\">\n\t\t\t\t<div class=\"fullwidth-filters  ajax-search \">\n\n\t\t\t\n\t\t\t\n\t\t\t\t\t\t\t<!-- Sort by -->\n\t\t\t\t<div class=\"sort-by\">\n\t\t\t\t\t<div class=\"sort-by-select\">\n\t\t\t\t\t\t\t\t\t\t\t\t<select form=\"listeo_core-search-form\" name=\"listeo_core_order\" data-placeholder=\"Orden por defecto\" class=\"select2-sortby orderby\">\n\t\t\t\t\t\t\t<option  value=\"default\">Orden por defecto<\/option>\n\t\t\t\t\t\t\t<option  value=\"highest-rated\">La m\u00e1s valorada<\/option>\n\t\t\t\t\t\t\t\t\t\t\t\t\t\t\t<option  value=\"reviewed\">Lo m\u00e1s revisado<\/option>\n\t\t\t\t\t\t\t\t\t\t\t\t\t\t<option  value=\"date-desc\">El m\u00e1s reciente<\/option>\n\t\t\t\t\t\t\t<option  value=\"date-asc\">Anuncios m\u00e1s antiguos<\/option>\n\t\t\t\t\t\t\t<option  value=\"title\">Alfab\u00e9ticamente<\/option>\n\t\t\t\t\t\t\t<option  selected='selected' value=\"featured\">Destacado<\/option>\n\t\t\t\t\t\t\t<option  value=\"views\">La mayor\u00eda de las vistas<\/option>\n\t\t\t\t\t\t\t<option  value=\"verified\">Verified<\/option>\n\t\t\t\t\t\t\t<option  value=\"upcoming-event\">Upcoming Event<\/option>\n\t\t\t\t\t\t\t<option  value=\"rand\">Aleatorio<\/option>\n\t\t\t\t\t\t<\/select>\n\t\t\t\t\t<\/div>\n\t\t\t\t<\/div>\n\t\t\t\t<!-- Sort by \/ End -->\n\t\t\t\n\t\t<\/div>\n\t\t<\/div>\t\t\t<\/div>\n\t\t<div id=\"listeo-listings-container\">\r\n\t\t\t\t\t\t\t<div class=\"loader-ajax-container\" style=\"\"> <div class=\"loader-ajax\"><\/div> <\/div>\r\n<section id=\"listings-not-found\" class=\"margin-bottom-50 col-md-12\">\r\n\t<h2>No se encontraron profesionales<\/h2>\r\n\t<p>Lo sentimos, no tenemos profesionales que coincidan con su b\u00fasqueda. Por favor, intente cambiar los par\u00e1metros de b\u00fasqueda.<\/p>\r\n<\/section>\r\n<\/div>\t\t<\/div>\n\t\t\t\t<\/div>\n\t\t\t\t\t\t<\/div>\n\t\t\t\t\t<\/div>\n\t\t<\/div>\n\t\t\t\t\t\t\t\t<\/div>\n\t\t\t\t\t<\/div>\n\t\t<\/section>\n\t\t\t\t<section class=\"elementor-section elementor-top-section elementor-element elementor-element-5395ce9 elementor-section-boxed elementor-section-height-default elementor-section-height-default\" data-id=\"5395ce9\" data-element_type=\"section\">\n\t\t\t\t\t\t<div class=\"elementor-container elementor-column-gap-default\">\n\t\t\t\t\t\t\t<div class=\"elementor-row\">\n\t\t\t\t\t<div class=\"elementor-column elementor-col-100 elementor-top-column elementor-element elementor-element-68dabca\" data-id=\"68dabca\" data-element_type=\"column\">\n\t\t\t<div class=\"elementor-column-wrap elementor-element-populated\">\n\t\t\t\t\t\t\t<div class=\"elementor-widget-wrap\">\n\t\t\t\t\t\t<div class=\"elementor-element elementor-element-a3c0d53 elementor-widget elementor-widget-listeo-headline\" data-id=\"a3c0d53\" data-element_type=\"widget\" data-widget_type=\"listeo-headline.default\">\n\t\t\t\t<div class=\"elementor-widget-container\">\n\t\t\t\t\t<h3 \n\t\tstyle=\"text-align:center;\" class=\"headline  headline-aligned-to-center headline-extra-spacing headline-box \"> Les Wedding Planner en Espagne <\/h3>\n\t\t\t\t<\/div>\n\t\t\t\t<\/div>\n\t\t\t\t<div class=\"elementor-element elementor-element-0cf6fb8 elementor-widget elementor-widget-listeo-listings\" data-id=\"0cf6fb8\" data-element_type=\"widget\" data-widget_type=\"listeo-listings.default\">\n\t\t\t\t<div class=\"elementor-widget-container\">\n\t\t\t\n\t\t\t<div class=\"row margin-bottom-25\">\n\n\t\t\t\t\n\n\n<!-- Sorting \/ Layout Switcher -->\n\t\t<div class=\"col-md-12\">\n\t\t\t\t<div class=\"fullwidth-filters  ajax-search \">\n\n\t\t\t\n\t\t\t\n\t\t\t\t\t\t\t<!-- Sort by -->\n\t\t\t\t<div class=\"sort-by\">\n\t\t\t\t\t<div class=\"sort-by-select\">\n\t\t\t\t\t\t\t\t\t\t\t\t<select form=\"listeo_core-search-form\" name=\"listeo_core_order\" data-placeholder=\"Orden por defecto\" class=\"select2-sortby orderby\">\n\t\t\t\t\t\t\t<option  value=\"default\">Orden por defecto<\/option>\n\t\t\t\t\t\t\t<option  value=\"highest-rated\">La m\u00e1s valorada<\/option>\n\t\t\t\t\t\t\t\t\t\t\t\t\t\t\t<option  value=\"reviewed\">Lo m\u00e1s revisado<\/option>\n\t\t\t\t\t\t\t\t\t\t\t\t\t\t<option  value=\"date-desc\">El m\u00e1s reciente<\/option>\n\t\t\t\t\t\t\t<option  value=\"date-asc\">Anuncios m\u00e1s antiguos<\/option>\n\t\t\t\t\t\t\t<option  value=\"title\">Alfab\u00e9ticamente<\/option>\n\t\t\t\t\t\t\t<option  selected='selected' value=\"featured\">Destacado<\/option>\n\t\t\t\t\t\t\t<option  value=\"views\">La mayor\u00eda de las vistas<\/option>\n\t\t\t\t\t\t\t<option  value=\"verified\">Verified<\/option>\n\t\t\t\t\t\t\t<option  value=\"upcoming-event\">Upcoming Event<\/option>\n\t\t\t\t\t\t\t<option  value=\"rand\">Aleatorio<\/option>\n\t\t\t\t\t\t<\/select>\n\t\t\t\t\t<\/div>\n\t\t\t\t<\/div>\n\t\t\t\t<!-- Sort by \/ End -->\n\t\t\t\n\t\t<\/div>\n\t\t<\/div>\t\t\t<\/div>\n\t\t<div id=\"listeo-listings-container\">\r\n\t\t\t\t\t\t\t<div class=\"loader-ajax-container\" style=\"\"> <div class=\"loader-ajax\"><\/div> <\/div>\r\n<section id=\"listings-not-found\" class=\"margin-bottom-50 col-md-12\">\r\n\t<h2>No se encontraron profesionales<\/h2>\r\n\t<p>Lo sentimos, no tenemos profesionales que coincidan con su b\u00fasqueda. Por favor, intente cambiar los par\u00e1metros de b\u00fasqueda.<\/p>\r\n<\/section>\r\n<\/div>\t\t<\/div>\n\t\t\t\t<\/div>\n\t\t\t\t\t\t<\/div>\n\t\t\t\t\t<\/div>\n\t\t<\/div>\n\t\t\t\t\t\t\t\t<\/div>\n\t\t\t\t\t<\/div>\n\t\t<\/section>\n\t\t\t\t<section class=\"elementor-section elementor-top-section elementor-element elementor-element-915af21 elementor-section-boxed elementor-section-height-default elementor-section-height-default\" data-id=\"915af21\" data-element_type=\"section\">\n\t\t\t\t\t\t<div class=\"elementor-container elementor-column-gap-default\">\n\t\t\t\t\t\t\t<div class=\"elementor-row\">\n\t\t\t\t\t<div class=\"elementor-column elementor-col-100 elementor-top-column elementor-element elementor-element-b84198b\" data-id=\"b84198b\" data-element_type=\"column\">\n\t\t\t<div class=\"elementor-column-wrap elementor-element-populated\">\n\t\t\t\t\t\t\t<div class=\"elementor-widget-wrap\">\n\t\t\t\t\t\t<div class=\"elementor-element elementor-element-d79fb9f elementor-widget elementor-widget-listeo-headline\" data-id=\"d79fb9f\" data-element_type=\"widget\" data-widget_type=\"listeo-headline.default\">\n\t\t\t\t<div class=\"elementor-widget-container\">\n\t\t\t\t\t<h3 \n\t\tstyle=\"text-align:center;\" class=\"headline  headline-aligned-to-center headline-extra-spacing headline-box \"> Les officiants fun\u00e9raires <\/h3>\n\t\t\t\t<\/div>\n\t\t\t\t<\/div>\n\t\t\t\t<div class=\"elementor-element elementor-element-d29ce37 elementor-widget elementor-widget-listeo-listings\" data-id=\"d29ce37\" data-element_type=\"widget\" data-widget_type=\"listeo-listings.default\">\n\t\t\t\t<div class=\"elementor-widget-container\">\n\t\t\t\n\t\t\t<div class=\"row margin-bottom-25\">\n\n\t\t\t\t\n\n\n<!-- Sorting \/ Layout Switcher -->\n\t\t<div class=\"col-md-12\">\n\t\t\t\t<div class=\"fullwidth-filters  ajax-search \">\n\n\t\t\t\n\t\t\t\n\t\t\t\t\t\t\t<!-- Sort by -->\n\t\t\t\t<div class=\"sort-by\">\n\t\t\t\t\t<div class=\"sort-by-select\">\n\t\t\t\t\t\t\t\t\t\t\t\t<select form=\"listeo_core-search-form\" name=\"listeo_core_order\" data-placeholder=\"Orden por defecto\" class=\"select2-sortby orderby\">\n\t\t\t\t\t\t\t<option  value=\"default\">Orden por defecto<\/option>\n\t\t\t\t\t\t\t<option  value=\"highest-rated\">La m\u00e1s valorada<\/option>\n\t\t\t\t\t\t\t\t\t\t\t\t\t\t\t<option  value=\"reviewed\">Lo m\u00e1s revisado<\/option>\n\t\t\t\t\t\t\t\t\t\t\t\t\t\t<option  value=\"date-desc\">El m\u00e1s reciente<\/option>\n\t\t\t\t\t\t\t<option  value=\"date-asc\">Anuncios m\u00e1s antiguos<\/option>\n\t\t\t\t\t\t\t<option  value=\"title\">Alfab\u00e9ticamente<\/option>\n\t\t\t\t\t\t\t<option  selected='selected' value=\"featured\">Destacado<\/option>\n\t\t\t\t\t\t\t<option  value=\"views\">La mayor\u00eda de las vistas<\/option>\n\t\t\t\t\t\t\t<option  value=\"verified\">Verified<\/option>\n\t\t\t\t\t\t\t<option  value=\"upcoming-event\">Upcoming Event<\/option>\n\t\t\t\t\t\t\t<option  value=\"rand\">Aleatorio<\/option>\n\t\t\t\t\t\t<\/select>\n\t\t\t\t\t<\/div>\n\t\t\t\t<\/div>\n\t\t\t\t<!-- Sort by \/ End -->\n\t\t\t\n\t\t<\/div>\n\t\t<\/div>\t\t\t<\/div>\n\t\t<div id=\"listeo-listings-container\">\r\n\t\t\t\t\t\t\t<div class=\"loader-ajax-container\" style=\"\"> <div class=\"loader-ajax\"><\/div> <\/div>\r\n<section id=\"listings-not-found\" class=\"margin-bottom-50 col-md-12\">\r\n\t<h2>No se encontraron profesionales<\/h2>\r\n\t<p>Lo sentimos, no tenemos profesionales que coincidan con su b\u00fasqueda. Por favor, intente cambiar los par\u00e1metros de b\u00fasqueda.<\/p>\r\n<\/section>\r\n<\/div>\t\t<\/div>\n\t\t\t\t<\/div>\n\t\t\t\t\t\t<\/div>\n\t\t\t\t\t<\/div>\n\t\t<\/div>\n\t\t\t\t\t\t\t\t<\/div>\n\t\t\t\t\t<\/div>\n\t\t<\/section>\n\t\t\t\t<section class=\"elementor-section elementor-top-section elementor-element elementor-element-b1c40d3 elementor-section-boxed elementor-section-height-default elementor-section-height-default\" data-id=\"b1c40d3\" data-element_type=\"section\">\n\t\t\t\t\t\t<div class=\"elementor-container elementor-column-gap-default\">\n\t\t\t\t\t\t\t<div class=\"elementor-row\">\n\t\t\t\t\t<div class=\"elementor-column elementor-col-100 elementor-top-column elementor-element elementor-element-e249ad7\" data-id=\"e249ad7\" data-element_type=\"column\">\n\t\t\t<div class=\"elementor-column-wrap elementor-element-populated\">\n\t\t\t\t\t\t\t<div class=\"elementor-widget-wrap\">\n\t\t\t\t\t\t<div class=\"elementor-element elementor-element-614fbe6 elementor-widget elementor-widget-listeo-headline\" data-id=\"614fbe6\" data-element_type=\"widget\" data-widget_type=\"listeo-headline.default\">\n\t\t\t\t<div class=\"elementor-widget-container\">\n\t\t\t\t\t<h3 \n\t\tstyle=\"text-align:center;\" class=\"headline  headline-aligned-to-center headline-extra-spacing headline-box \"> Les formations et coachs <\/h3>\n\t\t\t\t<\/div>\n\t\t\t\t<\/div>\n\t\t\t\t<div class=\"elementor-element elementor-element-57b039a elementor-widget elementor-widget-listeo-listings\" data-id=\"57b039a\" data-element_type=\"widget\" data-widget_type=\"listeo-listings.default\">\n\t\t\t\t<div class=\"elementor-widget-container\">\n\t\t\t\n\t\t\t<div class=\"row margin-bottom-25\">\n\n\t\t\t\t\n\n\n<!-- Sorting \/ Layout Switcher -->\n\t\t<div class=\"col-md-12\">\n\t\t\t\t<div class=\"fullwidth-filters  ajax-search \">\n\n\t\t\t\n\t\t\t\n\t\t\t\t\t\t\t<!-- Sort by -->\n\t\t\t\t<div class=\"sort-by\">\n\t\t\t\t\t<div class=\"sort-by-select\">\n\t\t\t\t\t\t\t\t\t\t\t\t<select form=\"listeo_core-search-form\" name=\"listeo_core_order\" data-placeholder=\"Orden por defecto\" class=\"select2-sortby orderby\">\n\t\t\t\t\t\t\t<option  value=\"default\">Orden por defecto<\/option>\n\t\t\t\t\t\t\t<option  value=\"highest-rated\">La m\u00e1s valorada<\/option>\n\t\t\t\t\t\t\t\t\t\t\t\t\t\t\t<option  value=\"reviewed\">Lo m\u00e1s revisado<\/option>\n\t\t\t\t\t\t\t\t\t\t\t\t\t\t<option  value=\"date-desc\">El m\u00e1s reciente<\/option>\n\t\t\t\t\t\t\t<option  value=\"date-asc\">Anuncios m\u00e1s antiguos<\/option>\n\t\t\t\t\t\t\t<option  value=\"title\">Alfab\u00e9ticamente<\/option>\n\t\t\t\t\t\t\t<option  selected='selected' value=\"featured\">Destacado<\/option>\n\t\t\t\t\t\t\t<option  value=\"views\">La mayor\u00eda de las vistas<\/option>\n\t\t\t\t\t\t\t<option  value=\"verified\">Verified<\/option>\n\t\t\t\t\t\t\t<option  value=\"upcoming-event\">Upcoming Event<\/option>\n\t\t\t\t\t\t\t<option  value=\"rand\">Aleatorio<\/option>\n\t\t\t\t\t\t<\/select>\n\t\t\t\t\t<\/div>\n\t\t\t\t<\/div>\n\t\t\t\t<!-- Sort by \/ End -->\n\t\t\t\n\t\t<\/div>\n\t\t<\/div>\t\t\t<\/div>\n\t\t<div id=\"listeo-listings-container\">\r\n\t\t\t\t\t\t\t<div class=\"loader-ajax-container\" style=\"\"> <div class=\"loader-ajax\"><\/div> <\/div>\r\n<section id=\"listings-not-found\" class=\"margin-bottom-50 col-md-12\">\r\n\t<h2>No se encontraron profesionales<\/h2>\r\n\t<p>Lo sentimos, no tenemos profesionales que coincidan con su b\u00fasqueda. Por favor, intente cambiar los par\u00e1metros de b\u00fasqueda.<\/p>\r\n<\/section>\r\n<\/div>\t\t<\/div>\n\t\t\t\t<\/div>\n\t\t\t\t\t\t<\/div>\n\t\t\t\t\t<\/div>\n\t\t<\/div>\n\t\t\t\t\t\t\t\t<\/div>\n\t\t\t\t\t<\/div>\n\t\t<\/section>\n\t\t\t\t\t\t\t\t\t<\/div>\n\t\t\t<\/div>\n\t\t\t\t\t<\/div>\n\t\t","protected":false},"excerpt":{"rendered":"<p>Como segundo destino tur\u00edstico del mundo, no tendr\u00e1 ninguna dificultad para preparar y organizar su ceremonia de boda en Espa\u00f1a. Todas las infraestructuras est\u00e1n ah\u00ed para acogerle a usted y a sus invitados. Ya sea en Madrid capital, en la Barcelona catalana, en la Costa Brava junto al mar o en la Sevilla andaluza, encontrar\u00e1s [&hellip;]<\/p>\n","protected":false},"author":1,"featured_media":0,"parent":0,"menu_order":0,"comment_status":"closed","ping_status":"closed","template":"","meta":{"_vp_format_video_url":"","_vp_image_focal_point":[],"footnotes":""},"class_list":["post-53985","page","type-page","status-publish","hentry"],"amp_enabled":true,"_links":{"self":[{"href":"https:\/\/www.ceremonie-laique.fr\/es\/wp-json\/wp\/v2\/pages\/53985","targetHints":{"allow":["GET"]}}],"collection":[{"href":"https:\/\/www.ceremonie-laique.fr\/es\/wp-json\/wp\/v2\/pages"}],"about":[{"href":"https:\/\/www.ceremonie-laique.fr\/es\/wp-json\/wp\/v2\/types\/page"}],"author":[{"embeddable":true,"href":"https:\/\/www.ceremonie-laique.fr\/es\/wp-json\/wp\/v2\/users\/1"}],"replies":[{"embeddable":true,"href":"https:\/\/www.ceremonie-laique.fr\/es\/wp-json\/wp\/v2\/comments?post=53985"}],"version-history":[{"count":0,"href":"https:\/\/www.ceremonie-laique.fr\/es\/wp-json\/wp\/v2\/pages\/53985\/revisions"}],"wp:attachment":[{"href":"https:\/\/www.ceremonie-laique.fr\/es\/wp-json\/wp\/v2\/media?parent=53985"}],"curies":[{"name":"wp","href":"https:\/\/api.w.org\/{rel}","templated":true}]}}