{"id":53578,"date":"2021-07-16T14:32:48","date_gmt":"2021-07-16T12:32:48","guid":{"rendered":"https:\/\/www.ceremonie-laique.fr\/politica-sulla-privacy\/"},"modified":"2021-07-16T14:33:52","modified_gmt":"2021-07-16T12:33:52","slug":"politica-privacy","status":"publish","type":"page","link":"https:\/\/www.ceremonie-laique.fr\/it\/politica-privacy\/","title":{"rendered":"Politica sulla privacy"},"content":{"rendered":"\t\t<div data-elementor-type=\"wp-page\" data-elementor-id=\"53578\" class=\"elementor elementor-53578 elementor-51216\">\n\t\t\t\t\t\t<div class=\"elementor-inner\">\n\t\t\t\t<div class=\"elementor-section-wrap\">\n\t\t\t\t\t\t\t\t\t<section class=\"elementor-section elementor-top-section elementor-element elementor-element-cd0b56c elementor-section-full_width elementor-section-content-middle elementor-section-stretched elementor-section-height-default elementor-section-height-default\" data-id=\"cd0b56c\" data-element_type=\"section\" data-settings=\"{&quot;stretch_section&quot;:&quot;section-stretched&quot;}\">\n\t\t\t\t\t\t<div class=\"elementor-container elementor-column-gap-default\">\n\t\t\t\t\t\t\t<div class=\"elementor-row\">\n\t\t\t\t\t<div class=\"elementor-column elementor-col-100 elementor-top-column elementor-element elementor-element-b5cea07\" data-id=\"b5cea07\" data-element_type=\"column\">\n\t\t\t<div class=\"elementor-column-wrap elementor-element-populated\">\n\t\t\t\t\t\t\t<div class=\"elementor-widget-wrap\">\n\t\t\t\t\t\t<div class=\"elementor-element elementor-element-905db51 elementor-widget elementor-widget-image\" data-id=\"905db51\" data-element_type=\"widget\" data-widget_type=\"image.default\">\n\t\t\t\t<div class=\"elementor-widget-container\">\n\t\t\t\t\t\t\t\t<div class=\"elementor-image\">\n\t\t\t\t\t\t\t\t\t\t\t\t<img decoding=\"async\" width=\"1200\" height=\"385\" src=\"https:\/\/www.ceremonie-laique.fr\/wp-content\/uploads\/2021\/05\/Politique-de-confidentialite.jpg\" class=\"attachment-full size-full wp-image-51871\" alt=\"\" srcset=\"https:\/\/www.ceremonie-laique.fr\/wp-content\/uploads\/2021\/05\/Politique-de-confidentialite.jpg 1200w, https:\/\/www.ceremonie-laique.fr\/wp-content\/uploads\/2021\/05\/Politique-de-confidentialite-600x193.jpg 600w, https:\/\/www.ceremonie-laique.fr\/wp-content\/uploads\/2021\/05\/Politique-de-confidentialite-300x96.jpg 300w, https:\/\/www.ceremonie-laique.fr\/wp-content\/uploads\/2021\/05\/Politique-de-confidentialite-1024x329.jpg 1024w, https:\/\/www.ceremonie-laique.fr\/wp-content\/uploads\/2021\/05\/Politique-de-confidentialite-768x246.jpg 768w, https:\/\/www.ceremonie-laique.fr\/wp-content\/uploads\/2021\/05\/Politique-de-confidentialite-500x160.jpg 500w, https:\/\/www.ceremonie-laique.fr\/wp-content\/uploads\/2021\/05\/Politique-de-confidentialite-800x257.jpg 800w, https:\/\/www.ceremonie-laique.fr\/wp-content\/uploads\/2021\/05\/Politique-de-confidentialite-590x189.jpg 590w, https:\/\/www.ceremonie-laique.fr\/wp-content\/uploads\/2021\/05\/Politique-de-confidentialite-577x185.jpg 577w\" sizes=\"(max-width: 1200px) 100vw, 1200px\" title=\"\">\t\t\t\t\t\t\t\t\t\t\t\t\t\t<\/div>\n\t\t\t\t\t\t<\/div>\n\t\t\t\t<\/div>\n\t\t\t\t\t\t<\/div>\n\t\t\t\t\t<\/div>\n\t\t<\/div>\n\t\t\t\t\t\t\t\t<\/div>\n\t\t\t\t\t<\/div>\n\t\t<\/section>\n\t\t\t\t<section class=\"elementor-section elementor-top-section elementor-element elementor-element-9d23b16 elementor-section-boxed elementor-section-height-default elementor-section-height-default\" data-id=\"9d23b16\" data-element_type=\"section\">\n\t\t\t\t\t\t<div class=\"elementor-container elementor-column-gap-default\">\n\t\t\t\t\t\t\t<div class=\"elementor-row\">\n\t\t\t\t\t<div class=\"elementor-column elementor-col-50 elementor-top-column elementor-element elementor-element-35cdd54\" data-id=\"35cdd54\" data-element_type=\"column\">\n\t\t\t<div class=\"elementor-column-wrap elementor-element-populated\">\n\t\t\t\t\t\t\t<div class=\"elementor-widget-wrap\">\n\t\t\t\t\t\t<div class=\"elementor-element elementor-element-72eb3b5 elementor-widget elementor-widget-text-editor\" data-id=\"72eb3b5\" data-element_type=\"widget\" data-widget_type=\"text-editor.default\">\n\t\t\t\t<div class=\"elementor-widget-container\">\n\t\t\t\t\t\t\t\t<div class=\"elementor-text-editor elementor-clearfix\">\n\t\t\t\t<h2>Chi siamo<\/h2>\n<p>Il nostro indirizzo web \u00e8: <a href=\"https:\/\/www.ceremonie-laique.fr\/it\/\">https:\/\/www.ceremonie-laique.fr<\/a><\/p>\n<p>E-Komm si impegna a garantire che la raccolta e il trattamento dei vostri dati dal sito <a href=\"https:\/\/www.ceremonie-laique.fr\/it\/\">www.ceremonie-laique.fr<\/a> siano conformi al Regolamento generale sulla protezione dei dati (RGPD) e alla legge francese sulla protezione dei dati.<\/p>\n<h2>Uso dei dati personali raccolti<\/h2>\n<h3>Commenti<\/h3>\n<p>Quando si lascia un commento sul nostro sito web, non solo i dati inseriti nel modulo di commento, ma anche l&#8217;indirizzo IP e l&#8217;agente utente del browser vengono raccolti per aiutarci a rilevare i commenti indesiderati.<\/p>\n<p>Una stringa anonimizzata creata a partire dal tuo indirizzo email (conosciuta anche come hash) pu\u00f2 essere inviata al servizio Gravatar per verificare se stai usando il servizio. La politica sulla privacy del servizio Gravatar \u00e8 disponibile qui: https:\/\/automattic.com\/privacy\/. Dopo la convalida del tuo commento, la tua foto del profilo sar\u00e0 visibile pubblicamente accanto al tuo commento.<\/p>\n<h3>Media<\/h3>\n<p>Se sei un utente registrato e carichi immagini sul sito, ti consigliamo di evitare di caricare immagini contenenti dati EXIF di coordinate GPS. I visitatori del tuo sito web possono scaricare ed estrarre i dati di localizzazione da queste immagini.<\/p>\n<h3>Forme di contatto<\/h3>\n<p>Se avete domande o reclami, potete contattarci via e-mail, utilizzando il <a href=\"https:\/\/www.ceremonie-laique.fr\/contactez-nous\/\">formulario su questo sito<\/a><\/p>\n<h3>Cookies<\/h3>\n<p>Se lasciate un commento sul nostro sito, vi sar\u00e0 proposto di salvare il vostro nome, indirizzo e-mail e sito web nei cookie. Questo \u00e8 solo per la tua comodit\u00e0 in modo da non dover inserire queste informazioni se lasci un altro commento pi\u00f9 tardi. Questi cookie scadono dopo un anno.<\/p>\n<p>Se hai un account e accedi a questo sito, un cookie temporaneo sar\u00e0 impostato per determinare se il tuo browser accetta i cookie. Non contiene alcun dato personale e sar\u00e0 cancellato automaticamente quando chiuderai il tuo browser.<\/p>\n<p>Quando accedi, impostiamo una serie di cookie per memorizzare le tue informazioni di accesso e le preferenze dello schermo. La durata di un cookie di login \u00e8 di due giorni, la durata di un cookie di opzione dello schermo \u00e8 di un anno. Se selezioni &#8220;Ricordami&#8221;, il tuo cookie di accesso sar\u00e0 conservato per una quindicina di giorni. Se ti disconnetti dal tuo account, il cookie di login sar\u00e0 cancellato.<\/p>\n<p>Quando si modifica o si pubblica un articolo, un ulteriore cookie viene memorizzato nel suo browser. Questo cookie non contiene dati personali. Indica semplicemente l&#8217;identificatore dell&#8217;articolo che avete appena modificato. Scade dopo un giorno.<\/p>\n<h3>Contenuto incorporato da altri siti<\/h3>\n<p>Gli articoli di questo sito possono includere contenuti incorporati (ad esempio video, immagini, articoli&#8230;). Il contenuto incorporato da altri siti si comporta come se il visitatore stesse visitando quell&#8217;altro sito.<\/p>\n<p>Questi siti web potrebbero raccogliere dati su di te, utilizzare cookie, incorporare strumenti di tracciamento di terze parti, tracciare le tue interazioni con questi contenuti incorporati se hai un account di accesso al loro sito web.<\/p>\n<h3>Statistiche e misurazione del pubblico<\/h3>\n<p>Il sito ceremonie-laique.co.uk utilizza i servizi di Google Analytics per ottenere statistiche sul traffico del sito.<\/p>\n<p>Puoi vedere la loro politica sulla privacy seguendo questo link: <a href=\"https:\/\/policies.google.com\/privacy?hl=fr-CA\" target=\"_blank\" rel=\"noopener\">Politica sulla privacy di Google<\/a><\/p>\n<h2><\/h2>\n\t\t\t\t\t<\/div>\n\t\t\t\t\t\t<\/div>\n\t\t\t\t<\/div>\n\t\t\t\t\t\t<\/div>\n\t\t\t\t\t<\/div>\n\t\t<\/div>\n\t\t\t\t<div class=\"elementor-column elementor-col-50 elementor-top-column elementor-element elementor-element-0c566b5\" data-id=\"0c566b5\" data-element_type=\"column\">\n\t\t\t<div class=\"elementor-column-wrap elementor-element-populated\">\n\t\t\t\t\t\t\t<div class=\"elementor-widget-wrap\">\n\t\t\t\t\t\t<div class=\"elementor-element elementor-element-ede6a7a elementor-widget elementor-widget-text-editor\" data-id=\"ede6a7a\" data-element_type=\"widget\" data-widget_type=\"text-editor.default\">\n\t\t\t\t<div class=\"elementor-widget-container\">\n\t\t\t\t\t\t\t\t<div class=\"elementor-text-editor elementor-clearfix\">\n\t\t\t\t<h2>Salvataggio dei tuoi dati<\/h2>\n<p>Se lasci un commento, il commento e i suoi metadati sono conservati a tempo indeterminato. Questo permette ai commenti successivi di essere automaticamente riconosciuti e approvati piuttosto che lasciati nella coda di moderazione.<\/p>\n<p>Per gli utenti che si registrano sul nostro sito (ove possibile), memorizziamo anche i dati personali specificati nel loro profilo. Tutti gli utenti possono visualizzare, modificare o cancellare le loro informazioni personali in qualsiasi momento (ad eccezione del loro nome utente). I gestori del sito possono anche visualizzare e modificare queste informazioni.<\/p>\n<h2>I tuoi diritti sui tuoi dati<\/h2>\n<p>Se hai un account o hai lasciato commenti sul sito, puoi richiedere di ricevere un file contenente tutti i dati personali che abbiamo su di te, compresi quelli che ci hai fornito. Potete anche richiedere la cancellazione dei vostri dati personali. Questo non tiene conto dei dati memorizzati per scopi amministrativi, legali o di sicurezza.<\/p>\n<h2>Trasmissione dei suoi dati personali<\/h2>\n<p>I commenti dei visitatori possono essere controllati utilizzando un servizio automatico di rilevamento dello spam.<\/p>\n<h2>INformazioni sul contatto<\/h2>\n<p>Il responsabile del trattamento \u00e8 la societ\u00e0 E-Komm, con sede legale in 185 rue de la p\u00e9pini\u00e8re &#8211; 83210 La Farl\u00e8de.<\/p>\n<p>Per qualsiasi domanda o reclamo, potete contattarci via e-mail, utilizzando il <a href=\"https:\/\/www.ceremonie-laique.fr\/contactez-nous\/\">formulario presente su questo sito<\/a><\/p>\n<h2>INFORMAZIONI AGGIUNTIVE<\/h2>\n<h3 style=\"color: #7a7a7a;\">Come proteggiamo i tuoi dati<\/h3>\n<p>E-komm mette in atto tutte le misure tecniche e organizzative per garantire la sicurezza del trattamento dei dati personali e la riservatezza dei Dati Personali.<\/p>\n<p>Usiamo una piattaforma WordPress, uno dei migliori sistemi di gestione dei contenuti, che aggiorniamo regolarmente. Le connessioni al sito sono registrate per identificare i tentativi di intrusione nel sito. Anche la nostra societ\u00e0 di hosting OVH \u00e8 particolarmente coinvolta nella protezione dei dati personali.<\/p>\n<p>I vostri dati sono protetti da diversi metodi:<\/p>\n<ul>\n<li>Una password di accesso all&#8217;amministrazione di protezione forte<\/li>\n<p>.<\/p>\n<li>Uno strumento che protegge il nostro sito dagli attacchi brute force.\n<\/ul>\n<h3 style=\"color: #7a7a7a;\">Procedure attuate in caso di fuga di dati<\/h3>\n<p>.<br \/>\nNel caso in cui venga rilevata un&#8217;intrusione, gli account interessati saranno bloccati e i loro proprietari avvisati, cos\u00ec come l&#8217;hosting provider e le autorit\u00e0.<\/p>\n<h3 style=\"color: #7a7a7a;\">Servizi di terzi che ci trasmettono dati<\/h3>\n<p>.<br \/>\nNessun servizio di terzi ci trasmette dati.<\/p>\n<h3 style=\"color: #7a7a7a;\">Operazioni automatizzate di marketing e\/o profilazione effettuate utilizzando dati personali<\/h3>\n<p>.<br \/>\nE-Komm non effettua operazioni di marketing e\/o di profilazione effettuate utilizzando i dati personali dei visitatori del suo sito.<\/p>\n<h3 style=\"color: #7a7a7a;\">Visualizzazione delle informazioni relative ai settori soggetti a regolamenti specifici<\/h3>\n<p>.<br \/>\nNessuna.<\/p>\n\t\t\t\t\t<\/div>\n\t\t\t\t\t\t<\/div>\n\t\t\t\t<\/div>\n\t\t\t\t\t\t<\/div>\n\t\t\t\t\t<\/div>\n\t\t<\/div>\n\t\t\t\t\t\t\t\t<\/div>\n\t\t\t\t\t<\/div>\n\t\t<\/section>\n\t\t\t\t\t\t\t\t\t<\/div>\n\t\t\t<\/div>\n\t\t\t\t\t<\/div>\n\t\t","protected":false},"excerpt":{"rendered":"<p>Chi siamo Il nostro indirizzo web \u00e8: https:\/\/www.ceremonie-laique.fr E-Komm si impegna a garantire che la raccolta e il trattamento dei vostri dati dal sito www.ceremonie-laique.fr siano conformi al Regolamento generale sulla protezione dei dati (RGPD) e alla legge francese sulla protezione dei dati. Uso dei dati personali raccolti Commenti Quando si lascia un commento sul [&hellip;]<\/p>\n","protected":false},"author":1,"featured_media":0,"parent":0,"menu_order":0,"comment_status":"closed","ping_status":"closed","template":"","meta":{"_vp_format_video_url":"","_vp_image_focal_point":[],"footnotes":""},"class_list":["post-53578","page","type-page","status-publish","hentry"],"amp_enabled":true,"_links":{"self":[{"href":"https:\/\/www.ceremonie-laique.fr\/it\/wp-json\/wp\/v2\/pages\/53578","targetHints":{"allow":["GET"]}}],"collection":[{"href":"https:\/\/www.ceremonie-laique.fr\/it\/wp-json\/wp\/v2\/pages"}],"about":[{"href":"https:\/\/www.ceremonie-laique.fr\/it\/wp-json\/wp\/v2\/types\/page"}],"author":[{"embeddable":true,"href":"https:\/\/www.ceremonie-laique.fr\/it\/wp-json\/wp\/v2\/users\/1"}],"replies":[{"embeddable":true,"href":"https:\/\/www.ceremonie-laique.fr\/it\/wp-json\/wp\/v2\/comments?post=53578"}],"version-history":[{"count":0,"href":"https:\/\/www.ceremonie-laique.fr\/it\/wp-json\/wp\/v2\/pages\/53578\/revisions"}],"wp:attachment":[{"href":"https:\/\/www.ceremonie-laique.fr\/it\/wp-json\/wp\/v2\/media?parent=53578"}],"curies":[{"name":"wp","href":"https:\/\/api.w.org\/{rel}","templated":true}]}}