{"id":53693,"date":"2021-07-20T15:07:32","date_gmt":"2021-07-20T13:07:32","guid":{"rendered":"https:\/\/www.ceremonie-laique.fr\/creare-un-annuncio\/"},"modified":"2021-07-20T15:08:00","modified_gmt":"2021-07-20T13:08:00","slug":"creare-annuncio","status":"publish","type":"page","link":"https:\/\/www.ceremonie-laique.fr\/it\/creare-annuncio\/","title":{"rendered":"Creare un annuncio"},"content":{"rendered":"\t\t<div data-elementor-type=\"wp-page\" data-elementor-id=\"53693\" class=\"elementor elementor-53693 elementor-51140\">\n\t\t\t\t\t\t<div class=\"elementor-inner\">\n\t\t\t\t<div class=\"elementor-section-wrap\">\n\t\t\t\t\t\t\t\t\t<section class=\"elementor-section elementor-top-section elementor-element elementor-element-3d07ad65 elementor-section-full_width elementor-section-height-default elementor-section-height-default\" data-id=\"3d07ad65\" data-element_type=\"section\">\n\t\t\t\t\t\t<div class=\"elementor-container elementor-column-gap-default\">\n\t\t\t\t\t\t\t<div class=\"elementor-row\">\n\t\t\t\t\t<div class=\"elementor-column elementor-col-100 elementor-top-column elementor-element elementor-element-1aee541a\" data-id=\"1aee541a\" data-element_type=\"column\">\n\t\t\t<div class=\"elementor-column-wrap elementor-element-populated\">\n\t\t\t\t\t\t\t<div class=\"elementor-widget-wrap\">\n\t\t\t\t\t\t<div class=\"elementor-element elementor-element-a5b0fe4 elementor-widget elementor-widget-crel-notification-box creative-addons crel-notification-box\" data-id=\"a5b0fe4\" data-element_type=\"widget\" data-widget_type=\"crel-notification-box.default\">\n\t\t\t\t<div class=\"elementor-widget-container\">\n\t\t\t\r\n\t\t<!-- Notification Box -->\r\n\t\t<div class=\"crel-notification-box-container crel-notification-box-align--left crel-notification-box-border--left crel-notification-box-icon-center-aligned\">\r\n\r\n\t\t\t\t\t\t\t<div class=\"crel-notification-box__icon crel-notification-box__icon--icon\">\r\n\t\t\t\t\t<div class=\"crel-notification-box__icon__inner fas fa-info-circle\"><\/div>\t\t\t\t<\/div>\t\t\t\t\r\n\t\t\t<div class=\"crel-notification-box__body\"><span class=\"crel-notification-box__body__title\">A noter...<\/span>\r\n\t\t\t\t<div class=\"crel-notification-box__body__desc\"><ul><li><strong>Veuillez au <span style=\"text-decoration: underline\"><a href=\"https:\/\/www.ceremonie-laique.fr\/guide-utilisateurs\/\" target=\"_blank\" rel=\"noopener\">pr\u00e9alable consulter le guide pas \u00e0 pas<\/a><\/span>\u00a0!<\/strong><\/li><li>Pour cr\u00e9er cette nouvelle fiche, vous pouvez soit utiliser une formule d\u00e9j\u00e0 souscrite et non utilis\u00e9e, soit en souscrire une nouvelle si besoin. <br \/>=&gt; Cliquez ensuite sur le bouton \"<strong>Choisir la formule et cr\u00e9er la fiche<\/strong> \" au bas de cette page.<\/li><li><strong>5 formules de base<\/strong> sont propos\u00e9es, mais vous pouvez appara\u00eetre sur plusieurs cat\u00e9gories, plusieurs langues, ou encore plus de <span class=\"has-inline-color has-vivid-red-color\">6 <\/span>Unit\u00e9s G\u00e9ographiques<br \/>=&gt; Merci de <a href=\"\/?page_id=51503\" target=\"_blank\" rel=\"noopener\"><em>demander un devis via ce formulaire (cliquez ici)<\/em><\/a><\/li><li><strong>Images<\/strong> : nombre limit\u00e9 par fiche selon la formule (5 images \"Essentiel\" \/ 10 images \"Premium\" \/ 15 images \"Platinium\") &amp; <span style=\"text-decoration: underline\">1 Mo maximum<\/span> par photo<\/li><\/ul><\/div>\t\t\t\t\r\n\t\t\t<\/div>\r\n\r\n\t\t<\/div>\t\t\t\t<\/div>\n\t\t\t\t<\/div>\n\t\t\t\t<div class=\"elementor-element elementor-element-74b34e4 elementor-widget elementor-widget-spacer\" data-id=\"74b34e4\" data-element_type=\"widget\" data-widget_type=\"spacer.default\">\n\t\t\t\t<div class=\"elementor-widget-container\">\n\t\t\t\t\t<div class=\"elementor-spacer\">\n\t\t\t<div class=\"elementor-spacer-inner\"><\/div>\n\t\t<\/div>\n\t\t\t\t<\/div>\n\t\t\t\t<\/div>\n\t\t\t\t<div class=\"elementor-element elementor-element-e3101fc elementor-widget elementor-widget-shortcode\" data-id=\"e3101fc\" data-element_type=\"widget\" data-widget_type=\"shortcode.default\">\n\t\t\t\t<div class=\"elementor-widget-container\">\n\t\t\t\t\t<div class=\"elementor-shortcode\"><!-- <div class=\"notification notice large margin-bottom-55\">\r\n\t<h4>Don&#039;t Have an Account?<\/h4>\r\n\t<p>If you don&#039;t have an account please register using form below. A password will be automatically emailed to you.<\/p>\r\n<\/div> -->\r\n\t<div class=\"row\">\r\n\t<div class=\"col-md-4 col-md-offset-4\">\r\n\t\r\n\t<!--Tab -->\r\n\t\t<div class=\"my-account style-1 margin-top-5 margin-bottom-40\">\r\n\r\n\t\t\t\t\t\t\t\t\t\t\t\t<ul class=\"tabs-nav\">\r\n\t\t\t\t<li class=\"\"><a href=\"#tab1\">Accedi<\/a><\/li>\r\n\t\t\t\t<li><a href=\"#tab2\">Creare un account<\/a><\/li>\r\n\t\t\t<\/ul>\r\n\r\n\t\t\t<div class=\"tabs-container alt\">\r\n\t\t\t\r\n\t\t\t<!-- Login -->\r\n\t\t\t<div class=\"tab-content\" id=\"tab1\" style=\"display: none;\">\r\n\t\t\t\t<!--Tab -->\r\n\r\n\t\t\r\n\t\t\t\t\t\t\t\t\t<form method=\"post\" class=\"login\" action=\"https:\/\/www.ceremonie-laique.fr\/it\/wp-login.php\">\r\n\t\t\t\t\r\n\t\t\t\t    <p class=\"form-row form-row-wide\">\r\n\t\t\t\t\t\t\t<label for=\"username\">\r\n\t\t\t\t\t\t\t<i class=\"im im-icon-Male\"><\/i>\r\n\t\t\t\t\t\t\t<input type=\"text\" placeholder=\"Username\" class=\"input-text\" name=\"log\" id=\"user_login\" value=\"\" \/>\r\n\t\t\t\t\t\t<\/label>\r\n\t\t\t\t\t<\/p>\r\n\t\t\t\t\t<p class=\"form-row form-row-wide\">\r\n\t\t\t\t\t\t<label for=\"password\">\r\n\t\t\t\t\t\t\t<i class=\"im im-icon-Lock-2\"><\/i>\r\n\t\t\t\t\t\t\t<input class=\"input-text\" placeholder=\"Password\" type=\"password\" name=\"pwd\" id=\"user_pass\"\/>\r\n\t\t\t\t\t\t<\/label>\r\n\t\t\t\t\t<\/p>\r\n\t\t\t\t   <p class=\"form-row\">\r\n\t\t\t\t\t\t<input type=\"submit\" class=\"button border margin-top-10\" name=\"login\" value=\"Accesso \/ Registrazione\" \/>\r\n\r\n\t\t\t\t\t\t<label for=\"rememberme\" class=\"rememberme\">\r\n\t\t\t\t\t\t<input name=\"rememberme\" type=\"checkbox\" id=\"rememberme\" value=\"forever\" \/> Ricordati di me<\/label>\r\n\t\t\t\t\t<\/p>\r\n\t\t\t\t    <p class=\"lost_password\">\r\n\t\t\t\t\t\t<a href=\"https:\/\/www.ceremonie-laique.fr\/it\/wp-login.php?action=lostpassword\"> Hai perso la tua password?<\/a>\r\n\t\t\t\t\t<\/p>\r\n\t\t\t\t<\/form>\r\n\t\r\n\t\t\t<\/div>\r\n\r\n\t\t\t<!-- Register -->\r\n\t\t\t<div class=\"tab-content\" id=\"tab2\" style=\"display: none;\">\r\n\t\t\t\t     \r\n\t\t    \t\t\t\t\t\t<form id=\"signupform\" action=\"https:\/\/www.ceremonie-laique.fr\/it\/wp-login.php?action=register\" method=\"post\">\r\n\t\t\t\t\t\t\t        <p class=\"form-row\">\r\n\t\t\t            <label for=\"email\">E-mail <strong>*<\/strong><\/label>\r\n\t\t\t            <input type=\"text\" name=\"email\" id=\"email\">\r\n\t\t\t        <\/p>\r\n\t\t\t \r\n\t\t\t        <p class=\"form-row\">\r\n\t\t\t            <label for=\"first_name\">\r\n\t\t\t            <input type=\"text\" placeholder=\"Nome\" name=\"first_name\" id=\"first-name\">\r\n\t\t\t        \t<\/label>\r\n\t\t\t        <\/p>\r\n\t\t\t \r\n\t\t\t        <p class=\"form-row\">\r\n\t\t\t            <label for=\"last_name\">\r\n\t\t\t            <input type=\"text\" placeholder=\"Nome\" name=\"last_name\" id=\"last-name\">\r\n\t\t\t            <\/label>\r\n\t\t\t        <\/p>\r\n\t\t\t \r\n\t\t\t        <p class=\"form-row\">\r\n\t\t\t            Note: Your password will be generated automatically and sent to your email address.\t\t\t        <\/p>\r\n\t\t\t\t\t\r\n\t\t\t        <p class=\"signup-submit\">\r\n\t\t\t            <input type=\"submit\" name=\"submit\" class=\"register-button\"  value=\"Creare un account\"\/>\r\n\t\t\t        <\/p>\r\n\t\t\t    <\/form>\r\n\t\t\t\r\n\t\t    \t\t\t<\/div>\r\n\r\n\t\t<\/div>\r\n\t<\/div><\/div>\n\t\t\t\t<\/div>\n\t\t\t\t<\/div>\n\t\t\t\t\t\t<\/div>\n\t\t\t\t\t<\/div>\n\t\t<\/div>\n\t\t\t\t\t\t\t\t<\/div>\n\t\t\t\t\t<\/div>\n\t\t<\/section>\n\t\t\t\t\t\t\t\t\t<\/div>\n\t\t\t<\/div>\n\t\t\t\t\t<\/div>\n\t\t","protected":false},"excerpt":{"rendered":"<p>A noter&#8230; Veuillez au pr\u00e9alable consulter le guide pas \u00e0 pas\u00a0! Pour cr\u00e9er cette nouvelle fiche, vous pouvez soit utiliser une formule d\u00e9j\u00e0 souscrite et non utilis\u00e9e, soit en souscrire une nouvelle si besoin. =&gt; Cliquez ensuite sur le bouton &#8220;Choisir la formule et cr\u00e9er la fiche &#8221; au bas de cette page. 5 formules [&hellip;]<\/p>\n","protected":false},"author":1,"featured_media":0,"parent":0,"menu_order":0,"comment_status":"closed","ping_status":"closed","template":"template-dashboard.php","meta":{"_vp_format_video_url":"","_vp_image_focal_point":[],"footnotes":""},"class_list":["post-53693","page","type-page","status-publish","hentry"],"amp_enabled":true,"_links":{"self":[{"href":"https:\/\/www.ceremonie-laique.fr\/it\/wp-json\/wp\/v2\/pages\/53693","targetHints":{"allow":["GET"]}}],"collection":[{"href":"https:\/\/www.ceremonie-laique.fr\/it\/wp-json\/wp\/v2\/pages"}],"about":[{"href":"https:\/\/www.ceremonie-laique.fr\/it\/wp-json\/wp\/v2\/types\/page"}],"author":[{"embeddable":true,"href":"https:\/\/www.ceremonie-laique.fr\/it\/wp-json\/wp\/v2\/users\/1"}],"replies":[{"embeddable":true,"href":"https:\/\/www.ceremonie-laique.fr\/it\/wp-json\/wp\/v2\/comments?post=53693"}],"version-history":[{"count":0,"href":"https:\/\/www.ceremonie-laique.fr\/it\/wp-json\/wp\/v2\/pages\/53693\/revisions"}],"wp:attachment":[{"href":"https:\/\/www.ceremonie-laique.fr\/it\/wp-json\/wp\/v2\/media?parent=53693"}],"curies":[{"name":"wp","href":"https:\/\/api.w.org\/{rel}","templated":true}]}}