{"id":53702,"date":"2021-07-20T15:11:36","date_gmt":"2021-07-20T13:11:36","guid":{"rendered":"https:\/\/www.ceremonie-laique.fr\/condizioni-generali-di-vendita\/"},"modified":"2021-07-20T15:11:41","modified_gmt":"2021-07-20T13:11:41","slug":"condizioni-generali-di-vendita","status":"publish","type":"page","link":"https:\/\/www.ceremonie-laique.fr\/it\/condizioni-generali-di-vendita\/","title":{"rendered":"Condizioni generali di vendita"},"content":{"rendered":"\t\t<div data-elementor-type=\"wp-page\" data-elementor-id=\"53702\" class=\"elementor elementor-53702 elementor-51124\">\n\t\t\t\t\t\t<div class=\"elementor-inner\">\n\t\t\t\t<div class=\"elementor-section-wrap\">\n\t\t\t\t\t\t\t\t\t<section class=\"elementor-section elementor-top-section elementor-element elementor-element-51f2107 elementor-section-boxed elementor-section-height-default elementor-section-height-default\" data-id=\"51f2107\" data-element_type=\"section\">\n\t\t\t\t\t\t<div class=\"elementor-container elementor-column-gap-default\">\n\t\t\t\t\t\t\t<div class=\"elementor-row\">\n\t\t\t\t\t<div class=\"elementor-column elementor-col-100 elementor-top-column elementor-element elementor-element-da0a07f\" data-id=\"da0a07f\" data-element_type=\"column\">\n\t\t\t<div class=\"elementor-column-wrap elementor-element-populated\">\n\t\t\t\t\t\t\t<div class=\"elementor-widget-wrap\">\n\t\t\t\t\t\t<div class=\"elementor-element elementor-element-39210f6 elementor-widget elementor-widget-text-editor\" data-id=\"39210f6\" data-element_type=\"widget\" data-widget_type=\"text-editor.default\">\n\t\t\t\t<div class=\"elementor-widget-container\">\n\t\t\t\t\t\t\t\t<div class=\"elementor-text-editor elementor-clearfix\">\n\t\t\t\t<p><em>Data ultimo aggiornamento: 17 febbraio 2021<\/em><\/p>\n\t\t\t\t\t<\/div>\n\t\t\t\t\t\t<\/div>\n\t\t\t\t<\/div>\n\t\t\t\t\t\t<\/div>\n\t\t\t\t\t<\/div>\n\t\t<\/div>\n\t\t\t\t\t\t\t\t<\/div>\n\t\t\t\t\t<\/div>\n\t\t<\/section>\n\t\t\t\t<section class=\"elementor-section elementor-top-section elementor-element elementor-element-bd3ee6b elementor-section-boxed elementor-section-height-default elementor-section-height-default\" data-id=\"bd3ee6b\" data-element_type=\"section\">\n\t\t\t\t\t\t<div class=\"elementor-container elementor-column-gap-default\">\n\t\t\t\t\t\t\t<div class=\"elementor-row\">\n\t\t\t\t\t<div class=\"elementor-column elementor-col-50 elementor-top-column elementor-element elementor-element-7e238bf\" data-id=\"7e238bf\" data-element_type=\"column\">\n\t\t\t<div class=\"elementor-column-wrap elementor-element-populated\">\n\t\t\t\t\t\t\t<div class=\"elementor-widget-wrap\">\n\t\t\t\t\t\t<div class=\"elementor-element elementor-element-a83cc06 elementor-widget elementor-widget-text-editor\" data-id=\"a83cc06\" data-element_type=\"widget\" data-widget_type=\"text-editor.default\">\n\t\t\t\t<div class=\"elementor-widget-container\">\n\t\t\t\t\t\t\t\t<div class=\"elementor-text-editor elementor-clearfix\">\n\t\t\t\t<p><strong>ARTICOLO 1 &#8211; CAMPO DI APPLICAZIONE<\/strong><\/p>\n<p>Le presenti condizioni generali di vendita si applicano a tutti i servizi sottoscritti dai professionisti che desiderano apparire sul sito: ceremonie-laique. fr<\/p>\n<p><strong>ARTICOLO 2 &#8211; DESCRIZIONE DEL SERVIZIO FORNITO<\/strong><\/p>\n<p>Il sito ceremonie-laique.fr offre servizi di pubblicit\u00e0, e in particolare la visualizzazione delle coordinate di professionisti la cui attivit\u00e0 riguarda in tutto o in parte le cerimonie nuziali o funebri laiche. Questi ultimi lo hanno espressamente richiesto abbonandosi ai servizi proposti da questo sito.<\/p>\n<p>I servizi oggetto delle presenti condizioni generali di vendita consistono nella registrazione dei dati di contatto del professionista abbonato ai fini della loro pubblicazione in un sito d&#8217;informazione per il grande pubblico, comprendente un elenco di professionisti, consultabile sul sito ceremonie-laique. fr<\/p>\n<p>I dettagli delle prestazioni, e gli importi corrispondenti, sono <a href=\"https:\/\/www.ceremonie-laique.fr\/tarif\/\" data-wpel-link=\"internal\">descritti in questa pagina<\/a>.<\/p>\n<p>Gli importi indicati sono comprensivi di tutte le tasse (IVA non applicabile &#8211; articolo 293 B del CGI).<\/p>\n<p>L&#8217;iscrizione garantisce la presenza del record del Cliente nei risultati di ricerca sul sito ceremonie-laique.fr corrispondenti ai servizi che ha sottoscritto. L&#8217;ordine di visualizzazione predefinito dei risultati \u00e8 automatico, in nessun caso \u00e8 possibile modificarlo su richiesta.<\/p>\n<p>L&#8217;iscrizione su ceremonie-laique. fr non garantisce:<\/p>\n<ul>\n<li>Il numero di visite al file del professionista<\/li>\n<li>La qualificazione dei potenziali clienti<\/li>\n<li>L&#8217;accessibilit\u00e0 del file per le modifiche<\/li>\n<\/ul>\n<p><strong>ARTICOLO 3 &#8211; CONDIZIONI DI ISCRIZIONE<\/strong><\/p>\n<p>Questa directory ha lo scopo di referenziare gli officianti di cerimonie laiche, i wedding planner e altri professionisti in relazione alle cerimonie laiche. Nessun altro professionista sar\u00e0 accettato.<\/p>\n<p>Ogni professionista deve essere iscritto al registro del commercio e delle societ\u00e0 e impegnarsi a fornire la prova di un numero SIRET.<\/p>\n<p>I seguenti saranno rifiutati:<br \/>&#8211; siti o professionisti che non sono legati alle cerimonie secolari;<br \/>&#8211; blog;<br \/>&#8211; siti il cui indirizzo \u00e8 un sottodominio (come: www.nomdusite.sousdomaine. com)<br \/>&#8211; siti che non sono in francese;<br \/>&#8211; siti o professionisti con contenuti per adulti o link a siti per adulti;<br \/>&#8211; siti o professionisti che possono violare i diritti di terzi o essere contrari all&#8217;ordine pubblico&#8230;<\/p>\n<p><strong>ARTICOLO 4 &#8211; PASSI PER L&#8217;ISCRIZIONE NELL&#8217;ELENCO PROFESSIONALE<\/strong><\/p>\n<p>La procedura di iscrizione del Cliente nel sito www. ceremonie-laique.fr \u00e8 il seguente:<\/p>\n<ol>\n<li>Creare un account sul sito tramite il <a href=\"https:\/\/www.ceremonie-laique.fr\/? page_id=5749\" data-wpel-link=\"internal\">Pagina d&#8217;iscrizione<\/a><\/li>\n<li>Scegliere una formula e pagare la quota d&#8217;abbonamento<\/li>\n<li>Creare un modulo e inserire le informazioni relative alla propria attivit\u00e0<\/li>\n<\/ol>\n<p><strong>ARTICOLO 5 &#8211; TARIFFE E TERMINI DI PAGAMENTO<\/strong><\/p>\n<p>I prezzi descritti nell&#8217;articolo 2 sono pagabili annualmente in anticipo. Una fattura \u00e8 consegnata al Cliente su richiesta.<\/p>\n<p>L&#8217;importo annuale comprensivo di IVA deve essere pagato dal Cliente al momento della convalida del modulo.<\/p>\n<p>In caso di ritardo nel pagamento delle somme dovute dal Cliente dopo la data di pagamento che appare sulla fattura inviata al Cliente, il modulo del Cliente sar\u00e0 immediatamente ritirato alla data di rinnovo dell&#8217;abbonamento. <\/p>\n<p>In caso di ritardo nel pagamento del rinnovo, successivo alla cancellazione dell&#8217;iscrizione del Cliente, sar\u00e0 addebitato un importo di 10 euro IVA inclusa per le spese amministrative.<\/p>\n<p><strong>ARTICOLO 6 &#8211; DURATA DELL&#8217;IMPEGNO<\/strong><\/p>\n<p>Il contratto ha effetto dall&#8217;invio del modulo di iscrizione da parte del Cliente. \u00c8 concluso per un periodo fermo di UN (1) anno. Sar\u00e0 poi rinnovato espressamente dal Cliente che avr\u00e0 la possibilit\u00e0 di non rinnovare il suo abbonamento.<\/p>\n<p>In caso di rescissione anticipata dell&#8217;abbonamento da parte del Cliente, l&#8217;importo dell&#8217;abbonamento pagato non sar\u00e0 rimborsato e sar\u00e0 trattenuto a titolo di penale per violazione del contratto.<\/p>\n<p><strong>ARTICOLO 7 &#8211; CONDIZIONI PER LA PUBBLICAZIONE DELLE RECENSIONI<\/strong><\/p>\n<p>Le recensioni pubblicate per ogni professionista iscritto devono provenire dai propri clienti. I commenti dei professionisti stessi sono vietati, anche se sono stati scritti dai loro clienti sul proprio sito.<\/p>\n<p>Le recensioni sono moderate prima della pubblicazione, e la provenienza pu\u00f2 essere verificata contattando direttamente gli sposi.<\/p>\n<p><strong>ARTICOLO 8 &#8211; CONDIZIONI PER GLI EDITORIALI SUL BLOG<\/strong><\/p>\n<p>I clienti che hanno sottoscritto un abbonamento annuale, ad eccezione del pacchetto &#8220;BASIC&#8221;, hanno la possibilit\u00e0 di scrivere tutti gli articoli che desiderano sul blog del sito ceremonie-laique.fr, previa accettazione del contenuto editoriale da parte del webmaster del sito. Il sito ceremonie-laique.fr si riserva il diritto di rifiutare qualsiasi pubblicazione o di modificare liberamente il contenuto senza giustificazione.<\/p>\n<p>Il Cliente pu\u00f2 comunicare foto di illustrazioni da integrare nel suo articolo. Queste foto devono provenire esclusivamente dal lavoro di un fotografo professionista, che avr\u00e0 dato al Cliente il suo consenso a pubblicarle su internet. Il Cliente certifica di avere il diritto di pubblicare le foto che invia al sito ceremonie-laique.fr, cos\u00ec come l&#8217;accordo delle persone i cui volti appaiono. Se necessario, il Cliente avr\u00e0 cura di mascherare i volti delle persone di cui non ha il consenso.<\/p>\n<p>Il sito ceremonie-laique.fr si impegna a visualizzare i nomi dei professionisti coinvolti nelle foto inviate dal Cliente.<\/p>\n\t\t\t\t\t<\/div>\n\t\t\t\t\t\t<\/div>\n\t\t\t\t<\/div>\n\t\t\t\t\t\t<\/div>\n\t\t\t\t\t<\/div>\n\t\t<\/div>\n\t\t\t\t<div class=\"elementor-column elementor-col-50 elementor-top-column elementor-element elementor-element-e7c3b44\" data-id=\"e7c3b44\" data-element_type=\"column\">\n\t\t\t<div class=\"elementor-column-wrap elementor-element-populated\">\n\t\t\t\t\t\t\t<div class=\"elementor-widget-wrap\">\n\t\t\t\t\t\t<div class=\"elementor-element elementor-element-81e47f9 elementor-widget elementor-widget-text-editor\" data-id=\"81e47f9\" data-element_type=\"widget\" data-widget_type=\"text-editor.default\">\n\t\t\t\t<div class=\"elementor-widget-container\">\n\t\t\t\t\t\t\t\t<div class=\"elementor-text-editor elementor-clearfix\">\n\t\t\t\t<p><strong>ARTICOLO 9 &#8211; CONDIZIONI PER LA COMPILAZIONE DELLE SCHEDE<\/strong><\/p>\n<p><b>Ogni professionista che appare su questo sito \u00e8 pienamente responsabile dei testi che presenta, e in particolare delle attivit\u00e0, regolamentate o meno, che dichiara di esercitare.<\/b><\/p>\n<p>Il sito ceremonie-laique. fr pu\u00f2 tuttavia esercitare un diritto di controllo per verificare la conformit\u00e0 del contenuto proposto da ogni professionista per quanto riguarda le norme in vigore, l&#8217;ortografia, le regole grammaticali, le regole abituali di correttezza e concorrenza leale. In particolare, saranno rifiutati o richiesti di essere modificati:<\/p>\n<ul>\n<li>Testi ingiuriosi, razzisti o discriminatori;<\/li>\n<li>Testi palesemente plagiati o soggetti a copyright;<\/li>\n<li>Testi diffamatori o che violano una terza parte;<\/li>\n<li>Testi irrispettosi, nominativi o meno, che non rispettano una sana concorrenza;<\/li>\n<li>Testi che sono giudicati generalmente non conformi allo spirito e ai valori di questo sito, ovvero: informazione dei clienti, proposta di servizi di qualit\u00e0, accettazione della concorrenza, trasparenza dei prezzi, commercio equo. <\/li>\n<\/ul>\n<p>Ogni voce deve contenere testi originali e non duplicati.<\/p>\n<p>Ogni campo obbligatorio deve essere compilato in modo da fornire le informazioni minime necessarie sul fornitore e i servizi che offre. Qualsiasi mancanza di contenuto costituisce una violazione delle presenti condizioni.<\/p>\n<p>Ogni violazione del presente articolo costituir\u00e0 motivo di rimozione temporanea dell&#8217;annuncio dal sito, mentre la situazione viene resa conforme alle presenti condizioni.<\/p>\n<p><strong>ARTICOLO 10 &#8211; CONSEGUENZE DELLA RISOLUZIONE DEL CONTRATTO<\/strong><\/p>\n<p>Al termine del presente contratto, per qualsiasi motivo, i dati di contatto relativi al Cliente e pubblicati nell&#8217;elenco professionale saranno rimossi da questo elenco. <\/p>\n<p><strong>ARTICOLO 11 &#8211; <\/strong><b>RESPONSABILIT\u00c0<\/b><\/p>\n<p>Il Cliente \u00e8 responsabile dell&#8217;esattezza dei dati che ha trasmesso e\/o pubblicato sulla directory www.ceremonie-laique.fr.<\/p>\n<p>Il Cliente \u00e8 anche responsabile del contenuto dei testi che ha inserito nel suo file, cos\u00ec come delle fotografie che ha pubblicato. In particolare, egli \u00e8 responsabile in caso di copia, contraffazione, parassitismo o altri problemi legati alla propriet\u00e0 intellettuale.<\/p>\n<p>In nessun caso il sito ceremonie-laique.fr sar\u00e0 responsabile dei danni al Cliente in caso di malfunzionamenti del sito che non gli sono imputabili (guasto dell&#8217;host del sito, malfunzionamenti del software del CMS o dei plugin utilizzati, ecc. )<\/p>\n<p><strong>ARTICOLO 12 &#8211; DIRITTI DI PROPRIET\u00c0 INTELLETTUALE<\/strong><\/p>\n<p>Ogni riproduzione totale o parziale, con qualsiasi mezzo, effettuata senza il previo consenso scritto del www. ceremonie-laique.fr \u00e8 illegale e costituisce un&#8217;infrazione passibile di sanzioni penali. <\/p>\n<p><strong>ARTICOLO 13 &#8211; CONTROVERSIE<\/strong><\/p>\n<p>TUTTE LE CONTROVERSIE A CUI IL PRESENTE CONTRATTO POTREBBE DARE RISCATTO, CONCERNENTI LA SUA VALIDIT\u00c0, INTERPRETAZIONE, ESECUZIONE, RISOLUZIONE, CONSEGUENZE E SEGUITO SARANNO SOTTOPOSTE AL TRIBUNALE COMMERCIALE DI TOULON. <\/p>\n<p><strong>ARTICOLO 14 &#8211; LEGGE APPLICABILE<\/strong><\/p>\n<p> Per accordo espresso tra le parti, questo contratto \u00e8 regolato e soggetto alla legge francese. Gli accordi verbali sono validi solo se confermati per iscritto dal cliente e dalla directory ceremonie-laique.fr. <\/p>\n<p><strong>ARTICOLO 15 &#8211; ACCETTAZIONE DEL CLIENTE<\/strong><\/p>\n<p>La restituzione del modulo di richiesta di registrazione compilato dal Cliente implica l&#8217;approvazione e l&#8217;accettazione espressa delle presenti Condizioni Generali di Vendita da parte del Cliente, il quale dichiara e riconosce di averne perfetta conoscenza, rinunciando cos\u00ec ad avvalersi di qualsiasi documento contraddittorio e, in particolare, ove applicabile, delle proprie condizioni generali di acquisto, che saranno inapplicabili nei confronti del Prestatore, anche se ne fosse a conoscenza. <\/p>\n<p><strong>ARTICOLO 16 &#8211; INFORMATIVA LEGALE<\/strong><\/p>\n<p><strong>Diritto di opposizione (articolo 38 della legge del 6 gennaio 1978 modificato dalla legge del 6 agosto 2004)<\/strong><\/p>\n<p>Il Cliente ha la possibilit\u00e0 di opporsi per motivi legittimi all&#8217;inserimento in un file. Ogni persona pu\u00f2 rifiutare, senza doversi giustificare, che i dati che la riguardano siano utilizzati a fini di sondaggio, in particolare commerciale.<\/p>\n<p><strong>Diritto di accesso (articoli 39, 41, 42 della legge del 6 gennaio 1978 modificata dalla legge del 6 agosto 2004)<\/strong><\/p>\n<p>Ogni persona che dimostri la propria identit\u00e0 ha il diritto di interrogare il responsabile di un archivio o di un trattamento per sapere se detiene informazioni che la riguardano e, in caso affermativo, di ottenerne la comunicazione. <\/p>\n<p><strong>Diritto di rettifica (articolo 40 della legge del 6 gennaio 1978 modificato dalla legge del 6 agosto 2004<\/strong><br \/>Il Cliente pu\u00f2 far rettificare, completare, aggiornare, bloccare o cancellare le informazioni che lo riguardano quando sono stati rilevati errori, inesattezze o la presenza di dati la cui raccolta, utilizzo, comunicazione o conservazione \u00e8 vietata. In ogni caso, conformemente alla legge francese sulla protezione dei dati, questi diritti possono essere esercitati contattando contact@ceremonie-laique.fr<\/p>\n<p>Per tutte le informazioni sulla protezione dei dati personali, potete consultare il sito della Commissione francese per la protezione dei dati (Commission Informatique et Libert\u00e9) http:\/\/www.cnil.fr.<\/p>\n\t\t\t\t\t<\/div>\n\t\t\t\t\t\t<\/div>\n\t\t\t\t<\/div>\n\t\t\t\t\t\t<\/div>\n\t\t\t\t\t<\/div>\n\t\t<\/div>\n\t\t\t\t\t\t\t\t<\/div>\n\t\t\t\t\t<\/div>\n\t\t<\/section>\n\t\t\t\t\t\t\t\t\t<\/div>\n\t\t\t<\/div>\n\t\t\t\t\t<\/div>\n\t\t","protected":false},"excerpt":{"rendered":"<p>Data ultimo aggiornamento: 17 febbraio 2021 ARTICOLO 1 &#8211; CAMPO DI APPLICAZIONE Le presenti condizioni generali di vendita si applicano a tutti i servizi sottoscritti dai professionisti che desiderano apparire sul sito: ceremonie-laique. fr ARTICOLO 2 &#8211; DESCRIZIONE DEL SERVIZIO FORNITO Il sito ceremonie-laique.fr offre servizi di pubblicit\u00e0, e in particolare la visualizzazione delle coordinate [&hellip;]<\/p>\n","protected":false},"author":1,"featured_media":0,"parent":0,"menu_order":0,"comment_status":"closed","ping_status":"closed","template":"","meta":{"_vp_format_video_url":"","_vp_image_focal_point":[],"footnotes":""},"class_list":["post-53702","page","type-page","status-publish","hentry"],"amp_enabled":true,"_links":{"self":[{"href":"https:\/\/www.ceremonie-laique.fr\/it\/wp-json\/wp\/v2\/pages\/53702","targetHints":{"allow":["GET"]}}],"collection":[{"href":"https:\/\/www.ceremonie-laique.fr\/it\/wp-json\/wp\/v2\/pages"}],"about":[{"href":"https:\/\/www.ceremonie-laique.fr\/it\/wp-json\/wp\/v2\/types\/page"}],"author":[{"embeddable":true,"href":"https:\/\/www.ceremonie-laique.fr\/it\/wp-json\/wp\/v2\/users\/1"}],"replies":[{"embeddable":true,"href":"https:\/\/www.ceremonie-laique.fr\/it\/wp-json\/wp\/v2\/comments?post=53702"}],"version-history":[{"count":0,"href":"https:\/\/www.ceremonie-laique.fr\/it\/wp-json\/wp\/v2\/pages\/53702\/revisions"}],"wp:attachment":[{"href":"https:\/\/www.ceremonie-laique.fr\/it\/wp-json\/wp\/v2\/media?parent=53702"}],"curies":[{"name":"wp","href":"https:\/\/api.w.org\/{rel}","templated":true}]}}