{"id":53880,"date":"2021-08-11T10:02:37","date_gmt":"2021-08-11T08:02:37","guid":{"rendered":"https:\/\/www.ceremonie-laique.fr\/informazioni-legali\/"},"modified":"2021-08-11T10:05:52","modified_gmt":"2021-08-11T08:05:52","slug":"informazioni-legali","status":"publish","type":"page","link":"https:\/\/www.ceremonie-laique.fr\/it\/informazioni-legali\/","title":{"rendered":"Informazioni legali"},"content":{"rendered":"\n<ul class=\"wp-block-list\"><li><strong>Redattore del sito<\/strong>: Agenzia E-Komm\u00ae (<a href=\"\/?page_id=51142\">Agenzia di pubblicazione e comunicazione web<\/a>)<\/li><li><strong>Numero SIRET (identificazione amministrativa francese)<\/strong>: 813 851 276 00036<\/li><li><strong>Indirizzo della sede principale<\/strong>: 185 rue de la p\u00e9pini\u00e8re &#8211; 83210 La Farl\u00e8de<\/li><li><strong>Direttore della pubblicazione<\/strong>: Nicolas VASELLI<\/li><li><strong>Indirizzo e-mail<\/strong>: contact@ceremonie-laique.fr<\/li><\/ul>\n\n\n\n<h2 class=\"wp-block-heading\">Hosting<\/h2>\n\n\n\n<p>Il sito <span style=\"text-decoration: underline;\">ceremonie-laique.fr<\/span> \u00e8 ospitato in Francia sui server della societ\u00e0 O2 SWITCH<br>R.C.S. CLERMONT-FERRAND 510 909 807<br>Sede principale: 222 Boulevard Gustave Flaubert, 63000 Clermont-Ferrand<\/p>\n\n\n\n<h2 class=\"wp-block-heading\">Propriet\u00e0 intellettuale<\/h2>\n\n\n\n<p>La presentazione e il contenuto del sito sono protetti dalle leggi francesi e internazionali sulla propriet\u00e0 intellettuale.<\/p>\n\n\n\n<p>Qualsiasi utilizzo o riproduzione, anche parziale, degli elementi di questo sito \u00e8 severamente vietato senza il previo consenso scritto dell&#8217;agenzia E-Komm\u00ae.<\/p>\n\n\n\n<h2 class=\"wp-block-heading\">Politica sulla privacy<\/h2>\n\n\n\n<p>L&#8217;informativa sulla privacy per <span style=\"text-decoration: underline;\">ceremonie-laique.it<\/span> \u00e8 <strong><a href=\"\/?page_id=53578\" data-type=\"page\" data-id=\"53578\">descritta in questa pagina<\/a><\/strong>.<\/p>\n\n\n\n<h2 class=\"wp-block-heading\">Termini e condizioni d&#8217;uso<\/h2>\n\n\n\n<p>Visitando le pagine del sito <span style=\"text-decoration: underline;\">ceremonie-laique.fr<\/span>, l&#8217;utente Internet accetta le condizioni generali di utilizzo <a href=\"\/?page_id=53864\" data-type=\"page\" data-id=\"53864\"><strong>descritte in questa pagina<\/strong><\/a>. <\/p>\n\n\n\n<h2 class=\"wp-block-heading\">Condizioni generali di vendita<\/h2>\n\n\n\n<p>Il professionista che desidera abbonarsi a un servizio pubblicitario sul sito <span style=\"text-decoration: underline;\">ceremonie-laique.fr<\/span> accetta le condizioni generali di vendita <a href=\"\/?page_id=53702\" data-type=\"page\" data-id=\"53702\"><strong>descritto in questa pagina<\/strong><\/a>.<\/p>\n","protected":false},"excerpt":{"rendered":"<p>Redattore del sito: Agenzia E-Komm\u00ae (Agenzia di pubblicazione e comunicazione web) Numero SIRET (identificazione amministrativa francese): 813 851 276 00036 Indirizzo della sede principale: 185 rue de la p\u00e9pini\u00e8re &#8211; 83210 La Farl\u00e8de Direttore della pubblicazione: Nicolas VASELLI Indirizzo e-mail: contact@ceremonie-laique.fr Hosting Il sito ceremonie-laique.fr \u00e8 ospitato in Francia sui server della societ\u00e0 O2 SWITCHR.C.S. [&hellip;]<\/p>\n","protected":false},"author":1,"featured_media":0,"parent":0,"menu_order":0,"comment_status":"closed","ping_status":"closed","template":"","meta":{"_vp_format_video_url":"","_vp_image_focal_point":[],"footnotes":""},"class_list":["post-53880","page","type-page","status-publish","hentry"],"amp_enabled":true,"_links":{"self":[{"href":"https:\/\/www.ceremonie-laique.fr\/it\/wp-json\/wp\/v2\/pages\/53880","targetHints":{"allow":["GET"]}}],"collection":[{"href":"https:\/\/www.ceremonie-laique.fr\/it\/wp-json\/wp\/v2\/pages"}],"about":[{"href":"https:\/\/www.ceremonie-laique.fr\/it\/wp-json\/wp\/v2\/types\/page"}],"author":[{"embeddable":true,"href":"https:\/\/www.ceremonie-laique.fr\/it\/wp-json\/wp\/v2\/users\/1"}],"replies":[{"embeddable":true,"href":"https:\/\/www.ceremonie-laique.fr\/it\/wp-json\/wp\/v2\/comments?post=53880"}],"version-history":[{"count":0,"href":"https:\/\/www.ceremonie-laique.fr\/it\/wp-json\/wp\/v2\/pages\/53880\/revisions"}],"wp:attachment":[{"href":"https:\/\/www.ceremonie-laique.fr\/it\/wp-json\/wp\/v2\/media?parent=53880"}],"curies":[{"name":"wp","href":"https:\/\/api.w.org\/{rel}","templated":true}]}}