{"id":53951,"date":"2021-08-11T11:53:53","date_gmt":"2021-08-11T09:53:53","guid":{"rendered":"https:\/\/www.ceremonie-laique.fr\/centro-di-risorse-per-le-cerimonie-laiche\/"},"modified":"2021-08-11T11:53:53","modified_gmt":"2021-08-11T09:53:53","slug":"centro-di-risorse-per-le-cerimonie-laiche","status":"publish","type":"page","link":"https:\/\/www.ceremonie-laique.fr\/it\/centro-di-risorse-per-le-cerimonie-laiche\/","title":{"rendered":"Centro di risorse per le cerimonie laiche"},"content":{"rendered":"<div class=\"preloader-container\">\n      <svg version=\"1.1\" id=\"L5\" xmlns=\"http:\/\/www.w3.org\/2000\/svg\" xmlns:xlink=\"http:\/\/www.w3.org\/1999\/xlink\" x=\"0px\" y=\"0px\"\n       viewBox=\"0 0 100 100\" enable-background=\"new 0 0 0 0\" xml:space=\"preserve\">\n       <circle fill=\"#057bff\" stroke=\"none\" cx=\"6\" cy=\"50\" r=\"6\">\n         <animateTransform\n            attributeName=\"transform\"\n            dur=\"1s\"\n            type=\"translate\"\n            values=\"0 15 ; 0 -15; 0 15\"\n            repeatCount=\"indefinite\"\n            begin=\"0.1\"\/>\n       <\/circle>\n       <circle fill=\"#057bff\" stroke=\"none\" cx=\"30\" cy=\"50\" r=\"6\">\n         <animateTransform\n            attributeName=\"transform\"\n            dur=\"1s\"\n            type=\"translate\"\n            values=\"0 10 ; 0 -10; 0 10\"\n            repeatCount=\"indefinite\"\n            begin=\"0.2\"\/>\n       <\/circle>\n       <circle fill=\"#057bff\" stroke=\"none\" cx=\"54\" cy=\"50\" r=\"6\">\n         <animateTransform\n            attributeName=\"transform\"\n            dur=\"1s\"\n            type=\"translate\"\n            values=\"0 5 ; 0 -5; 0 5\"\n            repeatCount=\"indefinite\"\n            begin=\"0.3\"\/>\n       <\/circle>\n     <\/svg>\n    <\/div>\n  \n<div class=\"wph-categories-wrap\">\n  <div class=\"wph-container wow fadeIn\" data-wow-delay=\".2s\">\n    <div class=\"product-catogeries\">\n    <div class=\"wph-row grid-row grid-3\">\n\n    <div class=\"wph-grid-col wph-col-xs-12 wph-col-sm-6 wph-col-md-6 wph-col-lg-4 match-height\n    wph-b-b wph-sm-b-b wph-xs-b-b wph-xs-nb-r1\">\n      <div class=\"catogeries-list\">\n        <div class=\"catogery-icon wow fadeIn\">\n            <i class=\"dashicons dashicons-saved\"><\/i>          <\/div>\n          <div class=\"catogery-content wow fadeIn\" data-wow-delay=\".2s\">\n              <h2>\n                  <a href=\"https:\/\/www.ceremonie-laique.fr\/it\/faq\/autours-ceremonie-laique\/\">Autours de la c\u00e9r\u00e9monie la\u00efque                                <span class=\"cat_posts_count\">(0)<\/span><\/a>\n              <\/h2>\n              \n              \n              <a href=\"https:\/\/www.ceremonie-laique.fr\/it\/faq\/autours-ceremonie-laique\/\" class=\"wph-readmore\">Leggi tutto <i class=\"fas fa-long-arrow-alt-right\"><\/i><\/a>\n          <\/div>\n        <\/div>\n    <\/div>\n\n    <div class=\"wph-grid-col wph-col-xs-12 wph-col-sm-6 wph-col-md-6 wph-col-lg-4 match-height\n    wph-b-b wph-sm-b-b wph-xs-b-b wph-sm-nb-r wph-xs-nb-r2\">\n      <div class=\"catogeries-list\">\n        <div class=\"catogery-icon wow fadeIn\">\n            <i class=\"dashicons dashicons-saved\"><\/i>          <\/div>\n          <div class=\"catogery-content wow fadeIn\" data-wow-delay=\".2s\">\n              <h2>\n                  <a href=\"https:\/\/www.ceremonie-laique.fr\/it\/faq\/organiser-ceremonie\/\">Organiser une c\u00e9r\u00e9monie la\u00efque                                <span class=\"cat_posts_count\">(0)<\/span><\/a>\n              <\/h2>\n              \n              \n              <a href=\"https:\/\/www.ceremonie-laique.fr\/it\/faq\/organiser-ceremonie\/\" class=\"wph-readmore\">Leggi tutto <i class=\"fas fa-long-arrow-alt-right\"><\/i><\/a>\n          <\/div>\n        <\/div>\n    <\/div>\n\n    <div class=\"wph-grid-col wph-col-xs-12 wph-col-sm-6 wph-col-md-6 wph-col-lg-4 match-height\n    wph-b-b wph-xs-b-b wph-lg-nb-r wph-xs-nb-r3\">\n      <div class=\"catogeries-list\">\n        <div class=\"catogery-icon wow fadeIn\">\n            <i class=\"dashicons dashicons-saved\"><\/i>          <\/div>\n          <div class=\"catogery-content wow fadeIn\" data-wow-delay=\".2s\">\n              <h2>\n                  <a href=\"https:\/\/www.ceremonie-laique.fr\/it\/faq\/celebrer-ceremonie\/\">C\u00e9l\u00e9brer une c\u00e9r\u00e9monie                                <span class=\"cat_posts_count\">(0)<\/span><\/a>\n              <\/h2>\n              \n              \n              <a href=\"https:\/\/www.ceremonie-laique.fr\/it\/faq\/celebrer-ceremonie\/\" class=\"wph-readmore\">Leggi tutto <i class=\"fas fa-long-arrow-alt-right\"><\/i><\/a>\n          <\/div>\n        <\/div>\n    <\/div>\n\n    <div class=\"wph-grid-col wph-col-xs-12 wph-col-sm-6 wph-col-md-6 wph-col-lg-4 match-height\n     wph-sm-nb-r wph-xs-nb-r4\">\n      <div class=\"catogeries-list\">\n        <div class=\"catogery-icon wow fadeIn\">\n                        <i class=\"lni lni-hand\"><\/i>\n                      <\/div>\n          <div class=\"catogery-content wow fadeIn\" data-wow-delay=\".2s\">\n              <h2>\n                  <a href=\"https:\/\/www.ceremonie-laique.fr\/it\/faq\/idees-ceremonie\/\">Id\u00e9es pour pr\u00e9parer sa c\u00e9r\u00e9monie                                <span class=\"cat_posts_count\">(0)<\/span><\/a>\n              <\/h2>\n                                <p>Vous manquez d&#039;id\u00e9es, vous voulez quelque chose d&#039;original, ou, au contraire, de plus conventionnel mais vous manquez de rep\u00e8res ? Ne vous en faites plus, voici notre centre de ressources pour vous aider !<\/p>\n                  \n              \n              <a href=\"https:\/\/www.ceremonie-laique.fr\/it\/faq\/idees-ceremonie\/\" class=\"wph-readmore\">Leggi tutto <i class=\"fas fa-long-arrow-alt-right\"><\/i><\/a>\n          <\/div>\n        <\/div>\n    <\/div>\n\n\n      <\/div>\n    <\/div>\n  <\/div>\n<\/div>\n\n  \n","protected":false},"excerpt":{"rendered":"","protected":false},"author":1,"featured_media":0,"parent":0,"menu_order":0,"comment_status":"closed","ping_status":"closed","template":"wph-categories-home.php","meta":{"_vp_format_video_url":"","_vp_image_focal_point":[],"footnotes":""},"class_list":["post-53951","page","type-page","status-publish","hentry"],"amp_enabled":true,"_links":{"self":[{"href":"https:\/\/www.ceremonie-laique.fr\/it\/wp-json\/wp\/v2\/pages\/53951","targetHints":{"allow":["GET"]}}],"collection":[{"href":"https:\/\/www.ceremonie-laique.fr\/it\/wp-json\/wp\/v2\/pages"}],"about":[{"href":"https:\/\/www.ceremonie-laique.fr\/it\/wp-json\/wp\/v2\/types\/page"}],"author":[{"embeddable":true,"href":"https:\/\/www.ceremonie-laique.fr\/it\/wp-json\/wp\/v2\/users\/1"}],"replies":[{"embeddable":true,"href":"https:\/\/www.ceremonie-laique.fr\/it\/wp-json\/wp\/v2\/comments?post=53951"}],"version-history":[{"count":0,"href":"https:\/\/www.ceremonie-laique.fr\/it\/wp-json\/wp\/v2\/pages\/53951\/revisions"}],"wp:attachment":[{"href":"https:\/\/www.ceremonie-laique.fr\/it\/wp-json\/wp\/v2\/media?parent=53951"}],"curies":[{"name":"wp","href":"https:\/\/api.w.org\/{rel}","templated":true}]}}