{"id":53997,"date":"2021-08-11T15:39:45","date_gmt":"2021-08-11T13:39:45","guid":{"rendered":"https:\/\/www.ceremonie-laique.fr\/cerimonie-di-addio-officiante-per-cerimonie-funebri-laiche-e-di-sepoltura\/"},"modified":"2021-08-11T15:39:47","modified_gmt":"2021-08-11T13:39:47","slug":"cerimonie-di-addio-officiante-per-cerimonie-funebri-laiche-e-di-sepoltura","status":"publish","type":"page","link":"https:\/\/www.ceremonie-laique.fr\/it\/cerimonie-di-addio-officiante-per-cerimonie-funebri-laiche-e-di-sepoltura\/","title":{"rendered":"Cerimonie di addio: officiante per cerimonie funebri laiche e di sepoltura"},"content":{"rendered":"\t\t<div data-elementor-type=\"wp-page\" data-elementor-id=\"53997\" class=\"elementor elementor-53997 elementor-51112\">\n\t\t\t\t\t\t<div class=\"elementor-inner\">\n\t\t\t\t<div class=\"elementor-section-wrap\">\n\t\t\t\t\t\t\t\t\t<section class=\"elementor-section elementor-top-section elementor-element elementor-element-9246b40 elementor-section-boxed elementor-section-height-default elementor-section-height-default\" data-id=\"9246b40\" data-element_type=\"section\">\n\t\t\t\t\t\t<div class=\"elementor-container elementor-column-gap-default\">\n\t\t\t\t\t\t\t<div class=\"elementor-row\">\n\t\t\t\t\t<div class=\"elementor-column elementor-col-66 elementor-top-column elementor-element elementor-element-3e30442\" data-id=\"3e30442\" data-element_type=\"column\">\n\t\t\t<div class=\"elementor-column-wrap elementor-element-populated\">\n\t\t\t\t\t\t\t<div class=\"elementor-widget-wrap\">\n\t\t\t\t\t\t<div class=\"elementor-element elementor-element-727ccc6 elementor-widget elementor-widget-text-editor\" data-id=\"727ccc6\" data-element_type=\"widget\" data-widget_type=\"text-editor.default\">\n\t\t\t\t<div class=\"elementor-widget-container\">\n\t\t\t\t\t\t\t\t<div class=\"elementor-text-editor elementor-clearfix\">\n\t\t\t\t<p><em>Si parla spesso di cerimonie laiche di matrimonio o di battesimo, eventi felici e piacevoli! Si sente meno parlare di cerimonie laiche per i funerali, chiamate &#8220;<strong>cerimonie di addio&#8221;<\/strong>.<\/em><\/p>\n<p><em>Certo, il contesto di questi eventi \u00e8 spiacevole, e se potessero essere evitati, lo faremmo! Ma non \u00e8 cos\u00ec, e tutti avranno vissuto, almeno una volta nella vita, un funerale. E proprio come i matrimoni, molte persone non vogliono un funerale religioso.<\/em><\/p>\n<\/p>\n<p><em>Alcuni officianti o officianti di matrimoni laici possono celebrare cerimonie di addio, come parte di un funerale, una cremazione: trova su questo sito l&#8217;officiante per celebrare il funerale dei tuoi cari.<\/em><\/p>\n\t\t\t\t\t<\/div>\n\t\t\t\t\t\t<\/div>\n\t\t\t\t<\/div>\n\t\t\t\t\t\t<\/div>\n\t\t\t\t\t<\/div>\n\t\t<\/div>\n\t\t\t\t<div class=\"elementor-column elementor-col-33 elementor-top-column elementor-element elementor-element-a595b00\" data-id=\"a595b00\" data-element_type=\"column\">\n\t\t\t<div class=\"elementor-column-wrap elementor-element-populated\">\n\t\t\t\t\t\t\t<div class=\"elementor-widget-wrap\">\n\t\t\t\t\t\t<div class=\"elementor-element elementor-element-b3d59f6 elementor-widget elementor-widget-crel-notification-box creative-addons crel-notification-box\" data-id=\"b3d59f6\" data-element_type=\"widget\" data-widget_type=\"crel-notification-box.default\">\n\t\t\t\t<div class=\"elementor-widget-container\">\n\t\t\t\r\n\t\t<!-- Notification Box -->\r\n\t\t<div class=\"crel-notification-box-container crel-notification-box-align--left crel-notification-box-border--left crel-notification-box-icon-center-aligned\">\r\n\r\n\t\t\t\t\t\t\t<div class=\"crel-notification-box__icon crel-notification-box__icon--icon\">\r\n\t\t\t\t\t<div class=\"crel-notification-box__icon__inner fas fa-info-circle\"><\/div>\t\t\t\t<\/div>\t\t\t\t\r\n\t\t\t<div class=\"crel-notification-box__body\"><span class=\"crel-notification-box__body__title\">A noter !<\/span>\r\n\t\t\t\t<div class=\"crel-notification-box__body__desc\"><p>L'activit\u00e9 de \"<strong>ma\u00eetre de c\u00e9r\u00e9monies fun\u00e9raires<\/strong>\" est r\u00e9glement\u00e9e. V\u00e9rifiez, au pr\u00e9alable, le certificat d'aptitude de l'officiant que vous aurez choisi...<\/p><\/div>\t\t\t\t\r\n\t\t\t<\/div>\r\n\r\n\t\t<\/div>\t\t\t\t<\/div>\n\t\t\t\t<\/div>\n\t\t\t\t\t\t<\/div>\n\t\t\t\t\t<\/div>\n\t\t<\/div>\n\t\t\t\t\t\t\t\t<\/div>\n\t\t\t\t\t<\/div>\n\t\t<\/section>\n\t\t\t\t<section class=\"elementor-section elementor-top-section elementor-element elementor-element-79d204ee elementor-section-boxed elementor-section-height-default elementor-section-height-default\" data-id=\"79d204ee\" data-element_type=\"section\">\n\t\t\t\t\t\t<div class=\"elementor-container elementor-column-gap-default\">\n\t\t\t\t\t\t\t<div class=\"elementor-row\">\n\t\t\t\t\t<div class=\"elementor-column elementor-col-100 elementor-top-column elementor-element elementor-element-70538025\" data-id=\"70538025\" data-element_type=\"column\">\n\t\t\t<div class=\"elementor-column-wrap elementor-element-populated\">\n\t\t\t\t\t\t\t<div class=\"elementor-widget-wrap\">\n\t\t\t\t\t\t<div class=\"elementor-element elementor-element-fb0c907 elementor-widget elementor-widget-text-editor\" data-id=\"fb0c907\" data-element_type=\"widget\" data-widget_type=\"text-editor.default\">\n\t\t\t\t<div class=\"elementor-widget-container\">\n\t\t\t\t\t\t\t\t<div class=\"elementor-text-editor elementor-clearfix\">\n\t\t\t\t<h2>Per un funerale, chi sceglie il tipo di cerimonia?<\/p>\n<p>Tutti possono decidere del loro funerale quando sono ancora vivi. Tutto quello che devi fare \u00e8 comunicare i tuoi desideri ad almeno una persona di cui ti fidi: i tuoi cari, la famiglia o gli amici.<\/p>\n<h2>Una cerimonia laica per il funerale? <\/h2>\n<p>Certo! \u00c8 anche una cerimonia intima e personale, che permette di dire un &#8220;addio&#8221; a una persona cara, secondo i suoi desideri, e a immagine di ci\u00f2 che era, con tanta emozione come una cerimonia religiosa. L&#8217;approccio deve essere personalizzato! <\/p>\n<p>.<\/p>\n<h2>Come funziona una cerimonia funebre? <\/h2>\n<p>In fatto, proprio come le cerimonie di matrimonio laiche, nulla \u00e8 imposto, la cerimonia d&#8217;addio lascia il contenuto libero di scegliere! Le diverse tappe permettono di accompagnare il defunto alla sua ultima dimora, e aiutano la famiglia a superare questo calvario.<\/p>\n<p>Ogni momento della cerimonia si concentra sulla memoria del defunto, la sua vita, il suo lavoro, il suo ricordo. Le letture di testi, le poesie, l&#8217;ascolto della musica preferita, il parlare delle persone care, i rituali di commemorazione sono tutti modi di rendere omaggio al defunto. L&#8217;officiante gioca un ruolo importante perch\u00e9 \u00e8 colui che dar\u00e0 ritmo alla cerimonia, alternando letture, discorsi e momenti di meditazione.<\/p>\n<h2>Ruolo del maestro di cerimonie funebri<\/h2>\n<p>Il maestro di cerimonie assicura la qualit\u00e0 dell&#8217;omaggio pagato. Si assicura che la cerimonia funebre si svolga senza intoppi. \u00c8 il principale facilitatore.<\/p>\n<p>Il ruolo del maestro di cerimonie \u00e8 quello di assicurare la qualit\u00e0 del tributo pagato.<\/p>\n<p>Il suo ruolo \u00e8 quello di controllare le azioni e gli attori: supervisiona la squadra dei portatori di palla e rimane l&#8217;interlocutore privilegiato delle famiglie. Rigore, organizzazione e psicologia sono essenziali per l&#8217;esercizio di questa professione.<\/p>\n<ul>\n<li>Prende il posto del consulente funebre e assicura il buon svolgimento del funerale dalla cerimonia alla sepoltura.<\/li>\n<li>Accompagna e dirige il convoglio funebre. \u00c8 responsabile della squadra di agenti funebri presenti.<\/li>\n<p>Si assicura che la cerimonia si svolga senza intoppi<\/li>\n<p>.\n<\/ul>\n<h2>Quale officiante scegliere per dire addio<\/h2>\n<p>?<\/p>\n<p>Puoi scegliere qualcuno vicino a te che conosceva il defunto, ma fai attenzione a non farti sopraffare dall&#8217;emozione. Questo tipo di cerimonia pu\u00f2 essere molto difficile da condurre, ed \u00e8 meglio lasciarla ad un officiante professionista. La maggior parte delle imprese di pompe funebri o dei crematori offrono questo servizio. Tuttavia, il servizio pu\u00f2 essere eseguito da un impiegato comune, che ha un modello che pu\u00f2 essere utilizzato per tutti i funerali. Il risultato potrebbe essere deludente, e non quello che vi aspettavate.<\/p>\n<p>.<\/p>\n<p>Trova tutti i <a href=\"https:\/\/www.ceremonie-laique.fr\/it\/categoria-matrimonio\/celebrante-funebre\/\" data-type=\"URL\" data-id=\"https:\/\/www.ceremonie-laique.fr\/categorie-mariage\/officiant-funeraire\/\">celebranti di cerimonia, funerale e sepoltura cliccando qui<\/a>&#8230;<\/p>\n<p>Si sono sviluppati i professionisti della cerimonia funebre. O si sono specializzati in questo campo, o sono officianti di cerimonie nuziali, che hanno ampliato il loro campo di competenza al settore funerario.<\/p>\n<p>Nota che l&#8217;officiante deve possedere il diploma statale di <em>Maestro di Cerimonie Funebri<\/em> per la celebrazione di funerali, che \u00e8 una missione di servizio pubblico supervisionata dallo stato.<\/p>\n<p>Qualunque sia il contenuto degli eventi, chiedete delle referenze e siate esigenti con il professionista che cercate&#8230;<\/p>\n\t\t\t\t\t<\/div>\n\t\t\t\t\t\t<\/div>\n\t\t\t\t<\/div>\n\t\t\t\t\t\t<\/div>\n\t\t\t\t\t<\/div>\n\t\t<\/div>\n\t\t\t\t\t\t\t\t<\/div>\n\t\t\t\t\t<\/div>\n\t\t<\/section>\n\t\t\t\t<section class=\"elementor-section elementor-top-section elementor-element elementor-element-7abc8e4 elementor-section-boxed elementor-section-height-default elementor-section-height-default\" data-id=\"7abc8e4\" data-element_type=\"section\">\n\t\t\t\t\t\t<div class=\"elementor-container elementor-column-gap-default\">\n\t\t\t\t\t\t\t<div class=\"elementor-row\">\n\t\t\t\t\t<div class=\"elementor-column elementor-col-100 elementor-top-column elementor-element elementor-element-dd638fe\" data-id=\"dd638fe\" data-element_type=\"column\">\n\t\t\t<div class=\"elementor-column-wrap elementor-element-populated\">\n\t\t\t\t\t\t\t<div class=\"elementor-widget-wrap\">\n\t\t\t\t\t\t<div class=\"elementor-element elementor-element-c01305e elementor-widget elementor-widget-heading\" data-id=\"c01305e\" data-element_type=\"widget\" data-widget_type=\"heading.default\">\n\t\t\t\t<div class=\"elementor-widget-container\">\n\t\t\t<h2 class=\"elementor-heading-title elementor-size-default\">Alcuni celebranti funebri<\/h2>\t\t<\/div>\n\t\t\t\t<\/div>\n\t\t\t\t<div class=\"elementor-element elementor-element-479e3e7 elementor-widget elementor-widget-listeo-listings\" data-id=\"479e3e7\" data-element_type=\"widget\" data-widget_type=\"listeo-listings.default\">\n\t\t\t\t<div class=\"elementor-widget-container\">\n\t\t\t\n\t\t\t<div class=\"row margin-bottom-25\">\n\n\t\t\t\t\n\n\n<!-- Sorting \/ Layout Switcher -->\n\t\t<div class=\"col-md-12\">\n\t\t\t\t<div class=\"fullwidth-filters  ajax-search \">\n\n\t\t\t\n\t\t\t\t\t\t\t<!-- Panel Dropdown-->\n\t\t\t\t<div class=\"panel-dropdown float-right\">\n\t\t\t\t\t<a href=\"#\">Distance Radius<\/a>\n\t\t\t\t\t<div class=\"panel-dropdown-content radius-dropdown\">\n\t\t\t\t\t\t\t\t\t\t\t\t<input form=\"listeo_core-search-form\" name=\"search_radius\" class=\"distance-radius\" type=\"range\" min=\"1\" max=\"100\" step=\"1\" value=\"50\" data-title=\"Radius around selected destination\">\n\t\t\t\t\t\t<div class=\"panel-buttons\">\n\t\t\t\t\t\t\t<span class=\"panel-disable\" data-disable=\"Disattivare\" data-enable=\"Abilita\">Disabilita<\/span>\n\t\t\t\t\t\t\t<button class=\"panel-apply\">Applica<\/button>\n\t\t\t\t\t\t<\/div>\n\t\t\t\t\t<\/div>\n\t\t\t\t<\/div>\n\t\t\t\t<!-- Panel Dropdown \/ End -->\n\t\t\t\n\t\t\t\t\t\t\t<!-- Sort by -->\n\t\t\t\t<div class=\"sort-by\">\n\t\t\t\t\t<div class=\"sort-by-select\">\n\t\t\t\t\t\t\t\t\t\t\t\t<select form=\"listeo_core-search-form\" name=\"listeo_core_order\" data-placeholder=\"Ordine predefinito\" class=\"select2-sortby orderby\">\n\t\t\t\t\t\t\t<option  value=\"default\">Ordine predefinito<\/option>\n\t\t\t\t\t\t\t<option  value=\"highest-rated\">Il pi\u00f9 votato<\/option>\n\t\t\t\t\t\t\t\t\t\t\t\t\t\t\t<option  value=\"reviewed\">I pi\u00f9 recensiti<\/option>\n\t\t\t\t\t\t\t\t\t\t\t\t\t\t<option  value=\"date-desc\">La pi\u00f9 recente<\/option>\n\t\t\t\t\t\t\t<option  value=\"date-asc\">Annunci pi\u00f9 vecchi<\/option>\n\t\t\t\t\t\t\t<option  value=\"title\">Ordine alfabetico<\/option>\n\t\t\t\t\t\t\t<option  selected='selected' value=\"featured\">Primo piano<\/option>\n\t\t\t\t\t\t\t<option  value=\"views\">Pi\u00f9 visualizzazioni<\/option>\n\t\t\t\t\t\t\t<option  value=\"verified\">Verified<\/option>\n\t\t\t\t\t\t\t<option  value=\"upcoming-event\">Upcoming Event<\/option>\n\t\t\t\t\t\t\t<option  value=\"rand\">Casuale<\/option>\n\t\t\t\t\t\t<\/select>\n\t\t\t\t\t<\/div>\n\t\t\t\t<\/div>\n\t\t\t\t<!-- Sort by \/ End -->\n\t\t\t\n\t\t<\/div>\n\t\t<\/div>\t\t\t<\/div>\n\t\t<div id=\"listeo-listings-container\">\r\n\t\t\t\t\t\t\t<div class=\"loader-ajax-container\" style=\"\"> <div class=\"loader-ajax\"><\/div> <\/div>\r\n<section id=\"listings-not-found\" class=\"margin-bottom-50 col-md-12\">\r\n\t<h2>Non sono stati trovati professionisti<\/h2>\r\n\t<p>Siamo spiacenti, non abbiamo professionisti corrispondenti alla tua ricerca. Prova a cambiare i parametri di ricerca.<\/p>\r\n<\/section>\r\n<\/div>\t\t<\/div>\n\t\t\t\t<\/div>\n\t\t\t\t\t\t<\/div>\n\t\t\t\t\t<\/div>\n\t\t<\/div>\n\t\t\t\t\t\t\t\t<\/div>\n\t\t\t\t\t<\/div>\n\t\t<\/section>\n\t\t\t\t\t\t\t\t\t<\/div>\n\t\t\t<\/div>\n\t\t\t\t\t<\/div>\n\t\t","protected":false},"excerpt":{"rendered":"<p>Si parla spesso di cerimonie laiche di matrimonio o di battesimo, eventi felici e piacevoli! Si sente meno parlare di cerimonie laiche per i funerali, chiamate &#8220;cerimonie di addio&#8221;. Certo, il contesto di questi eventi \u00e8 spiacevole, e se potessero essere evitati, lo faremmo! Ma non \u00e8 cos\u00ec, e tutti avranno vissuto, almeno una volta [&hellip;]<\/p>\n","protected":false},"author":1,"featured_media":0,"parent":0,"menu_order":0,"comment_status":"closed","ping_status":"closed","template":"","meta":{"_vp_format_video_url":"","_vp_image_focal_point":[],"footnotes":""},"class_list":["post-53997","page","type-page","status-publish","hentry"],"amp_enabled":true,"_links":{"self":[{"href":"https:\/\/www.ceremonie-laique.fr\/it\/wp-json\/wp\/v2\/pages\/53997","targetHints":{"allow":["GET"]}}],"collection":[{"href":"https:\/\/www.ceremonie-laique.fr\/it\/wp-json\/wp\/v2\/pages"}],"about":[{"href":"https:\/\/www.ceremonie-laique.fr\/it\/wp-json\/wp\/v2\/types\/page"}],"author":[{"embeddable":true,"href":"https:\/\/www.ceremonie-laique.fr\/it\/wp-json\/wp\/v2\/users\/1"}],"replies":[{"embeddable":true,"href":"https:\/\/www.ceremonie-laique.fr\/it\/wp-json\/wp\/v2\/comments?post=53997"}],"version-history":[{"count":0,"href":"https:\/\/www.ceremonie-laique.fr\/it\/wp-json\/wp\/v2\/pages\/53997\/revisions"}],"wp:attachment":[{"href":"https:\/\/www.ceremonie-laique.fr\/it\/wp-json\/wp\/v2\/media?parent=53997"}],"curies":[{"name":"wp","href":"https:\/\/api.w.org\/{rel}","templated":true}]}}