{"id":54011,"date":"2021-08-11T15:54:42","date_gmt":"2021-08-11T13:54:42","guid":{"rendered":"https:\/\/www.ceremonie-laique.fr\/cerimonia-secular-em-franca\/"},"modified":"2021-08-11T16:14:13","modified_gmt":"2021-08-11T14:14:13","slug":"cerimonia-secular-em-franca","status":"publish","type":"page","link":"https:\/\/www.ceremonie-laique.fr\/pt-pt\/cerimonia-secular-em-franca\/","title":{"rendered":"Cerim\u00f3nia secular em Fran\u00e7a"},"content":{"rendered":"\t\t<div data-elementor-type=\"wp-page\" data-elementor-id=\"54011\" class=\"elementor elementor-54011 elementor-51668\">\n\t\t\t\t\t\t<div class=\"elementor-inner\">\n\t\t\t\t<div class=\"elementor-section-wrap\">\n\t\t\t\t\t\t\t\t\t<section class=\"elementor-section elementor-top-section elementor-element elementor-element-662475f elementor-section-boxed elementor-section-height-default elementor-section-height-default\" data-id=\"662475f\" data-element_type=\"section\">\n\t\t\t\t\t\t<div class=\"elementor-container elementor-column-gap-default\">\n\t\t\t\t\t\t\t<div class=\"elementor-row\">\n\t\t\t\t\t<div class=\"elementor-column elementor-col-100 elementor-top-column elementor-element elementor-element-d819456\" data-id=\"d819456\" data-element_type=\"column\">\n\t\t\t<div class=\"elementor-column-wrap elementor-element-populated\">\n\t\t\t\t\t\t\t<div class=\"elementor-widget-wrap\">\n\t\t\t\t\t\t<div class=\"elementor-element elementor-element-84f0367 elementor-widget elementor-widget-text-editor\" data-id=\"84f0367\" data-element_type=\"widget\" data-widget_type=\"text-editor.default\">\n\t\t\t\t<div class=\"elementor-widget-container\">\n\t\t\t\t\t\t\t\t<div class=\"elementor-text-editor elementor-clearfix\">\n\t\t\t\t<p><img decoding=\"async\" class=\"alignright wp-image-51075 size-full\" src=\"https:\/\/www.ceremonie-laique.fr\/wp-content\/uploads\/2021\/03\/mariage-france.png\" alt=\"\" width=\"147\" height=\"141\" title=\"\">Tour France, vai fazer uma digress\u00e3o pelo Mundo! Poder\u00e1 desfrutar de tantas paisagens quantas os lugares dispon\u00edveis para garantir um ambiente glamoroso, na moda e, acima de tudo, rom\u00e2ntico! Devido \u00e0 sua tradi\u00e7\u00e3o secular h\u00e1 mais de um s\u00e9culo, a Fran\u00e7a \u00e9 tamb\u00e9m o pa\u00eds que integrou o pr\u00f3prio conceito de cerim\u00f3nia simb\u00f3lica (ver este artigo), inspirada pela decora\u00e7\u00e3o particularmente est\u00e9tica dos casamentos americanos (que, por outro lado, s\u00e3o oficiais!).<\/p>\n<p>Sejam quais forem os casos, as possibilidades de cerim\u00f3nias s\u00e3o ilimitadas, a Fran\u00e7a \u00e9 o lugar perfeito para realizar um casamento: castelos, praias, lagos, montanhas, campos de oliveiras ou lavanda, quintas r\u00fasticas, tesouros arquitect\u00f3nicos e aldeias aut\u00eanticas, para n\u00e3o falar das est\u00e2ncias de esqui!<\/p>\n<p>Localiza\u00e7\u00f5es populares para uma cerim\u00f3nia secular incluem os chateaux do Loire, os Alpilles e Luberon, os Alpes franceses, o campo da Borgonha, as vinhas de Bord\u00e9us, a Bretanha, a Proven\u00e7a e, claro, a C\u00f4te d&#8217;Azur!<\/p>\n\t\t\t\t\t<\/div>\n\t\t\t\t\t\t<\/div>\n\t\t\t\t<\/div>\n\t\t\t\t\t\t<\/div>\n\t\t\t\t\t<\/div>\n\t\t<\/div>\n\t\t\t\t\t\t\t\t<\/div>\n\t\t\t\t\t<\/div>\n\t\t<\/section>\n\t\t\t\t<section class=\"elementor-section elementor-top-section elementor-element elementor-element-7eb1c59 elementor-section-boxed elementor-section-height-default elementor-section-height-default\" data-id=\"7eb1c59\" data-element_type=\"section\">\n\t\t\t\t\t\t<div class=\"elementor-container elementor-column-gap-default\">\n\t\t\t\t\t\t\t<div class=\"elementor-row\">\n\t\t\t\t\t<div class=\"elementor-column elementor-col-100 elementor-top-column elementor-element elementor-element-f4ebc77\" data-id=\"f4ebc77\" data-element_type=\"column\">\n\t\t\t<div class=\"elementor-column-wrap elementor-element-populated\">\n\t\t\t\t\t\t\t<div class=\"elementor-widget-wrap\">\n\t\t\t\t\t\t<div class=\"elementor-element elementor-element-307ca4d elementor-widget elementor-widget-listeo-headline\" data-id=\"307ca4d\" data-element_type=\"widget\" data-widget_type=\"listeo-headline.default\">\n\t\t\t\t<div class=\"elementor-widget-container\">\n\t\t\t\t\t<h3 \n\t\tstyle=\"text-align:center;\" class=\"headline  headline-aligned-to-center headline-extra-spacing headline-box \"> Celebrantes em Fran\u00e7a <\/h3>\n\t\t\t\t<\/div>\n\t\t\t\t<\/div>\n\t\t\t\t<div class=\"elementor-element elementor-element-08e385c elementor-widget elementor-widget-listeo-listings\" data-id=\"08e385c\" data-element_type=\"widget\" data-widget_type=\"listeo-listings.default\">\n\t\t\t\t<div class=\"elementor-widget-container\">\n\t\t\t\n\t\t\t<div class=\"row margin-bottom-25\">\n\n\t\t\t\t\n\n\n<!-- Sorting \/ Layout Switcher -->\n\t\t<div class=\"col-md-12\">\n\t\t\t\t<div class=\"fullwidth-filters  ajax-search \">\n\n\t\t\t\n\t\t\t\n\t\t\t\t\t\t\t<!-- Sort by -->\n\t\t\t\t<div class=\"sort-by\">\n\t\t\t\t\t<div class=\"sort-by-select\">\n\t\t\t\t\t\t\t\t\t\t\t\t<select form=\"listeo_core-search-form\" name=\"listeo_core_order\" data-placeholder=\"Ordem por defeito\" class=\"select2-sortby orderby\">\n\t\t\t\t\t\t\t<option  value=\"default\">Ordem por defeito<\/option>\n\t\t\t\t\t\t\t<option  value=\"highest-rated\">Mais alto<\/option>\n\t\t\t\t\t\t\t\t\t\t\t\t\t\t\t<option  value=\"reviewed\">Mais Revisadas<\/option>\n\t\t\t\t\t\t\t\t\t\t\t\t\t\t<option  value=\"date-desc\">A mais recente<\/option>\n\t\t\t\t\t\t\t<option  value=\"date-asc\">Antigos an\u00fancios<\/option>\n\t\t\t\t\t\t\t<option  value=\"title\">Ordem alfab\u00e9tica<\/option>\n\t\t\t\t\t\t\t<option  selected='selected' value=\"featured\">Destaque<\/option>\n\t\t\t\t\t\t\t<option  value=\"views\">A maioria das vis\u00f5es<\/option>\n\t\t\t\t\t\t\t<option  value=\"verified\">Verified<\/option>\n\t\t\t\t\t\t\t<option  value=\"upcoming-event\">Upcoming Event<\/option>\n\t\t\t\t\t\t\t<option  value=\"rand\">Aleat\u00f3rio<\/option>\n\t\t\t\t\t\t<\/select>\n\t\t\t\t\t<\/div>\n\t\t\t\t<\/div>\n\t\t\t\t<!-- Sort by \/ End -->\n\t\t\t\n\t\t<\/div>\n\t\t<\/div>\t\t\t<\/div>\n\t\t<div id=\"listeo-listings-container\">\r\n\t\t\t\t\t\t\t<div class=\"loader-ajax-container\" style=\"\"> <div class=\"loader-ajax\"><\/div> <\/div>\r\n<section id=\"listings-not-found\" class=\"margin-bottom-50 col-md-12\">\r\n\t<h2>N\u00e3o foram encontrados profissionais<\/h2>\r\n\t<p>Lamentamos, mas n\u00e3o temos profissionais que correspondam \u00e0 sua pesquisa. Por favor, tente alterar os seus par\u00e2metros de pesquisa.<\/p>\r\n<\/section>\r\n<\/div>\t\t<\/div>\n\t\t\t\t<\/div>\n\t\t\t\t\t\t<\/div>\n\t\t\t\t\t<\/div>\n\t\t<\/div>\n\t\t\t\t\t\t\t\t<\/div>\n\t\t\t\t\t<\/div>\n\t\t<\/section>\n\t\t\t\t<section class=\"elementor-section elementor-top-section elementor-element elementor-element-1df7965 elementor-section-boxed elementor-section-height-default elementor-section-height-default\" data-id=\"1df7965\" data-element_type=\"section\">\n\t\t\t\t\t\t<div class=\"elementor-container elementor-column-gap-default\">\n\t\t\t\t\t\t\t<div class=\"elementor-row\">\n\t\t\t\t\t<div class=\"elementor-column elementor-col-100 elementor-top-column elementor-element elementor-element-1e33cdf\" data-id=\"1e33cdf\" data-element_type=\"column\">\n\t\t\t<div class=\"elementor-column-wrap elementor-element-populated\">\n\t\t\t\t\t\t\t<div class=\"elementor-widget-wrap\">\n\t\t\t\t\t\t<div class=\"elementor-element elementor-element-e29267c elementor-widget elementor-widget-listeo-headline\" data-id=\"e29267c\" data-element_type=\"widget\" data-widget_type=\"listeo-headline.default\">\n\t\t\t\t<div class=\"elementor-widget-container\">\n\t\t\t\t\t<h3 \n\t\tstyle=\"text-align:center;\" class=\"headline  headline-aligned-to-center headline-extra-spacing headline-box \"> Planificadores de casamentos em Fran\u00e7a <\/h3>\n\t\t\t\t<\/div>\n\t\t\t\t<\/div>\n\t\t\t\t<div class=\"elementor-element elementor-element-c04a487 elementor-widget elementor-widget-listeo-listings\" data-id=\"c04a487\" data-element_type=\"widget\" data-widget_type=\"listeo-listings.default\">\n\t\t\t\t<div class=\"elementor-widget-container\">\n\t\t\t\n\t\t\t<div class=\"row margin-bottom-25\">\n\n\t\t\t\t\n\n\n<!-- Sorting \/ Layout Switcher -->\n\t\t<div class=\"col-md-12\">\n\t\t\t\t<div class=\"fullwidth-filters  ajax-search \">\n\n\t\t\t\n\t\t\t\n\t\t\t\t\t\t\t<!-- Sort by -->\n\t\t\t\t<div class=\"sort-by\">\n\t\t\t\t\t<div class=\"sort-by-select\">\n\t\t\t\t\t\t\t\t\t\t\t\t<select form=\"listeo_core-search-form\" name=\"listeo_core_order\" data-placeholder=\"Ordem por defeito\" class=\"select2-sortby orderby\">\n\t\t\t\t\t\t\t<option  value=\"default\">Ordem por defeito<\/option>\n\t\t\t\t\t\t\t<option  value=\"highest-rated\">Mais alto<\/option>\n\t\t\t\t\t\t\t\t\t\t\t\t\t\t\t<option  value=\"reviewed\">Mais Revisadas<\/option>\n\t\t\t\t\t\t\t\t\t\t\t\t\t\t<option  value=\"date-desc\">A mais recente<\/option>\n\t\t\t\t\t\t\t<option  value=\"date-asc\">Antigos an\u00fancios<\/option>\n\t\t\t\t\t\t\t<option  value=\"title\">Ordem alfab\u00e9tica<\/option>\n\t\t\t\t\t\t\t<option  selected='selected' value=\"featured\">Destaque<\/option>\n\t\t\t\t\t\t\t<option  value=\"views\">A maioria das vis\u00f5es<\/option>\n\t\t\t\t\t\t\t<option  value=\"verified\">Verified<\/option>\n\t\t\t\t\t\t\t<option  value=\"upcoming-event\">Upcoming Event<\/option>\n\t\t\t\t\t\t\t<option  value=\"rand\">Aleat\u00f3rio<\/option>\n\t\t\t\t\t\t<\/select>\n\t\t\t\t\t<\/div>\n\t\t\t\t<\/div>\n\t\t\t\t<!-- Sort by \/ End -->\n\t\t\t\n\t\t<\/div>\n\t\t<\/div>\t\t\t<\/div>\n\t\t<div id=\"listeo-listings-container\">\r\n\t\t\t\t\t\t\t<div class=\"loader-ajax-container\" style=\"\"> <div class=\"loader-ajax\"><\/div> <\/div>\r\n<section id=\"listings-not-found\" class=\"margin-bottom-50 col-md-12\">\r\n\t<h2>N\u00e3o foram encontrados profissionais<\/h2>\r\n\t<p>Lamentamos, mas n\u00e3o temos profissionais que correspondam \u00e0 sua pesquisa. Por favor, tente alterar os seus par\u00e2metros de pesquisa.<\/p>\r\n<\/section>\r\n<\/div>\t\t<\/div>\n\t\t\t\t<\/div>\n\t\t\t\t\t\t<\/div>\n\t\t\t\t\t<\/div>\n\t\t<\/div>\n\t\t\t\t\t\t\t\t<\/div>\n\t\t\t\t\t<\/div>\n\t\t<\/section>\n\t\t\t\t<section class=\"elementor-section elementor-top-section elementor-element elementor-element-9d9aeb3 elementor-section-boxed elementor-section-height-default elementor-section-height-default\" data-id=\"9d9aeb3\" data-element_type=\"section\">\n\t\t\t\t\t\t<div class=\"elementor-container elementor-column-gap-default\">\n\t\t\t\t\t\t\t<div class=\"elementor-row\">\n\t\t\t\t\t<div class=\"elementor-column elementor-col-100 elementor-top-column elementor-element elementor-element-c5d8d69\" data-id=\"c5d8d69\" data-element_type=\"column\">\n\t\t\t<div class=\"elementor-column-wrap elementor-element-populated\">\n\t\t\t\t\t\t\t<div class=\"elementor-widget-wrap\">\n\t\t\t\t\t\t<div class=\"elementor-element elementor-element-9b07078 elementor-widget elementor-widget-listeo-headline\" data-id=\"9b07078\" data-element_type=\"widget\" data-widget_type=\"listeo-headline.default\">\n\t\t\t\t<div class=\"elementor-widget-container\">\n\t\t\t\t\t<h3 \n\t\tstyle=\"text-align:center;\" class=\"headline  headline-aligned-to-center headline-extra-spacing headline-box \"> Oficiais funer\u00e1rios <\/h3>\n\t\t\t\t<\/div>\n\t\t\t\t<\/div>\n\t\t\t\t<div class=\"elementor-element elementor-element-e90afb6 elementor-widget elementor-widget-listeo-listings\" data-id=\"e90afb6\" data-element_type=\"widget\" data-widget_type=\"listeo-listings.default\">\n\t\t\t\t<div class=\"elementor-widget-container\">\n\t\t\t\n\t\t\t<div class=\"row margin-bottom-25\">\n\n\t\t\t\t\n\n\n<!-- Sorting \/ Layout Switcher -->\n\t\t<div class=\"col-md-12\">\n\t\t\t\t<div class=\"fullwidth-filters  ajax-search \">\n\n\t\t\t\n\t\t\t\n\t\t\t\t\t\t\t<!-- Sort by -->\n\t\t\t\t<div class=\"sort-by\">\n\t\t\t\t\t<div class=\"sort-by-select\">\n\t\t\t\t\t\t\t\t\t\t\t\t<select form=\"listeo_core-search-form\" name=\"listeo_core_order\" data-placeholder=\"Ordem por defeito\" class=\"select2-sortby orderby\">\n\t\t\t\t\t\t\t<option  value=\"default\">Ordem por defeito<\/option>\n\t\t\t\t\t\t\t<option  value=\"highest-rated\">Mais alto<\/option>\n\t\t\t\t\t\t\t\t\t\t\t\t\t\t\t<option  value=\"reviewed\">Mais Revisadas<\/option>\n\t\t\t\t\t\t\t\t\t\t\t\t\t\t<option  value=\"date-desc\">A mais recente<\/option>\n\t\t\t\t\t\t\t<option  value=\"date-asc\">Antigos an\u00fancios<\/option>\n\t\t\t\t\t\t\t<option  value=\"title\">Ordem alfab\u00e9tica<\/option>\n\t\t\t\t\t\t\t<option  selected='selected' value=\"featured\">Destaque<\/option>\n\t\t\t\t\t\t\t<option  value=\"views\">A maioria das vis\u00f5es<\/option>\n\t\t\t\t\t\t\t<option  value=\"verified\">Verified<\/option>\n\t\t\t\t\t\t\t<option  value=\"upcoming-event\">Upcoming Event<\/option>\n\t\t\t\t\t\t\t<option  value=\"rand\">Aleat\u00f3rio<\/option>\n\t\t\t\t\t\t<\/select>\n\t\t\t\t\t<\/div>\n\t\t\t\t<\/div>\n\t\t\t\t<!-- Sort by \/ End -->\n\t\t\t\n\t\t<\/div>\n\t\t<\/div>\t\t\t<\/div>\n\t\t<div id=\"listeo-listings-container\">\r\n\t\t\t\t\t\t\t<div class=\"loader-ajax-container\" style=\"\"> <div class=\"loader-ajax\"><\/div> <\/div>\r\n<section id=\"listings-not-found\" class=\"margin-bottom-50 col-md-12\">\r\n\t<h2>N\u00e3o foram encontrados profissionais<\/h2>\r\n\t<p>Lamentamos, mas n\u00e3o temos profissionais que correspondam \u00e0 sua pesquisa. Por favor, tente alterar os seus par\u00e2metros de pesquisa.<\/p>\r\n<\/section>\r\n<\/div>\t\t<\/div>\n\t\t\t\t<\/div>\n\t\t\t\t\t\t<\/div>\n\t\t\t\t\t<\/div>\n\t\t<\/div>\n\t\t\t\t\t\t\t\t<\/div>\n\t\t\t\t\t<\/div>\n\t\t<\/section>\n\t\t\t\t<section class=\"elementor-section elementor-top-section elementor-element elementor-element-b162233 elementor-section-boxed elementor-section-height-default elementor-section-height-default\" data-id=\"b162233\" data-element_type=\"section\">\n\t\t\t\t\t\t<div class=\"elementor-container elementor-column-gap-default\">\n\t\t\t\t\t\t\t<div class=\"elementor-row\">\n\t\t\t\t\t<div class=\"elementor-column elementor-col-100 elementor-top-column elementor-element elementor-element-e1af4e9\" data-id=\"e1af4e9\" data-element_type=\"column\">\n\t\t\t<div class=\"elementor-column-wrap elementor-element-populated\">\n\t\t\t\t\t\t\t<div class=\"elementor-widget-wrap\">\n\t\t\t\t\t\t<div class=\"elementor-element elementor-element-ffd1df5 elementor-widget elementor-widget-listeo-headline\" data-id=\"ffd1df5\" data-element_type=\"widget\" data-widget_type=\"listeo-headline.default\">\n\t\t\t\t<div class=\"elementor-widget-container\">\n\t\t\t\t\t<h3 \n\t\tstyle=\"text-align:center;\" class=\"headline  headline-aligned-to-center headline-extra-spacing headline-box \"> Forma\u00e7\u00e3o e coaching <\/h3>\n\t\t\t\t<\/div>\n\t\t\t\t<\/div>\n\t\t\t\t<div class=\"elementor-element elementor-element-660d9cf elementor-widget elementor-widget-listeo-listings\" data-id=\"660d9cf\" data-element_type=\"widget\" data-widget_type=\"listeo-listings.default\">\n\t\t\t\t<div class=\"elementor-widget-container\">\n\t\t\t\n\t\t\t<div class=\"row margin-bottom-25\">\n\n\t\t\t\t\n\n\n<!-- Sorting \/ Layout Switcher -->\n\t\t<div class=\"col-md-12\">\n\t\t\t\t<div class=\"fullwidth-filters  ajax-search \">\n\n\t\t\t\n\t\t\t\n\t\t\t\t\t\t\t<!-- Sort by -->\n\t\t\t\t<div class=\"sort-by\">\n\t\t\t\t\t<div class=\"sort-by-select\">\n\t\t\t\t\t\t\t\t\t\t\t\t<select form=\"listeo_core-search-form\" name=\"listeo_core_order\" data-placeholder=\"Ordem por defeito\" class=\"select2-sortby orderby\">\n\t\t\t\t\t\t\t<option  value=\"default\">Ordem por defeito<\/option>\n\t\t\t\t\t\t\t<option  value=\"highest-rated\">Mais alto<\/option>\n\t\t\t\t\t\t\t\t\t\t\t\t\t\t\t<option  value=\"reviewed\">Mais Revisadas<\/option>\n\t\t\t\t\t\t\t\t\t\t\t\t\t\t<option  value=\"date-desc\">A mais recente<\/option>\n\t\t\t\t\t\t\t<option  value=\"date-asc\">Antigos an\u00fancios<\/option>\n\t\t\t\t\t\t\t<option  value=\"title\">Ordem alfab\u00e9tica<\/option>\n\t\t\t\t\t\t\t<option  selected='selected' value=\"featured\">Destaque<\/option>\n\t\t\t\t\t\t\t<option  value=\"views\">A maioria das vis\u00f5es<\/option>\n\t\t\t\t\t\t\t<option  value=\"verified\">Verified<\/option>\n\t\t\t\t\t\t\t<option  value=\"upcoming-event\">Upcoming Event<\/option>\n\t\t\t\t\t\t\t<option  value=\"rand\">Aleat\u00f3rio<\/option>\n\t\t\t\t\t\t<\/select>\n\t\t\t\t\t<\/div>\n\t\t\t\t<\/div>\n\t\t\t\t<!-- Sort by \/ End -->\n\t\t\t\n\t\t<\/div>\n\t\t<\/div>\t\t\t<\/div>\n\t\t<div id=\"listeo-listings-container\">\r\n\t\t\t\t\t\t\t<div class=\"loader-ajax-container\" style=\"\"> <div class=\"loader-ajax\"><\/div> <\/div>\r\n<section id=\"listings-not-found\" class=\"margin-bottom-50 col-md-12\">\r\n\t<h2>N\u00e3o foram encontrados profissionais<\/h2>\r\n\t<p>Lamentamos, mas n\u00e3o temos profissionais que correspondam \u00e0 sua pesquisa. Por favor, tente alterar os seus par\u00e2metros de pesquisa.<\/p>\r\n<\/section>\r\n<\/div>\t\t<\/div>\n\t\t\t\t<\/div>\n\t\t\t\t\t\t<\/div>\n\t\t\t\t\t<\/div>\n\t\t<\/div>\n\t\t\t\t\t\t\t\t<\/div>\n\t\t\t\t\t<\/div>\n\t\t<\/section>\n\t\t\t\t\t\t\t\t\t<\/div>\n\t\t\t<\/div>\n\t\t\t\t\t<\/div>\n\t\t","protected":false},"excerpt":{"rendered":"<p>Tour France, vai fazer uma digress\u00e3o pelo Mundo! Poder\u00e1 desfrutar de tantas paisagens quantas os lugares dispon\u00edveis para garantir um ambiente glamoroso, na moda e, acima de tudo, rom\u00e2ntico! Devido \u00e0 sua tradi\u00e7\u00e3o secular h\u00e1 mais de um s\u00e9culo, a Fran\u00e7a \u00e9 tamb\u00e9m o pa\u00eds que integrou o pr\u00f3prio conceito de cerim\u00f3nia simb\u00f3lica (ver este [&hellip;]<\/p>\n","protected":false},"author":1,"featured_media":0,"parent":0,"menu_order":0,"comment_status":"closed","ping_status":"closed","template":"","meta":{"_vp_format_video_url":"","_vp_image_focal_point":[],"footnotes":""},"class_list":["post-54011","page","type-page","status-publish","hentry"],"amp_enabled":true,"_links":{"self":[{"href":"https:\/\/www.ceremonie-laique.fr\/pt-pt\/wp-json\/wp\/v2\/pages\/54011","targetHints":{"allow":["GET"]}}],"collection":[{"href":"https:\/\/www.ceremonie-laique.fr\/pt-pt\/wp-json\/wp\/v2\/pages"}],"about":[{"href":"https:\/\/www.ceremonie-laique.fr\/pt-pt\/wp-json\/wp\/v2\/types\/page"}],"author":[{"embeddable":true,"href":"https:\/\/www.ceremonie-laique.fr\/pt-pt\/wp-json\/wp\/v2\/users\/1"}],"replies":[{"embeddable":true,"href":"https:\/\/www.ceremonie-laique.fr\/pt-pt\/wp-json\/wp\/v2\/comments?post=54011"}],"version-history":[{"count":0,"href":"https:\/\/www.ceremonie-laique.fr\/pt-pt\/wp-json\/wp\/v2\/pages\/54011\/revisions"}],"wp:attachment":[{"href":"https:\/\/www.ceremonie-laique.fr\/pt-pt\/wp-json\/wp\/v2\/media?parent=54011"}],"curies":[{"name":"wp","href":"https:\/\/api.w.org\/{rel}","templated":true}]}}